{"id":9343,"date":"2026-03-02T15:05:09","date_gmt":"2026-03-02T14:05:09","guid":{"rendered":"https:\/\/sciences.brussels\/printemps\/?page_id=9343"},"modified":"2026-03-02T15:23:32","modified_gmt":"2026-03-02T14:23:32","slug":"soirees-de-la-faculte-des-sciences","status":"publish","type":"page","link":"https:\/\/sciences.brussels\/printemps\/soirees-de-la-faculte-des-sciences\/","title":{"rendered":"Soir\u00e9es de la Facult\u00e9 des Sciences"},"content":{"rendered":"<div class='css-events-list'><table cellpadding=\"15\" cellspacing=\"15\" vertical-align=\"top\" style=\"border-collapse:collapse;\"><tr onclick=\"location.href='https:\/\/sciences.brussels\/printemps\/events\/exposition-des-sciences-2026-25-ans-de-culture-scientifique\/'\" class=\"hvr-sink2\">\r\n<td width=\"20%\" style=\"border-bottom: 0px solid #ffffff !important; border-top: 0px solid #ffffff !important; background-image:url(https:\/\/sciences.brussels\/printemps\/wp-content\/uploads\/sites\/2\/2026\/01\/Carre_PDS264.jpg); background-repeat:no-repeat; background-size:cover; background-position: center; \" >\r\n\r\n<div class=\"calendrier startdate\" style=\"background: rgba(108, 80, 152, 0.8); padding: 2% 0% 3% 0%;font-size:25px;color: white;text-transform: uppercase;letter-spacing: 1px; width:40px; display:inline-block; text-align:center !important;line-height: 15px;font-weight: bold;\";><small style=\"line-height:2;font-size:12px\" class=\"emsmall\">lun<\/small><br>23 <small class=\"emsmall\"><small class=\"emsmall\"><small class=\"emsmall\"><small class=\"emsmall\">Mar<\/small> <\/small><\/small><\/small><small class=\"emsmall\"><small class=\"emsmall\"><small class=\"emsmall\">2026<\/small><\/small><\/small><\/div>\r\n\r\n<div class=\"calendrier enddate\" style=\"background: rgba(255, 172, 30, 0.8); padding:  2% 0% 3% 0%;font-size:25px;color: white;text-transform: uppercase;letter-spacing: 1px; width:40px; display:inline-block; text-align:center !important;line-height: 15px;font-weight: bold;\";><small style=\"line-height:2;font-size:12px;padding:0 0 5px 0\" class=\"emsmall\">dim<br><\/small>29 <small class=\"emsmall\"><small class=\"emsmall\"><small class=\"emsmall\"><small class=\"emsmall\">Mar <\/small><\/small><\/small><\/small><small class=\"emsmall\"><small class=\"emsmall\"><small class=\"emsmall\">2026<\/small><\/small><\/small><\/div>\r\n\r\n\r\n<\/td><td style=\"border-bottom: 0px solid #ffffff !important; border-top: 0px solid #ffffff !important; bgcolor: lightyellow; \"\/>\r\n<td style=\"border-bottom: 0px solid #ffffff !important; border-top: 0px solid #ffffff !important; bgcolor: lightyellow; \">\r\n\r\n<h3>Exposition des Sciences 2026 : 25 ans de culture scientifique ! <\/h3>\r\n\r\n<h3><small class=\"emsmall\"><span style=\"background: orange; padding: 4px;font:size18px;color: white;text-transform: uppercase;\";>Exposition<\/span> <span style=\"background: #6c5098; padding: 4px;font:size18px;color: white\";>Enseignants<\/span> <span style=\"background: #6c5098; padding: 4px;font:size18px;color: white\";>Primaire<\/span><span style=\"background: orange; padding: 4px;font:size18px;color: white\";>5<\/span><span style=\"background: orange; padding: 4px;font:size18px;color: white\";>6<\/span> <span style=\"background: #6c5098; padding: 4px;font:size18px;color: white\";>Secondaire<\/span><span style=\"background: orange; padding: 4px;font:size18px;color: white\";>1<\/span><span style=\"background: orange; padding: 4px;font:size18px;color: white\";>2<\/span><span style=\"background: orange; padding: 4px;font:size18px;color: white\";>3<\/span><span style=\"background: orange; padding: 4px;font:size18px;color: white\";>4<\/span><span style=\"background: orange; padding: 4px;font:size18px;color: white\";>5<\/span><span style=\"background: orange; padding: 4px;font:size18px;color: white\";>6<\/span><span style=\"background: orange; padding: 4px;font:size18px;color: white\";>7<\/span> <span style=\"background: #6c5098; padding: 4px;font:size18px;color: white\";>\u00c9tudiants<\/span> <span style=\"background: #6c5098; padding: 4px;font:size18px;color: white\";>Familles<\/span> <span style=\"background: #6c5098; padding: 4px;font:size18px;color: white\";>Passionn\u00e9s<\/span><\/small><\/h3>\r\n<h3><small class=\"emsmall\"><span style=\"background: orange; padding: 4px;font:size18px;color: white;\";><i class=\"fa icon-clock\"><\/i>Voir horaires d'ouverture<\/span> <span style=\"background: #6c5098; padding: 4px;font:size18px;color: white;\";><i class=\"fa icon-location-outline\"><\/i>ULB Campus du Solbosch &#8211; B\u00e2timent S, 1050 Bruxelles<\/span> <\/small><\/h3>\r\n<\/td>\r\n\r\n        <\/tr><tr><td col-span=\"2\" style=\"border-bottom: 0px solid #ffffff !important; border-top: 0px solid #ffffff !important; bgcolor: lightyellow; \"\/><\/tr>\r\n<tr onclick=\"location.href='https:\/\/sciences.brussels\/printemps\/events\/soiree-dinauguration-jane-goodall-une-vie-pour-le-vivant\/'\" class=\"hvr-sink2\">\r\n<td width=\"20%\" style=\"border-bottom: 0px solid #ffffff !important; border-top: 0px solid #ffffff !important; background-image:url(https:\/\/sciences.brussels\/printemps\/wp-content\/uploads\/sites\/2\/2026\/02\/87ce3b0f77ce938a38b174f22bb8ac2cJane-Dec-2018-Paris-Vincent-Calmel.jpg); background-repeat:no-repeat; background-size:cover; background-position: center; \" >\r\n\r\n<div class=\"calendrier startdate\" style=\"background: rgba(108, 80, 152, 0.8); padding: 2% 0% 3% 0%;font-size:25px;color: white;text-transform: uppercase;letter-spacing: 1px; width:40px; display:inline-block; text-align:center !important;line-height: 15px;font-weight: bold;\";><small style=\"line-height:2;font-size:12px\" class=\"emsmall\">lun<\/small><br>23 <small class=\"emsmall\"><small class=\"emsmall\"><small class=\"emsmall\"><small class=\"emsmall\">Mar<\/small> <\/small><\/small><\/small><small class=\"emsmall\"><small class=\"emsmall\"><small class=\"emsmall\">2026<\/small><\/small><\/small><\/div>\r\n\r\n\r\n\r\n\r\n<\/td><td style=\"border-bottom: 0px solid #ffffff !important; border-top: 0px solid #ffffff !important; bgcolor: lightyellow; \"\/>\r\n<td style=\"border-bottom: 0px solid #ffffff !important; border-top: 0px solid #ffffff !important; bgcolor: lightyellow; \">\r\n\r\n<h3>Soir\u00e9e d&rsquo;inauguration : Jane Goodall, une vie pour le vivant <\/h3>\r\n\r\n<h3><small class=\"emsmall\"><span style=\"background: orange; padding: 4px;font:size18px;color: white;text-transform: uppercase;\";>Cin\u00e9-d\u00e9bat<\/span> <span style=\"background: #6c5098; padding: 4px;font:size18px;color: white\";>Enseignants<\/span> <span style=\"background: #6c5098; padding: 4px;font:size18px;color: white\";>\u00c9tudiants<\/span> <span style=\"background: #6c5098; padding: 4px;font:size18px;color: white\";>Familles<\/span> <span style=\"background: #6c5098; padding: 4px;font:size18px;color: white\";>Passionn\u00e9s<\/span><\/small><\/h3>\r\n<h3><small class=\"emsmall\"><span style=\"background: orange; padding: 4px;font:size18px;color: white;\";><i class=\"fa icon-clock\"><\/i>19h30 > 22h30<\/span><span style=\"background: orange; padding: 4px;font:size18px;color: white;\";><i class=\"fa icon-clock\"><\/i>Accueil \u00e0 19h30<\/span> <span style=\"background: #6c5098; padding: 4px;font:size18px;color: white;\";><i class=\"fa icon-location-outline\"><\/i>ULB Campus du Solbosch &#8211; B\u00e2timent S, 1050 Bruxelles<\/span> <\/small><\/h3>\r\n<\/td>\r\n\r\n        <\/tr><tr><td col-span=\"2\" style=\"border-bottom: 0px solid #ffffff !important; border-top: 0px solid #ffffff !important; bgcolor: lightyellow; \"\/><\/tr>\r\n<tr onclick=\"location.href='https:\/\/sciences.brussels\/printemps\/events\/soiree-physique-lanecdote-et-lunivers\/'\" class=\"hvr-sink2\">\r\n<td width=\"20%\" style=\"border-bottom: 0px solid #ffffff !important; border-top: 0px solid #ffffff !important; background-image:url(https:\/\/sciences.brussels\/printemps\/wp-content\/uploads\/sites\/2\/2026\/02\/lanecdote-et-lunivers-5.webp); background-repeat:no-repeat; background-size:cover; background-position: center; \" >\r\n\r\n<div class=\"calendrier startdate\" style=\"background: rgba(108, 80, 152, 0.8); padding: 2% 0% 3% 0%;font-size:25px;color: white;text-transform: uppercase;letter-spacing: 1px; width:40px; display:inline-block; text-align:center !important;line-height: 15px;font-weight: bold;\";><small style=\"line-height:2;font-size:12px\" class=\"emsmall\">mar<\/small><br>24 <small class=\"emsmall\"><small class=\"emsmall\"><small class=\"emsmall\"><small class=\"emsmall\">Mar<\/small> <\/small><\/small><\/small><small class=\"emsmall\"><small class=\"emsmall\"><small class=\"emsmall\">2026<\/small><\/small><\/small><\/div>\r\n\r\n\r\n\r\n\r\n<\/td><td style=\"border-bottom: 0px solid #ffffff !important; border-top: 0px solid #ffffff !important; bgcolor: lightyellow; \"\/>\r\n<td style=\"border-bottom: 0px solid #ffffff !important; border-top: 0px solid #ffffff !important; bgcolor: lightyellow; \">\r\n\r\n<h3>Soir\u00e9e \u00ab\u00a0Physique\u00a0\u00bb : L&rsquo;anecdote et l&rsquo;univers <small class=\"emsmall\"> par la compagnie De Capes et de Mots <\/small><\/h3>\r\n\r\n<h3><small class=\"emsmall\"><span style=\"background: orange; padding: 4px;font:size18px;color: white;text-transform: uppercase;\";>Spectacle-d\u00e9bat<\/span> <span style=\"background: #6c5098; padding: 4px;font:size18px;color: white\";>Enseignants<\/span> <span style=\"background: #6c5098; padding: 4px;font:size18px;color: white\";>\u00c9tudiants<\/span> <span style=\"background: #6c5098; padding: 4px;font:size18px;color: white\";>Familles<\/span> <span style=\"background: #6c5098; padding: 4px;font:size18px;color: white\";>Passionn\u00e9s<\/span><\/small><\/h3>\r\n<h3><small class=\"emsmall\"><span style=\"background: orange; padding: 4px;font:size18px;color: white;\";><i class=\"fa icon-clock\"><\/i>19h00 > 21h30<\/span><span style=\"background: orange; padding: 4px;font:size18px;color: white;\";><i class=\"fa icon-clock\"><\/i>Ouverture des portes \u00e0 18h30<\/span> <span style=\"background: #6c5098; padding: 4px;font:size18px;color: white;\";><i class=\"fa icon-location-outline\"><\/i>ULB Campus du Solbosch &#8211; B\u00e2timent S, 1050 Bruxelles<\/span> <\/small><\/h3>\r\n<\/td>\r\n\r\n        <\/tr><tr><td col-span=\"2\" style=\"border-bottom: 0px solid #ffffff !important; border-top: 0px solid #ffffff !important; bgcolor: lightyellow; \"\/><\/tr>\r\n<tr onclick=\"location.href='https:\/\/sciences.brussels\/printemps\/events\/soiree-mathematique-the-man-who-knew-infinity\/'\" class=\"hvr-sink2\">\r\n<td width=\"20%\" style=\"border-bottom: 0px solid #ffffff !important; border-top: 0px solid #ffffff !important; background-image:url(https:\/\/sciences.brussels\/printemps\/wp-content\/uploads\/sites\/2\/2026\/02\/a6477446_6132_4fa4_8705_c0977c56cbcd.jpeg); background-repeat:no-repeat; background-size:cover; background-position: center; \" >\r\n\r\n<div class=\"calendrier startdate\" style=\"background: rgba(108, 80, 152, 0.8); padding: 2% 0% 3% 0%;font-size:25px;color: white;text-transform: uppercase;letter-spacing: 1px; width:40px; display:inline-block; text-align:center !important;line-height: 15px;font-weight: bold;\";><small style=\"line-height:2;font-size:12px\" class=\"emsmall\">mer<\/small><br>25 <small class=\"emsmall\"><small class=\"emsmall\"><small class=\"emsmall\"><small class=\"emsmall\">Mar<\/small> <\/small><\/small><\/small><small class=\"emsmall\"><small class=\"emsmall\"><small class=\"emsmall\">2026<\/small><\/small><\/small><\/div>\r\n\r\n\r\n\r\n\r\n<\/td><td style=\"border-bottom: 0px solid #ffffff !important; border-top: 0px solid #ffffff !important; bgcolor: lightyellow; \"\/>\r\n<td style=\"border-bottom: 0px solid #ffffff !important; border-top: 0px solid #ffffff !important; bgcolor: lightyellow; \">\r\n\r\n<h3>Soir\u00e9e \u00ab\u00a0Math\u00e9matique\u00a0\u00bb :  The man who knew infinity <\/h3>\r\n\r\n<h3><small class=\"emsmall\"><span style=\"background: orange; padding: 4px;font:size18px;color: white;text-transform: uppercase;\";>Cin\u00e9-d\u00e9bat<\/span> <span style=\"background: #6c5098; padding: 4px;font:size18px;color: white\";>Enseignants<\/span> <span style=\"background: #6c5098; padding: 4px;font:size18px;color: white\";>\u00c9tudiants<\/span> <span style=\"background: #6c5098; padding: 4px;font:size18px;color: white\";>Familles<\/span> <span style=\"background: #6c5098; padding: 4px;font:size18px;color: white\";>Passionn\u00e9s<\/span><\/small><\/h3>\r\n<h3><small class=\"emsmall\"><span style=\"background: orange; padding: 4px;font:size18px;color: white;\";><i class=\"fa icon-clock\"><\/i>18h30 > 22h00<\/span> <span style=\"background: #6c5098; padding: 4px;font:size18px;color: white;\";><i class=\"fa icon-location-outline\"><\/i>ULB Campus du Solbosch &#8211; B\u00e2timent S, 1050 Bruxelles<\/span> <\/small><\/h3>\r\n<\/td>\r\n\r\n        <\/tr><tr><td col-span=\"2\" style=\"border-bottom: 0px solid #ffffff !important; border-top: 0px solid #ffffff !important; bgcolor: lightyellow; \"\/><\/tr>\r\n<tr onclick=\"location.href='https:\/\/sciences.brussels\/printemps\/events\/soiree-geologie-magma\/'\" class=\"hvr-sink2\">\r\n<td width=\"20%\" style=\"border-bottom: 0px solid #ffffff !important; border-top: 0px solid #ffffff !important; background-image:url(https:\/\/sciences.brussels\/printemps\/wp-content\/uploads\/sites\/2\/2026\/02\/d2c4816e-513f-4032-b3cf-411c9cd08044.jpeg); background-repeat:no-repeat; background-size:cover; background-position: center; \" >\r\n\r\n<div class=\"calendrier startdate\" style=\"background: rgba(108, 80, 152, 0.8); padding: 2% 0% 3% 0%;font-size:25px;color: white;text-transform: uppercase;letter-spacing: 1px; width:40px; display:inline-block; text-align:center !important;line-height: 15px;font-weight: bold;\";><small style=\"line-height:2;font-size:12px\" class=\"emsmall\">jeu<\/small><br>26 <small class=\"emsmall\"><small class=\"emsmall\"><small class=\"emsmall\"><small class=\"emsmall\">Mar<\/small> <\/small><\/small><\/small><small class=\"emsmall\"><small class=\"emsmall\"><small class=\"emsmall\">2026<\/small><\/small><\/small><\/div>\r\n\r\n\r\n\r\n\r\n<\/td><td style=\"border-bottom: 0px solid #ffffff !important; border-top: 0px solid #ffffff !important; bgcolor: lightyellow; \"\/>\r\n<td style=\"border-bottom: 0px solid #ffffff !important; border-top: 0px solid #ffffff !important; bgcolor: lightyellow; \">\r\n\r\n<h3>Soir\u00e9e \u00ab\u00a0G\u00e9ologie\u00a0\u00bb :  Magma <\/h3>\r\n\r\n<h3><small class=\"emsmall\"><span style=\"background: orange; padding: 4px;font:size18px;color: white;text-transform: uppercase;\";>Cin\u00e9-d\u00e9bat<\/span> <span style=\"background: #6c5098; padding: 4px;font:size18px;color: white\";>Enseignants<\/span> <span style=\"background: #6c5098; padding: 4px;font:size18px;color: white\";>\u00c9tudiants<\/span> <span style=\"background: #6c5098; padding: 4px;font:size18px;color: white\";>Familles<\/span> <span style=\"background: #6c5098; padding: 4px;font:size18px;color: white\";>Passionn\u00e9s<\/span><\/small><\/h3>\r\n<h3><small class=\"emsmall\"><span style=\"background: orange; padding: 4px;font:size18px;color: white;\";><i class=\"fa icon-clock\"><\/i>18h30 > 21h30<\/span> <span style=\"background: #6c5098; padding: 4px;font:size18px;color: white;\";><i class=\"fa icon-location-outline\"><\/i>ULB Campus du Solbosch &#8211; B\u00e2timent S, 1050 Bruxelles<\/span> <\/small><\/h3>\r\n<\/td>\r\n\r\n        <\/tr><tr><td col-span=\"2\" style=\"border-bottom: 0px solid #ffffff !important; border-top: 0px solid #ffffff !important; bgcolor: lightyellow; \"\/><\/tr>\r\n<tr onclick=\"location.href='https:\/\/sciences.brussels\/printemps\/events\/soiree-chimie-sciences-en-tete\/'\" class=\"hvr-sink2\">\r\n<td width=\"20%\" style=\"border-bottom: 0px solid #ffffff !important; border-top: 0px solid #ffffff !important; background-image:url(https:\/\/sciences.brussels\/printemps\/wp-content\/uploads\/sites\/2\/2026\/02\/affiche-sport1-petit-scaled-21.png); background-repeat:no-repeat; background-size:cover; background-position: center; \" >\r\n\r\n<div class=\"calendrier startdate\" style=\"background: rgba(108, 80, 152, 0.8); padding: 2% 0% 3% 0%;font-size:25px;color: white;text-transform: uppercase;letter-spacing: 1px; width:40px; display:inline-block; text-align:center !important;line-height: 15px;font-weight: bold;\";><small style=\"line-height:2;font-size:12px\" class=\"emsmall\">ven<\/small><br>27 <small class=\"emsmall\"><small class=\"emsmall\"><small class=\"emsmall\"><small class=\"emsmall\">Mar<\/small> <\/small><\/small><\/small><small class=\"emsmall\"><small class=\"emsmall\"><small class=\"emsmall\">2026<\/small><\/small><\/small><\/div>\r\n\r\n\r\n\r\n\r\n<\/td><td style=\"border-bottom: 0px solid #ffffff !important; border-top: 0px solid #ffffff !important; bgcolor: lightyellow; \"\/>\r\n<td style=\"border-bottom: 0px solid #ffffff !important; border-top: 0px solid #ffffff !important; bgcolor: lightyellow; \">\r\n\r\n<h3>Soir\u00e9e \u00ab\u00a0Physique-Chimie\u00a0\u00bb :  Sciences en t\u00eate <\/h3>\r\n\r\n<h3><small class=\"emsmall\"><span style=\"background: orange; padding: 4px;font:size18px;color: white;text-transform: uppercase;\";>Spectacle<\/span> <span style=\"background: #6c5098; padding: 4px;font:size18px;color: white\";>Enseignants<\/span> <span style=\"background: #6c5098; padding: 4px;font:size18px;color: white\";>\u00c9tudiants<\/span> <span style=\"background: #6c5098; padding: 4px;font:size18px;color: white\";>Familles<\/span> <span style=\"background: #6c5098; padding: 4px;font:size18px;color: white\";>Passionn\u00e9s<\/span><\/small><\/h3>\r\n<h3><small class=\"emsmall\"><span style=\"background: orange; padding: 4px;font:size18px;color: white;\";><i class=\"fa icon-clock\"><\/i>18h30 > 21h00<\/span> <span style=\"background: #6c5098; padding: 4px;font:size18px;color: white;\";><i class=\"fa icon-location-outline\"><\/i>ULB Campus du Solbosch &#8211; B\u00e2timent S, 1050 Bruxelles<\/span> <\/small><\/h3>\r\n<\/td>\r\n\r\n        <\/tr><tr><td col-span=\"2\" style=\"border-bottom: 0px solid #ffffff !important; border-top: 0px solid #ffffff !important; bgcolor: lightyellow; \"\/><\/tr>\r\n<tr onclick=\"location.href='https:\/\/sciences.brussels\/printemps\/events\/soiree-informatique-the-bit-player\/'\" class=\"hvr-sink2\">\r\n<td width=\"20%\" style=\"border-bottom: 0px solid #ffffff !important; border-top: 0px solid #ffffff !important; background-image:url(https:\/\/sciences.brussels\/printemps\/wp-content\/uploads\/sites\/2\/2026\/02\/TheBitPlayer.jpg); background-repeat:no-repeat; background-size:cover; background-position: center; \" >\r\n\r\n<div class=\"calendrier startdate\" style=\"background: rgba(108, 80, 152, 0.8); padding: 2% 0% 3% 0%;font-size:25px;color: white;text-transform: uppercase;letter-spacing: 1px; width:40px; display:inline-block; text-align:center !important;line-height: 15px;font-weight: bold;\";><small style=\"line-height:2;font-size:12px\" class=\"emsmall\">sam<\/small><br>28 <small class=\"emsmall\"><small class=\"emsmall\"><small class=\"emsmall\"><small class=\"emsmall\">Mar<\/small> <\/small><\/small><\/small><small class=\"emsmall\"><small class=\"emsmall\"><small class=\"emsmall\">2026<\/small><\/small><\/small><\/div>\r\n\r\n\r\n\r\n\r\n<\/td><td style=\"border-bottom: 0px solid #ffffff !important; border-top: 0px solid #ffffff !important; bgcolor: lightyellow; \"\/>\r\n<td style=\"border-bottom: 0px solid #ffffff !important; border-top: 0px solid #ffffff !important; bgcolor: lightyellow; \">\r\n\r\n<h3>Soir\u00e9e \u00ab\u00a0Informatique\u00a0\u00bb :  The Bit Player <\/h3>\r\n\r\n<h3><small class=\"emsmall\"><span style=\"background: orange; padding: 4px;font:size18px;color: white;text-transform: uppercase;\";>Cin\u00e9-d\u00e9bat<\/span> <span style=\"background: #6c5098; padding: 4px;font:size18px;color: white\";>Enseignants<\/span> <span style=\"background: #6c5098; padding: 4px;font:size18px;color: white\";>\u00c9tudiants<\/span> <span style=\"background: #6c5098; padding: 4px;font:size18px;color: white\";>Familles<\/span> <span style=\"background: #6c5098; padding: 4px;font:size18px;color: white\";>Passionn\u00e9s<\/span><\/small><\/h3>\r\n<h3><small class=\"emsmall\"><span style=\"background: orange; padding: 4px;font:size18px;color: white;\";><i class=\"fa icon-clock\"><\/i>18h30 > 21h30<\/span> <span style=\"background: #6c5098; padding: 4px;font:size18px;color: white;\";><i class=\"fa icon-location-outline\"><\/i>ULB Campus du Solbosch &#8211; B\u00e2timent S, 1050 Bruxelles<\/span> <\/small><\/h3>\r\n<\/td>\r\n\r\n        <\/tr><tr><td col-span=\"2\" style=\"border-bottom: 0px solid #ffffff !important; border-top: 0px solid #ffffff !important; bgcolor: lightyellow; \"\/><\/tr>\r\n<\/table>\r\n<!-- <form class=\"returnbutton\">\r\n  <input type=\"button\" value=\"Retour\" onclick=\"history.back()\">\r\n<\/form>\r\n--!><\/div>\n","protected":false},"excerpt":{"rendered":"<p>lun23 Mar 2026 dim29 Mar 2026 Exposition des Sciences 2026 : 25 ans de culture scientifique ! Exposition Enseignants Primaire56 Secondaire1234567 \u00c9tudiants Familles Passionn\u00e9s Voir horaires d&rsquo;ouverture ULB Campus du Solbosch &#8211; B\u00e2timent S, 1050 Bruxelles lun23 Mar 2026 Soir\u00e9e d&rsquo;inauguration : Jane Goodall, une vie pour le vivant Cin\u00e9-d\u00e9bat Enseignants \u00c9tudiants Familles Passionn\u00e9s 19h30&hellip;<\/p>\n","protected":false},"author":10,"featured_media":0,"parent":0,"menu_order":0,"comment_status":"closed","ping_status":"closed","template":"","meta":{"footnotes":""},"class_list":["post-9343","page","type-page","status-publish","hentry","description-off"],"_links":{"self":[{"href":"https:\/\/sciences.brussels\/printemps\/wp-json\/wp\/v2\/pages\/9343"}],"collection":[{"href":"https:\/\/sciences.brussels\/printemps\/wp-json\/wp\/v2\/pages"}],"about":[{"href":"https:\/\/sciences.brussels\/printemps\/wp-json\/wp\/v2\/types\/page"}],"author":[{"embeddable":true,"href":"https:\/\/sciences.brussels\/printemps\/wp-json\/wp\/v2\/users\/10"}],"replies":[{"embeddable":true,"href":"https:\/\/sciences.brussels\/printemps\/wp-json\/wp\/v2\/comments?post=9343"}],"version-history":[{"count":2,"href":"https:\/\/sciences.brussels\/printemps\/wp-json\/wp\/v2\/pages\/9343\/revisions"}],"predecessor-version":[{"id":9346,"href":"https:\/\/sciences.brussels\/printemps\/wp-json\/wp\/v2\/pages\/9343\/revisions\/9346"}],"wp:attachment":[{"href":"https:\/\/sciences.brussels\/printemps\/wp-json\/wp\/v2\/media?parent=9343"}],"curies":[{"name":"wp","href":"https:\/\/api.w.org\/{rel}","templated":true}]}}