{"id":692,"date":"2016-02-04T17:29:32","date_gmt":"2016-02-04T16:29:32","guid":{"rendered":"https:\/\/sciences.brussels\/printemps\/?page_id=692"},"modified":"2016-02-04T17:32:46","modified_gmt":"2016-02-04T16:32:46","slug":"animateurs","status":"publish","type":"page","link":"https:\/\/sciences.brussels\/printemps\/animateurs\/","title":{"rendered":"Recherche d&rsquo;animateurs"},"content":{"rendered":"<div class=\"wpb-content-wrapper\">[vc_row margin_top=\u00a0\u00bb0&Prime; margin_bottom=\u00a0\u00bb0&Prime; full_width=\u00a0\u00bb\u00a0\u00bb padding_left=\u00a0\u00bb0&Prime; padding_right=\u00a0\u00bb0&Prime; animation=\u00a0\u00bb\u00a0\u00bb type=\u00a0\u00bb\u00a0\u00bb bg_color=\u00a0\u00bb\u00a0\u00bb bg_position=\u00a0\u00bbtop\u00a0\u00bb bg_repeat=\u00a0\u00bbno-repeat\u00a0\u00bb bg_cover=\u00a0\u00bbfalse\u00a0\u00bb bg_attachment=\u00a0\u00bbfalse\u00a0\u00bb padding_top=\u00a0\u00bb0&Prime; padding_bottom=\u00a0\u00bb0&Prime; enable_parallax=\u00a0\u00bb\u00a0\u00bb parallax_speed=\u00a0\u00bb0.1&Prime; bg_video_src_mp4=\u00a0\u00bb\u00a0\u00bb bg_video_src_ogv=\u00a0\u00bb\u00a0\u00bb bg_video_src_webm=\u00a0\u00bb\u00a0\u00bb bg_type=\u00a0\u00bb\u00a0\u00bb parallax_style=\u00a0\u00bb\u00a0\u00bb bg_image_new=\u00a0\u00bb\u00a0\u00bb layer_image=\u00a0\u00bb\u00a0\u00bb bg_image_repeat=\u00a0\u00bb\u00a0\u00bb bg_image_size=\u00a0\u00bb\u00a0\u00bb bg_cstm_size=\u00a0\u00bb\u00a0\u00bb bg_img_attach=\u00a0\u00bb\u00a0\u00bb parallax_sense=\u00a0\u00bb\u00a0\u00bb bg_image_posiiton=\u00a0\u00bb\u00a0\u00bb animation_direction=\u00a0\u00bb\u00a0\u00bb animation_repeat=\u00a0\u00bb\u00a0\u00bb video_url=\u00a0\u00bb\u00a0\u00bb video_url_2=\u00a0\u00bb\u00a0\u00bb u_video_url=\u00a0\u00bb\u00a0\u00bb video_opts=\u00a0\u00bb\u00a0\u00bb video_poster=\u00a0\u00bb\u00a0\u00bb u_start_time=\u00a0\u00bb\u00a0\u00bb u_stop_time=\u00a0\u00bb\u00a0\u00bb viewport_vdo=\u00a0\u00bb\u00a0\u00bb enable_controls=\u00a0\u00bb\u00a0\u00bb bg_override=\u00a0\u00bb\u00a0\u00bb disable_on_mobile_img_parallax=\u00a0\u00bb\u00a0\u00bb parallax_content=\u00a0\u00bb\u00a0\u00bb parallax_content_sense=\u00a0\u00bb\u00a0\u00bb fadeout_row=\u00a0\u00bb\u00a0\u00bb fadeout_start_effect=\u00a0\u00bb\u00a0\u00bb enable_overlay=\u00a0\u00bb\u00a0\u00bb overlay_color=\u00a0\u00bb\u00a0\u00bb overlay_pattern=\u00a0\u00bb\u00a0\u00bb overlay_pattern_opacity=\u00a0\u00bb\u00a0\u00bb overlay_pattern_size=\u00a0\u00bb\u00a0\u00bb overlay_pattern_attachment=\u00a0\u00bb\u00a0\u00bb multi_color_overlay=\u00a0\u00bb\u00a0\u00bb multi_color_overlay_opacity=\u00a0\u00bb\u00a0\u00bb seperator_enable=\u00a0\u00bb\u00a0\u00bb seperator_type=\u00a0\u00bb\u00a0\u00bb seperator_position=\u00a0\u00bb\u00a0\u00bb seperator_shape_size=\u00a0\u00bb\u00a0\u00bb seperator_svg_height=\u00a0\u00bb\u00a0\u00bb seperator_shape_background=\u00a0\u00bb\u00a0\u00bb seperator_shape_border=\u00a0\u00bb\u00a0\u00bb seperator_shape_border_color=\u00a0\u00bb\u00a0\u00bb seperator_shape_border_width=\u00a0\u00bb\u00a0\u00bb icon_type=\u00a0\u00bb\u00a0\u00bb icon=\u00a0\u00bb\u00a0\u00bb icon_size=\u00a0\u00bb\u00a0\u00bb icon_color=\u00a0\u00bb\u00a0\u00bb icon_style=\u00a0\u00bb\u00a0\u00bb icon_color_bg=\u00a0\u00bb\u00a0\u00bb icon_border_style=\u00a0\u00bb\u00a0\u00bb icon_color_border=\u00a0\u00bb\u00a0\u00bb icon_border_size=\u00a0\u00bb\u00a0\u00bb icon_border_radius=\u00a0\u00bb\u00a0\u00bb icon_border_spacing=\u00a0\u00bb\u00a0\u00bb icon_img=\u00a0\u00bb\u00a0\u00bb img_width=\u00a0\u00bb\u00a0\u00bb ult_hide_row=\u00a0\u00bb\u00a0\u00bb ult_hide_row_large_screen=\u00a0\u00bb\u00a0\u00bb ult_hide_row_desktop=\u00a0\u00bb\u00a0\u00bb ult_hide_row_tablet=\u00a0\u00bb\u00a0\u00bb ult_hide_row_tablet_small=\u00a0\u00bb\u00a0\u00bb ult_hide_row_mobile=\u00a0\u00bb\u00a0\u00bb ult_hide_row_mobile_large=\u00a0\u00bb\u00a0\u00bb][vc_column width=\u00a0\u00bb1\/1&Prime; animation=\u00a0\u00bb\u00a0\u00bb][vc_column_text]\n<h3>Du lundi 14\u00a0au dimanche 20\u00a0mars 2016<br \/>\nDiff\u00e9rents campus de l&rsquo;ULB et d&rsquo;autres lieux \u00e0 Bruxelles<\/h3>\n<div dir=\"ltr\">Inforsciences (D\u00e9partement de Diffusion des Sciences de l&rsquo;ULB) recrute des \u00e9tudiants en sciences pour animer les activit\u00e9s du Printemps des Sciences 2016.\u00a0Ces activit\u00e9s se d\u00e9rouleront lors de la semaine tampon du 14 au 20 mars prochains.\u00a0De nombreuses animations scientifiques pour les \u00e9coles et le grand-public auront lieu \u00e0 l&rsquo;ULB, \u00e0 Bruxelles et en Wallonie.\u00a0Ce job \u00e9tudiant peut vous apporter une exp\u00e9rience enrichissante en vulgarisation scientifique et est \u00e9videmment valorisable dans votre CV.<\/div>\n<div dir=\"ltr\"><\/div>\n<div dir=\"ltr\">Nous vous invitons \u00e0 d\u00e9couvrir la liste des activit\u00e9s\u00a0ci-dessous.\u00a0Pour soumettre votre candidature, cliquer sur \u00ab\u00a0postuler\u00a0\u00bb et remplissez le formulaire.<\/div>\n<div dir=\"ltr\"><\/div>\n<div dir=\"ltr\">Par ailleurs, Inforsciences engage tout au long de l&rsquo;ann\u00e9e des \u00e9tudiants en sciences pour animer des \u00ab\u00a0ateliers nomades\u00a0\u00bb dans des \u00e9coles francophones. &lsquo;h\u00e9sitez donc pas \u00e0 nous communiquer vos coordonn\u00e9es m\u00eame si vous n&rsquo;\u00eates pas disponibles pour le Printemps des Sciences.<\/div>\n<div dir=\"ltr\"><\/div>\n<div dir=\"ltr\">Pour toute question concernant ces offres d&#8217;emploi ou les activit\u00e9s d&rsquo;Inforsciences, contactez-nous au 02\/650 50 24.<\/div>\n[\/vc_column_text][vc_column_text css=\u00a0\u00bb.vc_custom_1454603385827{padding-top: 50px !important;padding-bottom: 50px !important;}\u00a0\u00bb]\n<style type=\"text\/css\">\r\n       .errordiv { padding:10px; margin:10px; border: 1px solid #555555;color: #000000;background-color: #f8f8f8; width:500px; }#advanced_iframe {visibility:visible;opacity:1;vertical-align:top;}.ai-info-bottom-iframe { position: fixed; z-index: 10000; bottom:0; left: 0; margin: 0px; text-align: center; width: 100%; background-color: #ff9999; padding-left: 5px;padding-bottom: 5px; border-top: 1px solid #aaa } a.ai-bold {font-weight: bold;}#ai-layer-div-advanced_iframe p {height:100%;margin:0;padding:0}#advanced_iframe { visibility:hidden; } <\/style><script type=\"text\/javascript\">var ai_iframe_width_advanced_iframe = 0;var ai_iframe_height_advanced_iframe = 0;document.domain=\"sciences.brussels\";var aiIsIe8=false;var aiOnloadScrollTop=\"true\";var aiShowDebug=false;\r\n\t\tif (typeof aiReadyCallbacks === 'undefined') {\r\n\t\t\tvar aiReadyCallbacks = [];  \r\n\t\t} else if (!(aiReadyCallbacks instanceof Array)) {\r\n\t\t\tvar aiReadyCallbacks = [];\r\n\t\t}    function aiShowIframeId(id_iframe) { jQuery(\"#\"+id_iframe).css(\"visibility\", \"visible\");    }    function aiResizeIframeHeight(height) { aiResizeIframeHeight(height,advanced_iframe); }    function aiResizeIframeHeightId(height,width,id) {aiResizeIframeHeightById(id,height);}var hide_iframe_loading_advanced_iframe = function() {\r\n\t\t\tjQuery(\"#advanced_iframe\").css(\"visibility\",\"hidden\");\r\n\t\t };function ai_hide_iframe_loading_advanced_iframe(element) {\r\n\t\t\ttry {\r\n\t\t\t  element.contentWindow.onunload = hide_iframe_loading_advanced_iframe; \r\n\t\t\t} catch (e) {}\r\n\t\t }<\/script><iframe id=\"advanced_iframe\"  name=\"advanced_iframe\"  src=\"https:\/\/sciences.brussels\/gestion\/pds2016\/animateurs\/index.html\"  width=\"100%\"  height=\"500px\"  scrolling=\"auto\"  frameborder=\"0\"  allowtransparency=\"true\"  loading=\"lazy\"  style=\"h1, h2, h3, h4, h5, h6;width:100%;height:500px;\"  onload='aiResizeIframe(this, &quot;false&quot;,&quot;1&quot;);jQuery(&quot;#advanced_iframe&quot;).css(&quot;visibility&quot;, &quot;visible&quot;);ai_hide_iframe_loading_advanced_iframe(this)' ><\/iframe><script type=\"text\/javascript\">var ifrm_advanced_iframe = document.getElementById(\"advanced_iframe\");var hiddenTabsDoneadvanced_iframe = false;\r\nfunction resizeCallbackadvanced_iframe() {}<\/script><script type=\"text\/javascript\">function local_resize_advanced_iframe(timeout) {\r\n\t\t\t\t\tif (timeout != 0) {\r\n\t\t\t\t\t   setTimeout(function() { aiResizeIframe(ifrm_advanced_iframe, \"false\",\"1\")},timeout);\r\n\t\t\t\t\t} else {\r\n\t\t\t\t\t   aiResizeIframe(ifrm_advanced_iframe, \"false\",\"1\");\r\n\t\t\t\t\t}\r\n\t\t\t\t}function ai_jquery_ajax_resize_advanced_iframe() {\r\n\t\t\t\t\tjQuery(\"#advanced_iframe\").bind(\"load\",function(){\r\n\t\t\t\t\tdoc = this.contentWindow.document;var instance = this.contentWindow.jQuery;instance(doc).ajaxComplete(function(){local_resize_advanced_iframe(100);});doc.addEventListener(\"click\", function(evt) {  if (aiCheckIfValidTarget(evt,\"button\")) { local_resize_advanced_iframe(100); }}, true);});\r\n\t\t\t\t}ai_jquery_ajax_resize_advanced_iframe();<\/script>\n[\/vc_column_text][\/vc_column][\/vc_row]\n<\/div>","protected":false},"excerpt":{"rendered":"<p>[vc_row margin_top=\u00a0\u00bb0&Prime; margin_bottom=\u00a0\u00bb0&Prime; full_width=\u00a0\u00bb\u00a0\u00bb padding_left=\u00a0\u00bb0&Prime; padding_right=\u00a0\u00bb0&Prime; animation=\u00a0\u00bb\u00a0\u00bb type=\u00a0\u00bb\u00a0\u00bb bg_color=\u00a0\u00bb\u00a0\u00bb bg_position=\u00a0\u00bbtop\u00a0\u00bb bg_repeat=\u00a0\u00bbno-repeat\u00a0\u00bb bg_cover=\u00a0\u00bbfalse\u00a0\u00bb bg_attachment=\u00a0\u00bbfalse\u00a0\u00bb padding_top=\u00a0\u00bb0&Prime; padding_bottom=\u00a0\u00bb0&Prime; enable_parallax=\u00a0\u00bb\u00a0\u00bb parallax_speed=\u00a0\u00bb0.1&Prime; bg_video_src_mp4=\u00a0\u00bb\u00a0\u00bb bg_video_src_ogv=\u00a0\u00bb\u00a0\u00bb bg_video_src_webm=\u00a0\u00bb\u00a0\u00bb bg_type=\u00a0\u00bb\u00a0\u00bb parallax_style=\u00a0\u00bb\u00a0\u00bb bg_image_new=\u00a0\u00bb\u00a0\u00bb layer_image=\u00a0\u00bb\u00a0\u00bb bg_image_repeat=\u00a0\u00bb\u00a0\u00bb bg_image_size=\u00a0\u00bb\u00a0\u00bb bg_cstm_size=\u00a0\u00bb\u00a0\u00bb bg_img_attach=\u00a0\u00bb\u00a0\u00bb parallax_sense=\u00a0\u00bb\u00a0\u00bb bg_image_posiiton=\u00a0\u00bb\u00a0\u00bb animation_direction=\u00a0\u00bb\u00a0\u00bb animation_repeat=\u00a0\u00bb\u00a0\u00bb video_url=\u00a0\u00bb\u00a0\u00bb video_url_2=\u00a0\u00bb\u00a0\u00bb u_video_url=\u00a0\u00bb\u00a0\u00bb video_opts=\u00a0\u00bb\u00a0\u00bb video_poster=\u00a0\u00bb\u00a0\u00bb u_start_time=\u00a0\u00bb\u00a0\u00bb u_stop_time=\u00a0\u00bb\u00a0\u00bb viewport_vdo=\u00a0\u00bb\u00a0\u00bb enable_controls=\u00a0\u00bb\u00a0\u00bb bg_override=\u00a0\u00bb\u00a0\u00bb disable_on_mobile_img_parallax=\u00a0\u00bb\u00a0\u00bb parallax_content=\u00a0\u00bb\u00a0\u00bb parallax_content_sense=\u00a0\u00bb\u00a0\u00bb fadeout_row=\u00a0\u00bb\u00a0\u00bb fadeout_start_effect=\u00a0\u00bb\u00a0\u00bb enable_overlay=\u00a0\u00bb\u00a0\u00bb overlay_color=\u00a0\u00bb\u00a0\u00bb overlay_pattern=\u00a0\u00bb\u00a0\u00bb overlay_pattern_opacity=\u00a0\u00bb\u00a0\u00bb overlay_pattern_size=\u00a0\u00bb\u00a0\u00bb overlay_pattern_attachment=\u00a0\u00bb\u00a0\u00bb multi_color_overlay=\u00a0\u00bb\u00a0\u00bb multi_color_overlay_opacity=\u00a0\u00bb\u00a0\u00bb&hellip;<\/p>\n","protected":false},"author":1,"featured_media":0,"parent":0,"menu_order":0,"comment_status":"closed","ping_status":"closed","template":"","meta":{"footnotes":""},"class_list":["post-692","page","type-page","status-publish","hentry","description-off"],"_links":{"self":[{"href":"https:\/\/sciences.brussels\/printemps\/wp-json\/wp\/v2\/pages\/692"}],"collection":[{"href":"https:\/\/sciences.brussels\/printemps\/wp-json\/wp\/v2\/pages"}],"about":[{"href":"https:\/\/sciences.brussels\/printemps\/wp-json\/wp\/v2\/types\/page"}],"author":[{"embeddable":true,"href":"https:\/\/sciences.brussels\/printemps\/wp-json\/wp\/v2\/users\/1"}],"replies":[{"embeddable":true,"href":"https:\/\/sciences.brussels\/printemps\/wp-json\/wp\/v2\/comments?post=692"}],"version-history":[{"count":0,"href":"https:\/\/sciences.brussels\/printemps\/wp-json\/wp\/v2\/pages\/692\/revisions"}],"wp:attachment":[{"href":"https:\/\/sciences.brussels\/printemps\/wp-json\/wp\/v2\/media?parent=692"}],"curies":[{"name":"wp","href":"https:\/\/api.w.org\/{rel}","templated":true}]}}