{"id":6842,"date":"2025-02-13T16:57:44","date_gmt":"2025-02-13T15:57:44","guid":{"rendered":"https:\/\/sciences.brussels\/printemps\/?page_id=6842"},"modified":"2025-02-13T16:57:55","modified_gmt":"2025-02-13T15:57:55","slug":"testfd","status":"publish","type":"page","link":"https:\/\/sciences.brussels\/printemps\/testfd\/","title":{"rendered":""},"content":{"rendered":"<div class='css-events-list'><table cellpadding=\"15\" cellspacing=\"15\" vertical-align=\"top\" style=\"border-collapse:collapse;\"><tr onclick=\"location.href='https:\/\/sciences.brussels\/printemps\/events\/petites-et-grandes-molecules-de-notre-quotidien\/'\" class=\"hvr-sink2\">\r\n<td width=\"20%\" style=\"border-bottom: 0px solid #ffffff !important; border-top: 0px solid #ffffff !important; background-image:url(https:\/\/sciences.brussels\/printemps\/wp-content\/uploads\/sites\/2\/2025\/02\/laboratory-217041_1280.jpg); background-repeat:no-repeat; background-size:cover; background-position: center; \" >\r\n\r\n<div class=\"calendrier startdate\" style=\"background: rgba(108, 80, 152, 0.8); padding: 2% 0% 3% 0%;font-size:25px;color: white;text-transform: uppercase;letter-spacing: 1px; width:40px; display:inline-block; text-align:center !important;line-height: 15px;font-weight: bold;\";><small style=\"line-height:2;font-size:12px\" class=\"emsmall\">dim<\/small><br>30 <small class=\"emsmall\"><small class=\"emsmall\"><small class=\"emsmall\"><small class=\"emsmall\">Mar<\/small> <\/small><\/small><\/small><small class=\"emsmall\"><small class=\"emsmall\"><small class=\"emsmall\">2025<\/small><\/small><\/small><\/div>\r\n\r\n\r\n\r\n\r\n<\/td><td style=\"border-bottom: 0px solid #ffffff !important; border-top: 0px solid #ffffff !important; bgcolor: lightyellow; \"\/>\r\n<td style=\"border-bottom: 0px solid #ffffff !important; border-top: 0px solid #ffffff !important; bgcolor: lightyellow; \">\r\n\r\n<h3>Petites et grandes mol\u00e9cules de notre quotidien <small class=\"emsmall\"> par l'exp\u00e9rimentarium de Chimie de l'ULB <\/small><\/h3>\r\n\r\n<h3><small class=\"emsmall\"><span style=\"background: orange; padding: 4px;font:size18px;color: white;text-transform: uppercase;\";>Atelier exp\u00e9rimental<\/span> <span style=\"background: #6c5098; padding: 4px;font:size18px;color: white\";>Familles<\/span><\/small><\/h3>\r\n<h3><small class=\"emsmall\"> <span style=\"background: #6c5098; padding: 4px;font:size18px;color: white;\";><i class=\"fa icon-location-outline\"><\/i>ULB Campus du Solbosch &#8211; B\u00e2timent S, 1050 Bruxelles<\/span> <\/small><\/h3>\r\n<\/td>\r\n\r\n        <\/tr><tr><td col-span=\"2\" style=\"border-bottom: 0px solid #ffffff !important; border-top: 0px solid #ffffff !important; bgcolor: lightyellow; \"\/><\/tr>\r\n<tr onclick=\"location.href='https:\/\/sciences.brussels\/printemps\/events\/a-leau\/'\" class=\"hvr-sink2\">\r\n<td width=\"20%\" style=\"border-bottom: 0px solid #ffffff !important; border-top: 0px solid #ffffff !important; background-image:url(https:\/\/sciences.brussels\/printemps\/wp-content\/uploads\/sites\/2\/2025\/02\/fountain-3628780_1280.jpg); background-repeat:no-repeat; background-size:cover; background-position: center; \" >\r\n\r\n<div class=\"calendrier startdate\" style=\"background: rgba(108, 80, 152, 0.8); padding: 2% 0% 3% 0%;font-size:25px;color: white;text-transform: uppercase;letter-spacing: 1px; width:40px; display:inline-block; text-align:center !important;line-height: 15px;font-weight: bold;\";><small style=\"line-height:2;font-size:12px\" class=\"emsmall\">dim<\/small><br>30 <small class=\"emsmall\"><small class=\"emsmall\"><small class=\"emsmall\"><small class=\"emsmall\">Mar<\/small> <\/small><\/small><\/small><small class=\"emsmall\"><small class=\"emsmall\"><small class=\"emsmall\">2025<\/small><\/small><\/small><\/div>\r\n\r\n\r\n\r\n\r\n<\/td><td style=\"border-bottom: 0px solid #ffffff !important; border-top: 0px solid #ffffff !important; bgcolor: lightyellow; \"\/>\r\n<td style=\"border-bottom: 0px solid #ffffff !important; border-top: 0px solid #ffffff !important; bgcolor: lightyellow; \">\r\n\r\n<h3>\u00c0 l&rsquo;eau ! <small class=\"emsmall\"> par Exp\u00e9rimentarium de Physique <\/small><\/h3>\r\n\r\n<h3><small class=\"emsmall\"><span style=\"background: orange; padding: 4px;font:size18px;color: white;text-transform: uppercase;\";>Exposition<\/span> <span style=\"background: #6c5098; padding: 4px;font:size18px;color: white\";>Familles<\/span><\/small><\/h3>\r\n<h3><small class=\"emsmall\"><span style=\"background: orange; padding: 4px;font:size18px;color: white;\";><i class=\"fa icon-clock\"><\/i>13h00 > 18h00<\/span> <span style=\"background: #6c5098; padding: 4px;font:size18px;color: white;\";><i class=\"fa icon-location-outline\"><\/i>ULB Campus du Solbosch &#8211; Quartier Magenta &#8211; B\u00e2timent S &#8211; Salle Somville, 1050 Bruxelles<\/span> <\/small><\/h3>\r\n<\/td>\r\n\r\n        <\/tr><tr><td col-span=\"2\" style=\"border-bottom: 0px solid #ffffff !important; border-top: 0px solid #ffffff !important; bgcolor: lightyellow; \"\/><\/tr>\r\n<tr onclick=\"location.href='https:\/\/sciences.brussels\/printemps\/events\/casques-vr-lunivers-au-coeur-de-votre-telephone-portable-2\/'\" class=\"hvr-sink2\">\r\n<td width=\"20%\" style=\"border-bottom: 0px solid #ffffff !important; border-top: 0px solid #ffffff !important; background-image:url(https:\/\/sciences.brussels\/printemps\/wp-content\/uploads\/sites\/2\/2025\/02\/iphone-410324_640.jpg); background-repeat:no-repeat; background-size:cover; background-position: center; \" >\r\n\r\n<div class=\"calendrier startdate\" style=\"background: rgba(108, 80, 152, 0.8); padding: 2% 0% 3% 0%;font-size:25px;color: white;text-transform: uppercase;letter-spacing: 1px; width:40px; display:inline-block; text-align:center !important;line-height: 15px;font-weight: bold;\";><small style=\"line-height:2;font-size:12px\" class=\"emsmall\">dim<\/small><br>30 <small class=\"emsmall\"><small class=\"emsmall\"><small class=\"emsmall\"><small class=\"emsmall\">Mar<\/small> <\/small><\/small><\/small><small class=\"emsmall\"><small class=\"emsmall\"><small class=\"emsmall\">2025<\/small><\/small><\/small><\/div>\r\n\r\n\r\n\r\n\r\n<\/td><td style=\"border-bottom: 0px solid #ffffff !important; border-top: 0px solid #ffffff !important; bgcolor: lightyellow; \"\/>\r\n<td style=\"border-bottom: 0px solid #ffffff !important; border-top: 0px solid #ffffff !important; bgcolor: lightyellow; \">\r\n\r\n<h3>Casques VR : l&rsquo;Univers au coeur de votre t\u00e9l\u00e9phone portable <small class=\"emsmall\"> par Coupole d'Astronomie de l'ULB <\/small><\/h3>\r\n\r\n<h3><small class=\"emsmall\"><span style=\"background: orange; padding: 4px;font:size18px;color: white;text-transform: uppercase;\";>Stand<\/span> <span style=\"background: #6c5098; padding: 4px;font:size18px;color: white\";>Familles<\/span><\/small><\/h3>\r\n<h3><small class=\"emsmall\"><span style=\"background: orange; padding: 4px;font:size18px;color: white;\";><i class=\"fa icon-clock\"><\/i>13h00 > 18h00<\/span> <span style=\"background: #6c5098; padding: 4px;font:size18px;color: white;\";><i class=\"fa icon-location-outline\"><\/i>ULB Campus du Solbosch &#8211; B\u00e2timent S, 1050 Bruxelles<\/span> <\/small><\/h3>\r\n<\/td>\r\n\r\n        <\/tr><tr><td col-span=\"2\" style=\"border-bottom: 0px solid #ffffff !important; border-top: 0px solid #ffffff !important; bgcolor: lightyellow; \"\/><\/tr>\r\n<tr onclick=\"location.href='https:\/\/sciences.brussels\/printemps\/events\/stand-la-roulette-des-fleurs-du-jardin-massart-2\/'\" class=\"hvr-sink2\">\r\n<td width=\"20%\" style=\"border-bottom: 0px solid #ffffff !important; border-top: 0px solid #ffffff !important; background-image:url(https:\/\/sciences.brussels\/printemps\/wp-content\/uploads\/sites\/2\/2025\/02\/JM-Jeux-scaled.jpg); background-repeat:no-repeat; background-size:cover; background-position: center; \" >\r\n\r\n<div class=\"calendrier startdate\" style=\"background: rgba(108, 80, 152, 0.8); padding: 2% 0% 3% 0%;font-size:25px;color: white;text-transform: uppercase;letter-spacing: 1px; width:40px; display:inline-block; text-align:center !important;line-height: 15px;font-weight: bold;\";><small style=\"line-height:2;font-size:12px\" class=\"emsmall\">dim<\/small><br>30 <small class=\"emsmall\"><small class=\"emsmall\"><small class=\"emsmall\"><small class=\"emsmall\">Mar<\/small> <\/small><\/small><\/small><small class=\"emsmall\"><small class=\"emsmall\"><small class=\"emsmall\">2025<\/small><\/small><\/small><\/div>\r\n\r\n\r\n\r\n\r\n<\/td><td style=\"border-bottom: 0px solid #ffffff !important; border-top: 0px solid #ffffff !important; bgcolor: lightyellow; \"\/>\r\n<td style=\"border-bottom: 0px solid #ffffff !important; border-top: 0px solid #ffffff !important; bgcolor: lightyellow; \">\r\n\r\n<h3>La roulette des fleurs du Jardin Massart <small class=\"emsmall\"> par Jardin Massart <\/small><\/h3>\r\n\r\n<h3><small class=\"emsmall\"><span style=\"background: orange; padding: 4px;font:size18px;color: white;text-transform: uppercase;\";>Stand<\/span> <span style=\"background: #6c5098; padding: 4px;font:size18px;color: white\";>Familles<\/span><\/small><\/h3>\r\n<h3><small class=\"emsmall\"><span style=\"background: orange; padding: 4px;font:size18px;color: white;\";><i class=\"fa icon-clock\"><\/i>13h00 > 18h00<\/span> <span style=\"background: #6c5098; padding: 4px;font:size18px;color: white;\";><i class=\"fa icon-location-outline\"><\/i>ULB Campus du Solbosch &#8211; B\u00e2timent S, 1050 Bruxelles<\/span> <\/small><\/h3>\r\n<\/td>\r\n\r\n        <\/tr><tr><td col-span=\"2\" style=\"border-bottom: 0px solid #ffffff !important; border-top: 0px solid #ffffff !important; bgcolor: lightyellow; \"\/><\/tr>\r\n<\/table>\r\n<!-- <form class=\"returnbutton\">\r\n  <input type=\"button\" value=\"Retour\" onclick=\"history.back()\">\r\n<\/form>\r\n--!><\/div>\n","protected":false},"excerpt":{"rendered":"<p>dim30 Mar 2025 Petites et grandes mol\u00e9cules de notre quotidien par l&rsquo;exp\u00e9rimentarium de Chimie de l&rsquo;ULB Atelier exp\u00e9rimental Familles ULB Campus du Solbosch &#8211; B\u00e2timent S, 1050 Bruxelles dim30 Mar 2025 \u00c0 l&rsquo;eau ! par Exp\u00e9rimentarium de Physique Exposition Familles 13h00 > 18h00 ULB Campus du Solbosch &#8211; Quartier Magenta &#8211; B\u00e2timent S &#8211; Salle&hellip;<\/p>\n","protected":false},"author":10,"featured_media":0,"parent":0,"menu_order":0,"comment_status":"closed","ping_status":"closed","template":"","meta":{"footnotes":""},"class_list":["post-6842","page","type-page","status-publish","hentry","description-off"],"_links":{"self":[{"href":"https:\/\/sciences.brussels\/printemps\/wp-json\/wp\/v2\/pages\/6842"}],"collection":[{"href":"https:\/\/sciences.brussels\/printemps\/wp-json\/wp\/v2\/pages"}],"about":[{"href":"https:\/\/sciences.brussels\/printemps\/wp-json\/wp\/v2\/types\/page"}],"author":[{"embeddable":true,"href":"https:\/\/sciences.brussels\/printemps\/wp-json\/wp\/v2\/users\/10"}],"replies":[{"embeddable":true,"href":"https:\/\/sciences.brussels\/printemps\/wp-json\/wp\/v2\/comments?post=6842"}],"version-history":[{"count":1,"href":"https:\/\/sciences.brussels\/printemps\/wp-json\/wp\/v2\/pages\/6842\/revisions"}],"predecessor-version":[{"id":6843,"href":"https:\/\/sciences.brussels\/printemps\/wp-json\/wp\/v2\/pages\/6842\/revisions\/6843"}],"wp:attachment":[{"href":"https:\/\/sciences.brussels\/printemps\/wp-json\/wp\/v2\/media?parent=6842"}],"curies":[{"name":"wp","href":"https:\/\/api.w.org\/{rel}","templated":true}]}}