{"id":491,"date":"2016-01-08T15:27:00","date_gmt":"2016-01-08T14:27:00","guid":{"rendered":"https:\/\/sciences.brussels\/printemps\/?page_id=491"},"modified":"2016-06-03T10:40:28","modified_gmt":"2016-06-03T09:40:28","slug":"2016-inauguration","status":"publish","type":"page","link":"https:\/\/sciences.brussels\/printemps\/2016-inauguration\/","title":{"rendered":"L\u2019innovation en cuisine : allier plaisir et alimentation durable"},"content":{"rendered":"<div class=\"wpb-content-wrapper\">[vc_row full_width=\u00a0\u00bbtrue\u00a0\u00bb margin_top=\u00a0\u00bb-50&Prime; margin_bottom=\u00a0\u00bb0&Prime; bg_type=\u00a0\u00bbimage\u00a0\u00bb parallax_style=\u00a0\u00bbvcpb-default\u00a0\u00bb bg_image_new=\u00a0\u00bb604&Prime; bg_image_repeat=\u00a0\u00bbno-repeat\u00a0\u00bb min_height=\u00a0\u00bb200&Prime;][vc_column][vc_row_inner][vc_column_inner width=\u00a0\u00bb1\/3&Prime;][vc_column_text el_class=\u00a0\u00bbtype\u00a0\u00bb css=\u00a0\u00bb.vc_custom_1456491348834{margin-top: 20px !important;padding-top: 10px !important;padding-right: 10px !important;padding-bottom: 10px !important;padding-left: 60px !important;background-color: #6c5098 !important;}\u00a0\u00bb]Conf\u00e9rence inaugurale<\/p>\n[\/vc_column_text][\/vc_column_inner][vc_column_inner width=\u00a0\u00bb1\/3&Prime;][vc_column_text]\n[\/vc_column_text][\/vc_column_inner][vc_column_inner width=\u00a0\u00bb1\/3&Prime;][vc_column_text]\n[\/vc_column_text][\/vc_column_inner][\/vc_row_inner][vc_column_text el_class=\u00a0\u00bbtype\u00a0\u00bb css=\u00a0\u00bb.vc_custom_1456248562179{padding-top: 20px !important;padding-right: 60px !important;padding-left: 60px !important;}\u00a0\u00bb]L&rsquo;innovation en cuisine : allier plaisir et alimentation durable<\/p>\n<p>par le Prof. Rapha\u00ebl Haumont (UPSud)[\/vc_column_text][\/vc_column][\/vc_row][vc_row full_width=\u00a0\u00bbtrue\u00a0\u00bb margin_top=\u00a0\u00bb0&Prime; margin_bottom=\u00a0\u00bb0&Prime; bg_type=\u00a0\u00bbbg_color\u00a0\u00bb bg_color_value=\u00a0\u00bb#6c5098&Prime; el_class=\u00a0\u00bbblanc\u00a0\u00bb][vc_column width=\u00a0\u00bb1\/12&Prime;][vc_icon icon_fontawesome=\u00a0\u00bbfa fa-calendar\u00a0\u00bb color=\u00a0\u00bbwhite\u00a0\u00bb size=\u00a0\u00bbsm\u00a0\u00bb align=\u00a0\u00bbright\u00a0\u00bb css_animation=\u00a0\u00bbbottom-to-top\u00a0\u00bb][\/vc_column][vc_column width=\u00a0\u00bb1\/4&Prime;][vc_column_text css=\u00a0\u00bb.vc_custom_1457798128283{padding-top: 15px !important;padding-bottom: 15px !important;}\u00a0\u00bb el_class=\u00a0\u00bbblanco\u00a0\u00bb]Lundi 14 mars \u00e0 14h<\/p>\n[\/vc_column_text][\/vc_column][vc_column width=\u00a0\u00bb1\/12&Prime;][vc_icon icon_fontawesome=\u00a0\u00bbfa fa-map-marker\u00a0\u00bb color=\u00a0\u00bbwhite\u00a0\u00bb size=\u00a0\u00bbsm\u00a0\u00bb align=\u00a0\u00bbright\u00a0\u00bb css_animation=\u00a0\u00bbbottom-to-top\u00a0\u00bb][\/vc_column][vc_column width=\u00a0\u00bb1\/4&Prime;][vc_column_text css=\u00a0\u00bb.vc_custom_1456246712016{padding-top: 15px !important;padding-bottom: 15px !important;}\u00a0\u00bb el_class=\u00a0\u00bbblanco\u00a0\u00bb]ULB Campus du Solbosch<br \/>\nB\u00e2timent K &#8211; Amphith\u00e9\u00e2tre Henri Lafontaine[\/vc_column_text][\/vc_column][vc_column width=\u00a0\u00bb1\/12&Prime;][vc_icon icon_fontawesome=\u00a0\u00bbfa fa-users\u00a0\u00bb color=\u00a0\u00bbwhite\u00a0\u00bb size=\u00a0\u00bbsm\u00a0\u00bb align=\u00a0\u00bbright\u00a0\u00bb css_animation=\u00a0\u00bbbottom-to-top\u00a0\u00bb][\/vc_column][vc_column width=\u00a0\u00bb1\/4&Prime;][vc_column_text css=\u00a0\u00bb.vc_custom_1456306270592{padding-top: 15px !important;padding-bottom: 15px !important;}\u00a0\u00bb el_class=\u00a0\u00bbblanco\u00a0\u00bb]\u00c9coles secondaires (\u00e0 partir de la 3<sup>e<\/sup>)<br \/>\nGrand-public<br \/>\n\u00c9tudiants[\/vc_column_text][\/vc_column][\/vc_row][vc_row full_width=\u00a0\u00bbtrue\u00a0\u00bb margin_top=\u00a0\u00bb-20&Prime; margin_bottom=\u00a0\u00bb0&Prime;][vc_column width=\u00a0\u00bb2\/3&Prime;][vc_column_text css=\u00a0\u00bb.vc_custom_1464946810426{margin-left: 60px !important;padding-top: 30px !important;padding-right: 40px !important;padding-bottom: 30px !important;}\u00a0\u00bb]Chimiste, co-fondateur du Centre Fran\u00e7ais d\u2019Innovation Culinaire (CFIC-UPSud), et directeur de la chaire universitaire \u00ab cuisine du futur \u00bb, Rapha\u00ebl Haumont vous proposera une conf\u00e9rence sur<\/p>\n<h4 style=\"text-align: center;\">L\u2019innovation en cuisine : allier plaisir et alimentation durable<\/h4>\n<p>Le travail de recherche men\u00e9 au CFIC vise \u00e0 explorer des innovations de rupture tout en restant au plus pr\u00e8s du produit, sans jamais perdre de vue le plaisir et l\u2019\u00e9motion culinaire.<\/p>\n<p>Quelle sera la cuisine de demain en termes d\u2019ingr\u00e9dients, de techniques (centrifugation, cryoconcentration et azote liquide, texture expans\u00e9e sous vide, etc) ? Comment innover et cr\u00e9er de nouvelles textures et de nouvelles \u00e9motions ? Comment imaginer une cuisine durable (z\u00e9ro d\u00e9chet, canette de demain biod\u00e9gradable, etc) ?<\/p>\n<p>Les exemples seront nombreux, et pr\u00e9textes \u00e0 de nombreuses d\u00e9monstrations (gourmandes !) pendant la conf\u00e9rence.<\/p>\n<p>La conf\u00e9rence sera suivie par le vernissage de l\u2019exposition des sciences.[\/vc_column_text][vc_media_grid style=\u00a0\u00bbload-more\u00a0\u00bb items_per_page=\u00a0\u00bb6&Prime; element_width=\u00a0\u00bb2&Prime; gap=\u00a0\u00bb10&Prime; btn_title=\u00a0\u00bbVoir plus de photos\u00a0\u00bb btn_i_icon_fontawesome=\u00a0\u00bbfa fa-plus-circle\u00a0\u00bb grid_id=\u00a0\u00bbvc_gid:1464946770825-f03bc722-5c51-6&Prime; include=\u00a0\u00bb1374,1344,1394,1455,1450,1431,1430,1426,1418,1417,1404,1400,1399,1393,1386,1390,1391,1383,1382,1378,1376,1375,1429,1368,1372,1436,1444,1373,1360,1453,1359,1351,1347,1345,1340&Prime; css=\u00a0\u00bb.vc_custom_1464946740032{margin-right: 60px !important;margin-left: 60px !important;}\u00a0\u00bb btn_add_icon=\u00a0\u00bbtrue\u00a0\u00bb][vc_row_inner][vc_column_inner width=\u00a0\u00bb1\/4&Prime;][vc_column_text]\n[\/vc_column_text][\/vc_column_inner][vc_column_inner width=\u00a0\u00bb1\/4&Prime;][vc_column_text]<a class=\"dt-single-image\" href=\"https:\/\/sciences.brussels\/printemps\/wp-content\/uploads\/sites\/2\/2016\/01\/cfic.png\" rel=\"attachment wp-att-924\" data-dt-img-description=\"\"><img loading=\"lazy\" decoding=\"async\" class=\"alignnone size-full wp-image-924\" src=\"https:\/\/sciences.brussels\/printemps\/wp-content\/uploads\/sites\/2\/2016\/01\/cfic.png\" alt=\"cfic\" width=\"1064\" height=\"503\" srcset=\"https:\/\/sciences.brussels\/printemps\/wp-content\/uploads\/sites\/2\/2016\/01\/cfic.png 1064w, https:\/\/sciences.brussels\/printemps\/wp-content\/uploads\/sites\/2\/2016\/01\/cfic-300x142.png 300w, https:\/\/sciences.brussels\/printemps\/wp-content\/uploads\/sites\/2\/2016\/01\/cfic-768x363.png 768w, https:\/\/sciences.brussels\/printemps\/wp-content\/uploads\/sites\/2\/2016\/01\/cfic-1024x484.png 1024w, https:\/\/sciences.brussels\/printemps\/wp-content\/uploads\/sites\/2\/2016\/01\/cfic-169x80.png 169w\" sizes=\"auto, (max-width: 1064px) 100vw, 1064px\" \/><\/a>.<\/p>\n[\/vc_column_text][\/vc_column_inner][vc_column_inner width=\u00a0\u00bb1\/4&Prime;][vc_column_text]<a class=\"dt-single-image\" href=\"https:\/\/sciences.brussels\/printemps\/wp-content\/uploads\/sites\/2\/2016\/01\/france.png\" rel=\"attachment wp-att-925\" data-dt-img-description=\"\"><img loading=\"lazy\" decoding=\"async\" class=\"alignnone size-full wp-image-925\" src=\"https:\/\/sciences.brussels\/printemps\/wp-content\/uploads\/sites\/2\/2016\/01\/france.png\" alt=\"france\" width=\"677\" height=\"327\" srcset=\"https:\/\/sciences.brussels\/printemps\/wp-content\/uploads\/sites\/2\/2016\/01\/france.png 677w, https:\/\/sciences.brussels\/printemps\/wp-content\/uploads\/sites\/2\/2016\/01\/france-300x145.png 300w, https:\/\/sciences.brussels\/printemps\/wp-content\/uploads\/sites\/2\/2016\/01\/france-166x80.png 166w\" sizes=\"auto, (max-width: 677px) 100vw, 677px\" \/><\/a><\/p>\n[\/vc_column_text][\/vc_column_inner][vc_column_inner width=\u00a0\u00bb1\/4&Prime;][vc_column_text]\n[\/vc_column_text][\/vc_column_inner][\/vc_row_inner][\/vc_column][vc_column width=\u00a0\u00bb1\/3&Prime;][vc_column_text css_animation=\u00a0\u00bbfadeIn\u00a0\u00bb css=\u00a0\u00bb.vc_custom_1464946834745{padding-top: 30px !important;padding-right: 60px !important;padding-bottom: 25px !important;padding-left: 15px !important;background-color: rgba(108,80,152,0.3) !important;*background-color: rgb(108,80,152) !important;}\u00a0\u00bb]\n<h4>Programme<\/h4>\n<p>Accueil d\u00e8s 13h30<br \/>\nConf\u00e9rence \u00e0 14h00<br \/>\nVernissage de l\u2019exposition \u00e0 15h30<\/p>\n<h4>Organisation<\/h4>\n<p>Organis\u00e9 par l&rsquo;Universit\u00e9 libre de Bruxelles dans le cadre de l&rsquo;Ann\u00e9e de la France<\/p>\n<p>&nbsp;<\/p>\n<p>&nbsp;<\/p>\n[\/vc_column_text][\/vc_column][\/vc_row][vc_row full_width=\u00a0\u00bbtrue\u00a0\u00bb margin_top=\u00a0\u00bb0&Prime; margin_bottom=\u00a0\u00bb-50&Prime;][vc_column]<div id='wrap_map_69e90e34a8fdb' class='ultimate-map-wrapper ult-adjust-bottom-margin ' style=' height:300px;'><div id='map_69e90e34a8fdb' data-map_override='full' class='ultimate_google_map wpb_content_element 0' style='width:100%;height:300px;'><\/div><\/div><script type='text\/javascript'>\n\t\t\t(function($) {\n  \t\t\t'use strict';\n\t\t\tvar map_map_69e90e34a8fdb = null;\n\t\t\tvar coordinate_map_69e90e34a8fdb;\n\t\t\tvar isDraggable = $(document).width() > 641 ? 'true' : 'true';\n\t\t\ttry\n\t\t\t{\n\t\t\t\tvar map_map_69e90e34a8fdb = null;\n\t\t\t\tvar coordinate_map_69e90e34a8fdb;\n\t\t\t\tcoordinate_map_69e90e34a8fdb = new google.maps.LatLng(50.81497, 4.38159);\n\t\t\t\tvar mapOptions=\n\t\t\t\t{\n\t\t\t\t\tzoom: 17,\n\t\t\t\t\tcenter: coordinate_map_69e90e34a8fdb,\n\t\t\t\t\tscaleControl: true,\n\t\t\t\t\tstreetViewControl: false,\n\t\t\t\t\tmapTypeControl: false,\n\t\t\t\t\tpanControl: false,\n\t\t\t\t\tzoomControl: false,\n\t\t\t\t\tscrollwheel: true,\n\t\t\t\t\tdraggable: isDraggable,\n\t\t\t\t\tzoomControlOptions: {\n\t\t\t\t\t\tposition: google.maps.ControlPosition.right_bottom\n\t\t\t\t\t},mapTypeId: google.maps.MapTypeId.hybrid,};var map_map_69e90e34a8fdb = new google.maps.Map(document.getElementById('map_69e90e34a8fdb'),mapOptions);\n\t\t\t\t\t\tvar x = 'infowindow_open_value';\n\t\t\t\t\t\tvar marker_map_69e90e34a8fdb = new google.maps.Marker({\n\t\t\t\t\t\tposition: new google.maps.LatLng('50.81497', '4.38159'),\n\t\t\t\t\t\tanimation:  google.maps.Animation.DROP,\n\t\t\t\t\t\tmap: map_map_69e90e34a8fdb,\n\t\t\t\t\t\ticon: ''\n\t\t\t\t\t});\tgoogle.maps.event.addListener(marker_map_69e90e34a8fdb, 'click', toggleBounce);var infowindow = new google.maps.InfoWindow();\n\t\t\t\t\t\t\tinfowindow.setContent('<div class=\"map_info_text\" style=\\'color:#000;\\'>ULB Campus du Solbosch<br \/> B\u00e2timent K<\/div>');google.maps.event.addListener(marker_map_69e90e34a8fdb, 'click', function() {\n\t\t\t\t\t\t\t\tinfowindow.open(map_map_69e90e34a8fdb,marker_map_69e90e34a8fdb);\n\t\t\t\t\t\t  \t});}\n\t\t\tcatch(e){};\n\t\t\tjQuery(document).ready(function($){\n\t\t\t\tgoogle.maps.event.trigger(map_map_69e90e34a8fdb, 'resize');\n\t\t\t\t$(window).on('resize', function(){\n\t\t\t\t\tgoogle.maps.event.trigger(map_map_69e90e34a8fdb, 'resize');\n\t\t\t\t\tif(map_map_69e90e34a8fdb!=null)\n\t\t\t\t\t\tmap_map_69e90e34a8fdb.setCenter(coordinate_map_69e90e34a8fdb);\n\t\t\t\t});\n\t\t\t\t$('.ui-tabs').on('tabsactivate', function(event, ui) {\n\t\t\t\t   if($(this).find('.ultimate-map-wrapper').length > 0)\n\t\t\t\t\t{\n\t\t\t\t\t\tsetTimeout(function(){\n\t\t\t\t\t\t\t$(window).trigger('resize');\n\t\t\t\t\t\t},200);\n\t\t\t\t\t}\n\t\t\t\t});\n\t\t\t\t$('.ui-accordion').on('accordionactivate', function(event, ui) {\n\t\t\t\t   if($(this).find('.ultimate-map-wrapper').length > 0)\n\t\t\t\t\t{\n\t\t\t\t\t\tsetTimeout(function(){\n\t\t\t\t\t\t\t$(window).trigger('resize');\n\t\t\t\t\t\t},200);\n\t\t\t\t\t}\n\t\t\t\t});\n\t\t\t\t$(window).on('load',function(){\n\t\t\t\t\tsetTimeout(function(){\n\t\t\t\t\t\t$(window).trigger('resize');\n\t\t\t\t\t},200);\n\t\t\t\t});\n\t\t\t\t$('.ult_exp_section').on('select', function(){\n\t\t\t\t\tif($(map_map_69e90e34a8fdb).parents('.ult_exp_section'))\n\t\t\t\t\t{\n\t\t\t\t\t\tsetTimeout(function(){\n\t\t\t\t\t\t\t$(window).trigger('resize');\n\t\t\t\t\t\t},200);\n\t\t\t\t\t}\n\t\t\t\t});\n\t\t\t\t$(document).on('onUVCModalPopupOpen', function(){\n\t\t\t\t\tif($(map_map_69e90e34a8fdb).parents('.ult_modal-content'))\n\t\t\t\t\t{\n\t\t\t\t\t\tsetTimeout(function(){\n\t\t\t\t\t\t\t$(window).trigger('resize');\n\t\t\t\t\t\t},200);\n\t\t\t\t\t}\n\t\t\t\t});\n\t\t\t\t$(document).on('click','.ult_tab_li',function(){\n\t\t\t\t\t$(window).trigger('resize');\n\t\t\t\t\tsetTimeout(function(){\n\t\t\t\t\t\t$(window).trigger('resize');\n\t\t\t\t\t},200);\n\t\t\t\t});\n\t\t\t});\n\t\t\tfunction toggleBounce() {\n\t\t\t  if (marker_map_69e90e34a8fdb.getAnimation() != null) {\n\t\t\t\tmarker_map_69e90e34a8fdb.setAnimation(null);\n\t\t\t  } else {\n\t\t\t\tmarker_map_69e90e34a8fdb.setAnimation(google.maps.Animation.BOUNCE);\n\t\t\t  }\n\t\t\t}\n\t\t\t})(jQuery);\n\t\t\t<\/script>[\/vc_column][\/vc_row]\n<\/div>","protected":false},"excerpt":{"rendered":"<p>[vc_row full_width=\u00a0\u00bbtrue\u00a0\u00bb margin_top=\u00a0\u00bb-50&Prime; margin_bottom=\u00a0\u00bb0&Prime; bg_type=\u00a0\u00bbimage\u00a0\u00bb parallax_style=\u00a0\u00bbvcpb-default\u00a0\u00bb bg_image_new=\u00a0\u00bb604&Prime; bg_image_repeat=\u00a0\u00bbno-repeat\u00a0\u00bb min_height=\u00a0\u00bb200&Prime;][vc_column][vc_row_inner][vc_column_inner width=\u00a0\u00bb1\/3&Prime;][vc_column_text el_class=\u00a0\u00bbtype\u00a0\u00bb css=\u00a0\u00bb.vc_custom_1456491348834{margin-top: 20px !important;padding-top: 10px !important;padding-right: 10px !important;padding-bottom: 10px !important;padding-left: 60px !important;background-color: #6c5098 !important;}\u00a0\u00bb]Conf\u00e9rence inaugurale [\/vc_column_text][\/vc_column_inner][vc_column_inner width=\u00a0\u00bb1\/3&Prime;][vc_column_text] [\/vc_column_text][\/vc_column_inner][vc_column_inner width=\u00a0\u00bb1\/3&Prime;][vc_column_text] [\/vc_column_text][\/vc_column_inner][\/vc_row_inner][vc_column_text el_class=\u00a0\u00bbtype\u00a0\u00bb css=\u00a0\u00bb.vc_custom_1456248562179{padding-top: 20px !important;padding-right: 60px !important;padding-left: 60px !important;}\u00a0\u00bb]L&rsquo;innovation en cuisine : allier plaisir et alimentation durable par le Prof. Rapha\u00ebl Haumont (UPSud)[\/vc_column_text][\/vc_column][\/vc_row][vc_row full_width=\u00a0\u00bbtrue\u00a0\u00bb margin_top=\u00a0\u00bb0&Prime; margin_bottom=\u00a0\u00bb0&Prime;&hellip;<\/p>\n","protected":false},"author":1,"featured_media":0,"parent":0,"menu_order":0,"comment_status":"closed","ping_status":"closed","template":"","meta":{"footnotes":""},"class_list":["post-491","page","type-page","status-publish","hentry","description-off"],"_links":{"self":[{"href":"https:\/\/sciences.brussels\/printemps\/wp-json\/wp\/v2\/pages\/491"}],"collection":[{"href":"https:\/\/sciences.brussels\/printemps\/wp-json\/wp\/v2\/pages"}],"about":[{"href":"https:\/\/sciences.brussels\/printemps\/wp-json\/wp\/v2\/types\/page"}],"author":[{"embeddable":true,"href":"https:\/\/sciences.brussels\/printemps\/wp-json\/wp\/v2\/users\/1"}],"replies":[{"embeddable":true,"href":"https:\/\/sciences.brussels\/printemps\/wp-json\/wp\/v2\/comments?post=491"}],"version-history":[{"count":0,"href":"https:\/\/sciences.brussels\/printemps\/wp-json\/wp\/v2\/pages\/491\/revisions"}],"wp:attachment":[{"href":"https:\/\/sciences.brussels\/printemps\/wp-json\/wp\/v2\/media?parent=491"}],"curies":[{"name":"wp","href":"https:\/\/api.w.org\/{rel}","templated":true}]}}