{"id":411,"date":"2015-12-14T15:52:46","date_gmt":"2015-12-14T14:52:46","guid":{"rendered":"https:\/\/sciences.brussels\/printemps\/?page_id=411"},"modified":"2015-12-14T17:29:47","modified_gmt":"2015-12-14T16:29:47","slug":"mt180-2015","status":"publish","type":"page","link":"https:\/\/sciences.brussels\/printemps\/2015-2\/mt180-2015\/","title":{"rendered":"Ma th\u00e8se en 180 secondes"},"content":{"rendered":"<div class=\"wpb-content-wrapper\">[vc_row][vc_column width=\u00a0\u00bb1\/2&Prime; animation=\u00a0\u00bb\u00a0\u00bb][vc_column_text]<div class=\"su-youtube su-u-responsive-media-yes\"><iframe loading=\"lazy\" width=\"600\" height=\"400\" src=\"https:\/\/www.youtube.com\/embed\/aPGs_0c7zow?autoplay=1\" frameborder=\"0\" allowfullscreen allow=\"autoplay; encrypted-media; picture-in-picture\" title=\"\"><\/iframe><\/div>\n<p>R\u00e9sumer 4 ans de recherche en 3 minutes, dans un langage clair et accessible \u00e0 tous, c\u2019est le d\u00e9fi que vont relever 20 doctorants et jeunes docteurs de l&rsquo;ULB ! Le challenge est de taille : une th\u00e8se de doctorat repr\u00e9sente en moyenne 500.000 minutes de recherche et un document de 100.000 mots, r\u00e9dig\u00e9 dans une langue que seuls les initi\u00e9s peuvent comprendre.<\/p>\n<p>Si l\u2019exercice est difficile, le concours est avant tout l&rsquo;occasion r\u00eav\u00e9e pour ces jeunes chercheurs de communiquer vers le grand public. Les participants en ressortent aussi mieux arm\u00e9s pour vulgariser leurs recherches. Apr\u00e8s tout, r\u00e9sumer son travail en quelques minutes et dans des mots simples, c&rsquo;est ce que doit faire tout scientifique lors d&rsquo;un entretien d&#8217;embauche, d&rsquo;une interview t\u00e9l\u00e9vis\u00e9e ou\u2026 d&rsquo;un d\u00eener de famille.<\/p>\n<p>Pour faire partie des cinq laur\u00e9ats, les candidats devront convaincre un jury, compos\u00e9 de journalistes, de sp\u00e9cialistes de la communication et de professeurs de l&rsquo;ULB (voir encadr\u00e9). Le public aura lui aussi son mot \u00e0 dire puisqu\u2019il d\u00e9cernera son propre prix. Pour s\u00e9duire leurs auditeurs, toutes les armes seront permises : humour, gestuelle, mime, chansonnette\u2026 L&rsquo;occasion de d\u00e9couvrir des recherches de pointe dans la bonne humeur !<\/p>\n<p>&nbsp;[\/vc_column_text][\/vc_column][vc_column width=\u00a0\u00bb1\/2&Prime; animation=\u00a0\u00bb\u00a0\u00bb][vc_column_text]\n<h3>Les candidats 2015<\/h3>\n<ul>\n<li><strong>Genevi\u00e8ve HUBLET, Combien de temps pour construire une plan\u00e8te ? (laur\u00e9ate pour la finale interuniversitaire)<\/strong><\/li>\n<li>Robin WOLLAST, L\u2019apparence physique au travers des cultures occidentales et non occidentales<\/li>\n<li><strong>Matthieu DOYEN, Comprendre la potentielle toxicit\u00e9 des nanoparticules (laur\u00e9at pour la finale interuniversitaire)<\/strong><\/li>\n<li>Martin BOLLE, Une guerre sans Etat 2(.0) : la g\u00e9ographie au centre de la pens\u00e9e militaire<\/li>\n<li>Lionel SCHIAVOLIN, Comment fonctionne la seringue de Shigella ?<\/li>\n<li><strong>C\u00e9line RAGOEN, Le verre incassable : de la fiction \u00e0 la r\u00e9alit\u00e9 (laur\u00e9ate pour la finale interuniversitaire)<\/strong><\/li>\n<li>Patricia M\u00c9LOTTE, R\u00e9agir aux propos sexistes : mode d\u2019emploi<\/li>\n<li><b>Sophie BAUDUIN, Cartographier la pollution de l\u2019air depuis l\u2019espace<strong> (laur\u00e9ate pour la finale interuniversitaire et prix du public)<\/strong><\/b><\/li>\n<li>Julia GARCIA PARRA, Le Bapt\u00eame du Christ: influences iconographiques entre Orient et Occident du IX<sup>e<\/sup> au XII<sup>e<\/sup> si\u00e8cle<\/li>\n<li><strong>Fatemeh ESMAEILZADEH, Une pompe d&rsquo;assistance cardiaque implant\u00e9e pour am\u00e9liorer la pathologie vasculaire (laur\u00e9ate pour la finale interuniversitaire)<\/strong><\/li>\n<li>Michael JABBOUR, L&rsquo;intrication quantique, du ph\u00e9nom\u00e8ne \u00e9trange \u00e0 la ressource utile<\/li>\n<li>Flore VANACK\u00c8RE, Interactions entre ordres juridiques en mati\u00e8re de protection des for\u00eats<\/li>\n<li>Nicolas SEIGNEUR, Etude de la s\u00fbret\u00e9 des barri\u00e8res des d\u00e9p\u00f4ts de d\u00e9chets radioactifs<\/li>\n<li>Thiago JUAREZ RIBEIRO DA SILVA, Les pauperes \u00e0 l&rsquo;\u00e9poque carolingienne, 740-840<\/li>\n<\/ul>\n[\/vc_column_text][\/vc_column][\/vc_row]\n<\/div>","protected":false},"excerpt":{"rendered":"<p>[vc_row][vc_column width=\u00a0\u00bb1\/2&Prime; animation=\u00a0\u00bb\u00a0\u00bb][vc_column_text] R\u00e9sumer 4 ans de recherche en 3 minutes, dans un langage clair et accessible \u00e0 tous, c\u2019est le d\u00e9fi que vont relever 20 doctorants et jeunes docteurs de l&rsquo;ULB ! Le challenge est de taille : une th\u00e8se de doctorat repr\u00e9sente en moyenne 500.000 minutes de recherche et un document de 100.000&hellip;<\/p>\n","protected":false},"author":1,"featured_media":0,"parent":59,"menu_order":0,"comment_status":"closed","ping_status":"closed","template":"","meta":{"footnotes":""},"class_list":["post-411","page","type-page","status-publish","hentry","description-off"],"_links":{"self":[{"href":"https:\/\/sciences.brussels\/printemps\/wp-json\/wp\/v2\/pages\/411"}],"collection":[{"href":"https:\/\/sciences.brussels\/printemps\/wp-json\/wp\/v2\/pages"}],"about":[{"href":"https:\/\/sciences.brussels\/printemps\/wp-json\/wp\/v2\/types\/page"}],"author":[{"embeddable":true,"href":"https:\/\/sciences.brussels\/printemps\/wp-json\/wp\/v2\/users\/1"}],"replies":[{"embeddable":true,"href":"https:\/\/sciences.brussels\/printemps\/wp-json\/wp\/v2\/comments?post=411"}],"version-history":[{"count":0,"href":"https:\/\/sciences.brussels\/printemps\/wp-json\/wp\/v2\/pages\/411\/revisions"}],"up":[{"embeddable":true,"href":"https:\/\/sciences.brussels\/printemps\/wp-json\/wp\/v2\/pages\/59"}],"wp:attachment":[{"href":"https:\/\/sciences.brussels\/printemps\/wp-json\/wp\/v2\/media?parent=411"}],"curies":[{"name":"wp","href":"https:\/\/api.w.org\/{rel}","templated":true}]}}