{"id":3033,"date":"2020-01-30T21:04:01","date_gmt":"2020-01-30T20:04:01","guid":{"rendered":"https:\/\/sciences.brussels\/printemps\/?page_id=3033"},"modified":"2023-03-13T12:41:13","modified_gmt":"2023-03-13T11:41:13","slug":"2022-2","status":"publish","type":"page","link":"https:\/\/sciences.brussels\/printemps\/2022-2\/","title":{"rendered":"Accueil 2022"},"content":{"rendered":"<div class=\"wpb-content-wrapper\">[vc_row][vc_column css=\u00a0\u00bb.vc_custom_1606320916049{padding-top: 20px !important;padding-right: 20px !important;padding-bottom: 20px !important;padding-left: 20px !important;border-radius: 1px !important;}\u00a0\u00bb][vc_row_inner css=\u00a0\u00bb.vc_custom_1583397503684{padding-right: 20px !important;padding-left: 20px !important;}\u00a0\u00bb][vc_column_inner width=\u00a0\u00bb1\/4&Prime;][vc_column_text]\n<h3>D\u00e9couvrez le programme<\/h3>\n[\/vc_column_text]<style type=\"text\/css\" data-type=\"the7_shortcodes-inline-css\">#default-btn-1fe4989827f64f2dd3123d587413e520.ico-right-side > i {\n  margin-right: 0px;\n  margin-left: 8px;\n}\n#default-btn-1fe4989827f64f2dd3123d587413e520 > i {\n  margin-right: 8px;\n}<\/style><div class=\"btn-align-center\"><a href=\"https:\/\/sciences.brussels\/printemps\/2022-2\/programme\/\" class=\"default-btn-shortcode dt-btn dt-btn-l fadeInLeft animate-element animation-builder link-hover-off full-width-btn  vc_custom_1678707671824\" id=\"default-btn-1fe4989827f64f2dd3123d587413e520\" title=\"Programme des activit\u00e9s \u00e0 Bruxelles\"><span>Bruxelles<\/span><\/a><\/div><style type=\"text\/css\" data-type=\"the7_shortcodes-inline-css\">#default-btn-6efc002223b1707f4e4859810a24594b.ico-right-side > i {\n  margin-right: 0px;\n  margin-left: 8px;\n}\n#default-btn-6efc002223b1707f4e4859810a24594b > i {\n  margin-right: 8px;\n}<\/style><div class=\"btn-align-center\"><a href=\"https:\/\/sciences.brussels\/printemps\/charleroi-2022\/\" class=\"default-btn-shortcode dt-btn dt-btn-l fadeInLeft animate-element animation-builder link-hover-off full-width-btn  vc_custom_1643796154413\" id=\"default-btn-6efc002223b1707f4e4859810a24594b\" title=\"Programme des activit\u00e9s \u00e0 Charleroi\"><span>Charleroi<\/span><\/a><\/div><style type=\"text\/css\" data-type=\"the7_shortcodes-inline-css\">#default-btn-1e40d64f29e57227df7603cc7bf02ea9.ico-right-side > i {\n  margin-right: 0px;\n  margin-left: 8px;\n}\n#default-btn-1e40d64f29e57227df7603cc7bf02ea9 > i {\n  margin-right: 8px;\n}<\/style><div class=\"btn-align-center\"><a href=\"https:\/\/sciences.brussels\/printemps\/events\/7-merveilles-cabinet-de-curiosites\/\" class=\"default-btn-shortcode dt-btn dt-btn-l fadeInLeft animate-element animation-builder link-hover-off full-width-btn  vc_custom_1645722322850\" id=\"default-btn-1e40d64f29e57227df7603cc7bf02ea9\" title=\"Programme des activit\u00e9s \u00e0 Ittre\"><span>Ittre<\/span><\/a><\/div><style type=\"text\/css\" data-type=\"the7_shortcodes-inline-css\">#default-btn-8b548dbcf2a42c026818ef5a0a886704.ico-right-side > i {\n  margin-right: 0px;\n  margin-left: 8px;\n}\n#default-btn-8b548dbcf2a42c026818ef5a0a886704 > i {\n  margin-right: 8px;\n}<\/style><div class=\"btn-align-center\"><a href=\"https:\/\/sciences.brussels\/printemps\/nivelles\" class=\"default-btn-shortcode dt-btn dt-btn-l fadeInLeft animate-element animation-builder link-hover-off full-width-btn \" id=\"default-btn-8b548dbcf2a42c026818ef5a0a886704\" title=\"Programme des activit\u00e9s \u00e0 Nivelles\"><span>Nivelles<\/span><\/a><\/div>[\/vc_column_inner][vc_column_inner width=\u00a0\u00bb1\/4&Prime;][vc_column_text]\n<h3>Une exposition de projets \u00e9tudiants &#8230;<\/h3>\n<p>L\u2019Exposition des Sciences pr\u00e9sente des projets con\u00e7us par des \u00e9tudiants de l\u2019ULB et des Hautes \u00c9coles. Permettant la rencontre entre les visiteurs et les jeunes scientifiques, l\u2019exposition vous propose de d\u00e9couvrir les multiples facettes des diff\u00e9rentes disciplines de la science, \u00e0 travers de nombreuses d\u00e9monstrations et exp\u00e9rimentations, souvent ludiques.[\/vc_column_text][\/vc_column_inner][vc_column_inner width=\u00a0\u00bb1\/4&Prime;][vc_column_text]\n<h3>Des activit\u00e9s exp\u00e9rimentales \u2026<\/h3>\n<p>Le programme scolaire fait la part belle aux activit\u00e9s exp\u00e9rimentales, permettant aux \u00e9l\u00e8ves de tous \u00e2ges de manipuler eux-m\u00eames et d\u2019appr\u00e9hender ainsi la d\u00e9marche scientifique. Ateliers et laboratoires couvrent toutes les disciplines scientifiques.[\/vc_column_text][\/vc_column_inner][vc_column_inner width=\u00a0\u00bb1\/4&Prime;][vc_column_text]\n<h3>&#8230; et bien plus encore \u00e0 d\u00e9couvrir<\/h3>\n<p>Conf\u00e9rences, projections de documentaires scientifiques, spectacles, expositions, visites, \u2026 le programme du Printemps des Sciences est tr\u00e8s riche.[\/vc_column_text][\/vc_column_inner][\/vc_row_inner][\/vc_column][\/vc_row][vc_row][vc_column][vc_column_text]\n<p style=\"text-align: center;\"><strong>Le Printemps des Sciences est une semaine de sciences commune \u00e0 toutes les universit\u00e9s francophones de Belgique.<\/strong><\/p>\n[\/vc_column_text][vc_column_text]\n<h3 style=\"text-align: center;\">INFORSCIENCES ULB organise \u00e9galement des activit\u00e9s tout au long de l&rsquo;ann\u00e9e&#8230; <a href=\"https:\/\/sciences.brussels\">D\u00e9couvrez ici notre site web !<\/a><\/h3>\n[\/vc_column_text][\/vc_column][\/vc_row]\n<\/div>","protected":false},"excerpt":{"rendered":"<p>[vc_row][vc_column css=\u00a0\u00bb.vc_custom_1606320916049{padding-top: 20px !important;padding-right: 20px !important;padding-bottom: 20px !important;padding-left: 20px !important;border-radius: 1px !important;}\u00a0\u00bb][vc_row_inner css=\u00a0\u00bb.vc_custom_1583397503684{padding-right: 20px !important;padding-left: 20px !important;}\u00a0\u00bb][vc_column_inner width=\u00a0\u00bb1\/4&Prime;][vc_column_text] D\u00e9couvrez le programme [\/vc_column_text][\/vc_column_inner][vc_column_inner width=\u00a0\u00bb1\/4&Prime;][vc_column_text] Une exposition de projets \u00e9tudiants &#8230; L\u2019Exposition des Sciences pr\u00e9sente des projets con\u00e7us par des \u00e9tudiants de l\u2019ULB et des Hautes \u00c9coles. Permettant la rencontre entre les visiteurs et les jeunes scientifiques,&hellip;<\/p>\n","protected":false},"author":1,"featured_media":4672,"parent":0,"menu_order":0,"comment_status":"closed","ping_status":"closed","template":"","meta":{"footnotes":""},"class_list":["post-3033","page","type-page","status-publish","has-post-thumbnail","hentry","description-off"],"_links":{"self":[{"href":"https:\/\/sciences.brussels\/printemps\/wp-json\/wp\/v2\/pages\/3033"}],"collection":[{"href":"https:\/\/sciences.brussels\/printemps\/wp-json\/wp\/v2\/pages"}],"about":[{"href":"https:\/\/sciences.brussels\/printemps\/wp-json\/wp\/v2\/types\/page"}],"author":[{"embeddable":true,"href":"https:\/\/sciences.brussels\/printemps\/wp-json\/wp\/v2\/users\/1"}],"replies":[{"embeddable":true,"href":"https:\/\/sciences.brussels\/printemps\/wp-json\/wp\/v2\/comments?post=3033"}],"version-history":[{"count":78,"href":"https:\/\/sciences.brussels\/printemps\/wp-json\/wp\/v2\/pages\/3033\/revisions"}],"predecessor-version":[{"id":5050,"href":"https:\/\/sciences.brussels\/printemps\/wp-json\/wp\/v2\/pages\/3033\/revisions\/5050"}],"wp:featuredmedia":[{"embeddable":true,"href":"https:\/\/sciences.brussels\/printemps\/wp-json\/wp\/v2\/media\/4672"}],"wp:attachment":[{"href":"https:\/\/sciences.brussels\/printemps\/wp-json\/wp\/v2\/media?parent=3033"}],"curies":[{"name":"wp","href":"https:\/\/api.w.org\/{rel}","templated":true}]}}