{"id":2991,"date":"2020-01-28T15:23:13","date_gmt":"2020-01-28T14:23:13","guid":{"rendered":"https:\/\/sciences.brussels\/printemps\/?page_id=2991"},"modified":"2020-03-16T10:57:31","modified_gmt":"2020-03-16T09:57:31","slug":"charleroi","status":"publish","type":"page","link":"https:\/\/sciences.brussels\/printemps\/2022-2\/charleroi\/","title":{"rendered":"Charleroi"},"content":{"rendered":"<div class=\"wpb-content-wrapper\">[vc_row type=\u00a0\u00bbvc_default\u00a0\u00bb bg_type=\u00a0\u00bbimage\u00a0\u00bb css=\u00a0\u00bb.vc_custom_1584026995287{padding-right: 30px !important;padding-left: 30px !important;background: rgba(255,255,255,0.53) url(https:\/\/sciences.brussels\/printemps\/wp-content\/uploads\/sites\/2\/2020\/03\/AdobeStock_323337524-scaled.jpeg?id=3291) !important;background-position: center !important;background-repeat: no-repeat !important;background-size: cover !important;*background-color: rgb(255,255,255) !important;}\u00a0\u00bb][vc_column][vc_column_text css=\u00a0\u00bb.vc_custom_1584352639891{padding-top: 30px !important;padding-right: 30px !important;padding-bottom: 30px !important;padding-left: 30px !important;background-color: rgba(255,255,255,0.76) !important;*background-color: rgb(255,255,255) !important;}\u00a0\u00bb]\n<h2 style=\"text-align: center;\"><strong>Suite aux mesures prises face \u00e0 la pand\u00e9mie de Covid-19 s\u00e9vissant actuellement, nous sommes au regret de devoir vous annoncer l&rsquo;annulation du Printemps des Sciences 2020 \u00e0 Charleroi. <\/strong><\/h2>\n<h2 style=\"text-align: center;\"><strong>Certaines activit\u00e9s pourraient n\u00e9anmoins \u00eatre report\u00e9es \u00e0 une date ult\u00e9rieure.<\/strong><\/h2>\n<h2 style=\"text-align: center;\"><strong>Merci pour votre compr\u00e9hension.<\/strong><\/h2>\n[\/vc_column_text][\/vc_column][\/vc_row][vc_row el_class=\u00a0\u00bbhidden\u00a0\u00bb][vc_column][vc_tta_tabs style=\u00a0\u00bbflat\u00a0\u00bb color=\u00a0\u00bbviolet\u00a0\u00bb spacing=\u00a0\u00bb10&Prime; gap=\u00a0\u00bb10&Prime; active_section=\u00a0\u00bb1&Prime; no_fill_content_area=\u00a0\u00bbtrue\u00a0\u00bb title=\u00a0\u00bbRechercher une activit\u00e9 par public\u00a0\u00bb css=\u00a0\u00bb.vc_custom_1548931189598{padding-top: 15px !important;}\u00a0\u00bb][vc_tta_section title=\u00a0\u00bbTous les publics\u00a0\u00bb tab_id=\u00a0\u00bbbxl-2017-tous\u00a0\u00bb][\/vc_tta_section][vc_tta_section title=\u00a0\u00bbFondamental\u00a0\u00bb tab_id=\u00a0\u00bb1483962411580-d72db8e2-d599&Prime;][vc_column_text]<div class='css-events-list'><\/div>[\/vc_column_text][\/vc_tta_section][vc_tta_section title=\u00a0\u00bbSecondaire\u00a0\u00bb tab_id=\u00a0\u00bb1485259864659-a4d81cf7-982a\u00a0\u00bb][vc_column_text]<div class='css-events-list'><\/div>[\/vc_column_text][\/vc_tta_section][vc_tta_section title=\u00a0\u00bbFamilles\u00a0\u00bb tab_id=\u00a0\u00bb1483962561701-9318a0df-5f9d\u00a0\u00bb][vc_column_text]<div class='css-events-list'><table cellpadding=\"15\" cellspacing=\"15\" vertical-align=\"top\" style=\"border-collapse:collapse;\"><tr onclick=\"location.href='https:\/\/sciences.brussels\/printemps\/events\/les-femmes-de-sciences-et-animation-sur-ladn\/'\" class=\"hvr-sink2\">\r\n<td width=\"20%\" style=\"border-bottom: 0px solid #ffffff !important; border-top: 0px solid #ffffff !important; background-image:url(https:\/\/sciences.brussels\/printemps\/wp-content\/uploads\/sites\/2\/2019\/01\/ExpoFemmeDeSciences.jpg); background-repeat:no-repeat; background-size:cover; background-position: center; \" >\r\n\r\n<div class=\"calendrier startdate\" style=\"background: rgba(108, 80, 152, 0.8); padding: 2% 0% 3% 0%;font-size:25px;color: white;text-transform: uppercase;letter-spacing: 1px; width:40px; display:inline-block; text-align:center !important;line-height: 15px;font-weight: bold;\";><small style=\"line-height:2;font-size:12px\" class=\"emsmall\">sam<\/small><br>30 <small class=\"emsmall\"><small class=\"emsmall\"><small class=\"emsmall\"><small class=\"emsmall\">Mar<\/small> <\/small><\/small><\/small><small class=\"emsmall\"><small class=\"emsmall\"><small class=\"emsmall\">2019<\/small><\/small><\/small><\/div>\r\n\r\n\r\n\r\n\r\n<\/td><td style=\"border-bottom: 0px solid #ffffff !important; border-top: 0px solid #ffffff !important; bgcolor: lightyellow; \"\/>\r\n<td style=\"border-bottom: 0px solid #ffffff !important; border-top: 0px solid #ffffff !important; bgcolor: lightyellow; \">\r\n\r\n<h3>Les femmes de sciences et animation sur l&rsquo;ADN <\/h3>\r\n\r\n<h3><small class=\"emsmall\"> <span style=\"background: red; padding: 4px;font:size18px;color: white;text-transform: uppercase;\";>Complet<\/span> <span style=\"background: orange; padding: 4px;font:size18px;color: white;text-transform: uppercase;\";>Visite<\/span> <span style=\"background: #6c5098; padding: 4px;font:size18px;color: white\";>Familles<\/span> <span style=\"background: #6c5098; padding: 4px;font:size18px;color: white\";>Passionn\u00e9s<\/span><\/small><\/h3>\r\n<h3><small class=\"emsmall\"><span style=\"background: orange; padding: 4px;font:size18px;color: white;\";><i class=\"fa icon-clock\"><\/i>S\u00e9ances \u00e0 10h et 13h <\/span> <span style=\"background: #6c5098; padding: 4px;font:size18px;color: white;\";><i class=\"fa icon-location-outline\"><\/i>Centre de Culture Scientifique de l&rsquo;ULB, 6010 Charleroi<\/span> <\/small><\/h3>\r\n<\/td>\r\n\r\n        <\/tr><tr><td col-span=\"2\" style=\"border-bottom: 0px solid #ffffff !important; border-top: 0px solid #ffffff !important; bgcolor: lightyellow; \"\/><\/tr>\r\n<\/table>\r\n<!-- <form class=\"returnbutton\">\r\n  <input type=\"button\" value=\"Retour\" onclick=\"history.back()\">\r\n<\/form>\r\n--!><\/div>[\/vc_column_text][\/vc_tta_section][vc_tta_section title=\u00a0\u00bbPassionn\u00e9s\u00a0\u00bb tab_id=\u00a0\u00bb1483979665373-97496a4d-d64f\u00a0\u00bb][vc_column_text]<div class='css-events-list'><table cellpadding=\"15\" cellspacing=\"15\" vertical-align=\"top\" style=\"border-collapse:collapse;\"><tr onclick=\"location.href='https:\/\/sciences.brussels\/printemps\/events\/cafe-scientifique-fait-e-pour-ce-metier\/'\" class=\"hvr-sink2\">\r\n<td width=\"20%\" style=\"border-bottom: 0px solid #ffffff !important; border-top: 0px solid #ffffff !important; background-image:url(https:\/\/sciences.brussels\/printemps\/wp-content\/uploads\/sites\/2\/2019\/01\/CafeScientifique.jpg); background-repeat:no-repeat; background-size:cover; background-position: center; \" >\r\n\r\n<div class=\"calendrier startdate\" style=\"background: rgba(108, 80, 152, 0.8); padding: 2% 0% 3% 0%;font-size:25px;color: white;text-transform: uppercase;letter-spacing: 1px; width:40px; display:inline-block; text-align:center !important;line-height: 15px;font-weight: bold;\";><small style=\"line-height:2;font-size:12px\" class=\"emsmall\">mer<\/small><br>27 <small class=\"emsmall\"><small class=\"emsmall\"><small class=\"emsmall\"><small class=\"emsmall\">Mar<\/small> <\/small><\/small><\/small><small class=\"emsmall\"><small class=\"emsmall\"><small class=\"emsmall\">2019<\/small><\/small><\/small><\/div>\r\n\r\n\r\n\r\n\r\n<\/td><td style=\"border-bottom: 0px solid #ffffff !important; border-top: 0px solid #ffffff !important; bgcolor: lightyellow; \"\/>\r\n<td style=\"border-bottom: 0px solid #ffffff !important; border-top: 0px solid #ffffff !important; bgcolor: lightyellow; \">\r\n\r\n<h3>Caf\u00e9 scientifique : Fait.e pour ce m\u00e9tier? <\/h3>\r\n\r\n<h3><small class=\"emsmall\"><span style=\"background: orange; padding: 4px;font:size18px;color: white;text-transform: uppercase;\";>Conf\u00e9rence<\/span> <span style=\"background: #6c5098; padding: 4px;font:size18px;color: white\";>Enseignants<\/span> <span style=\"background: #6c5098; padding: 4px;font:size18px;color: white\";>\u00c9tudiants<\/span> <span style=\"background: #6c5098; padding: 4px;font:size18px;color: white\";>Passionn\u00e9s<\/span><\/small><\/h3>\r\n<h3><small class=\"emsmall\"><span style=\"background: orange; padding: 4px;font:size18px;color: white;\";><i class=\"fa icon-clock\"><\/i>18h00 > 20h00<\/span> <span style=\"background: #6c5098; padding: 4px;font:size18px;color: white;\";><i class=\"fa icon-location-outline\"><\/i>Centre de Culture Scientifique de l&rsquo;ULB, 6010 Charleroi<\/span> <\/small><\/h3>\r\n<\/td>\r\n\r\n        <\/tr><tr><td col-span=\"2\" style=\"border-bottom: 0px solid #ffffff !important; border-top: 0px solid #ffffff !important; bgcolor: lightyellow; \"\/><\/tr>\r\n<tr onclick=\"location.href='https:\/\/sciences.brussels\/printemps\/events\/les-femmes-de-sciences-et-animation-sur-ladn\/'\" class=\"hvr-sink2\">\r\n<td width=\"20%\" style=\"border-bottom: 0px solid #ffffff !important; border-top: 0px solid #ffffff !important; background-image:url(https:\/\/sciences.brussels\/printemps\/wp-content\/uploads\/sites\/2\/2019\/01\/ExpoFemmeDeSciences.jpg); background-repeat:no-repeat; background-size:cover; background-position: center; \" >\r\n\r\n<div class=\"calendrier startdate\" style=\"background: rgba(108, 80, 152, 0.8); padding: 2% 0% 3% 0%;font-size:25px;color: white;text-transform: uppercase;letter-spacing: 1px; width:40px; display:inline-block; text-align:center !important;line-height: 15px;font-weight: bold;\";><small style=\"line-height:2;font-size:12px\" class=\"emsmall\">sam<\/small><br>30 <small class=\"emsmall\"><small class=\"emsmall\"><small class=\"emsmall\"><small class=\"emsmall\">Mar<\/small> <\/small><\/small><\/small><small class=\"emsmall\"><small class=\"emsmall\"><small class=\"emsmall\">2019<\/small><\/small><\/small><\/div>\r\n\r\n\r\n\r\n\r\n<\/td><td style=\"border-bottom: 0px solid #ffffff !important; border-top: 0px solid #ffffff !important; bgcolor: lightyellow; \"\/>\r\n<td style=\"border-bottom: 0px solid #ffffff !important; border-top: 0px solid #ffffff !important; bgcolor: lightyellow; \">\r\n\r\n<h3>Les femmes de sciences et animation sur l&rsquo;ADN <\/h3>\r\n\r\n<h3><small class=\"emsmall\"> <span style=\"background: red; padding: 4px;font:size18px;color: white;text-transform: uppercase;\";>Complet<\/span> <span style=\"background: orange; padding: 4px;font:size18px;color: white;text-transform: uppercase;\";>Visite<\/span> <span style=\"background: #6c5098; padding: 4px;font:size18px;color: white\";>Familles<\/span> <span style=\"background: #6c5098; padding: 4px;font:size18px;color: white\";>Passionn\u00e9s<\/span><\/small><\/h3>\r\n<h3><small class=\"emsmall\"><span style=\"background: orange; padding: 4px;font:size18px;color: white;\";><i class=\"fa icon-clock\"><\/i>S\u00e9ances \u00e0 10h et 13h <\/span> <span style=\"background: #6c5098; padding: 4px;font:size18px;color: white;\";><i class=\"fa icon-location-outline\"><\/i>Centre de Culture Scientifique de l&rsquo;ULB, 6010 Charleroi<\/span> <\/small><\/h3>\r\n<\/td>\r\n\r\n        <\/tr><tr><td col-span=\"2\" style=\"border-bottom: 0px solid #ffffff !important; border-top: 0px solid #ffffff !important; bgcolor: lightyellow; \"\/><\/tr>\r\n<\/table>\r\n<!-- <form class=\"returnbutton\">\r\n  <input type=\"button\" value=\"Retour\" onclick=\"history.back()\">\r\n<\/form>\r\n--!><\/div>[\/vc_column_text][\/vc_tta_section][\/vc_tta_tabs][\/vc_column][\/vc_row][vc_row el_class=\u00a0\u00bbhidden\u00a0\u00bb][vc_column][vc_column_text]\n<h2>Activit\u00e9s scolaires<\/h2>\n[\/vc_column_text][vc_column_text]\n\n\n<div id=\"wpv-view-layout-2479-CATTR4a1d3113b80d69c5bab28db06775faf1\" class=\"js-wpv-view-layout js-wpv-layout-responsive js-wpv-view-layout-2479-CATTR4a1d3113b80d69c5bab28db06775faf1\" data-viewnumber=\"2479-CATTR4a1d3113b80d69c5bab28db06775faf1\" data-pagination=\"{&quot;id&quot;:&quot;2479&quot;,&quot;query&quot;:&quot;normal&quot;,&quot;type&quot;:&quot;disabled&quot;,&quot;effect&quot;:&quot;fade&quot;,&quot;duration&quot;:500,&quot;speed&quot;:5,&quot;pause_on_hover&quot;:&quot;disabled&quot;,&quot;stop_rollover&quot;:&quot;false&quot;,&quot;cache_pages&quot;:&quot;enabled&quot;,&quot;preload_images&quot;:&quot;enabled&quot;,&quot;preload_pages&quot;:&quot;enabled&quot;,&quot;preload_reach&quot;:1,&quot;spinner&quot;:&quot;builtin&quot;,&quot;spinner_image&quot;:&quot;https:\/\/sciences.brussels\/printemps\/wp-content\/plugins\/wp-views\/embedded\/res\/img\/ajax-loader.gif&quot;,&quot;callback_next&quot;:&quot;&quot;,&quot;manage_history&quot;:&quot;enabled&quot;,&quot;has_controls_in_form&quot;:&quot;disabled&quot;,&quot;infinite_tolerance&quot;:&quot;0&quot;,&quot;max_pages&quot;:0,&quot;page&quot;:1,&quot;base_permalink&quot;:&quot;\/printemps\/wp-json\/wp\/v2\/pages\/2991?wpv_view_count=2479-CATTR4a1d3113b80d69c5bab28db06775faf1&amp;wpv_paged=WPV_PAGE_NUM&quot;,&quot;loop&quot;:{&quot;type&quot;:&quot;&quot;,&quot;name&quot;:&quot;&quot;,&quot;data&quot;:[],&quot;id&quot;:0}}\" data-permalink=\"\/printemps\/wp-json\/wp\/v2\/pages\/2991?wpv_view_count=2479-CATTR4a1d3113b80d69c5bab28db06775faf1\">\n\n<table cellpadding=\"15\" cellspacing=\"15\" vertical-align=\"top\" style=\"border-collapse:collapse; border-bottom: 0px solid #ffffff !important; border-top: 0px solid #ffffff !important;\" >\n\t\n\t\n\t\t\n<div style=\"font-size:12px!important\"> <tr style=\"\" onclick=\"location.href='https:\/\/sciences.brussels\/printemps\/activite-pds\/chimie-source-denergie\/'\" class=\"hvr-sink2\"><td width=\"80px\" style=\"border-bottom: 0px solid #ffffff !important; border-top: 0px solid #ffffff !important; ; background-repeat:no-repeat; background-size:cover; background-position: center; \" > <div style=\"color:white; height: 80px;  width: 80px;background-color:#6c5094;  background-color:#C487E8;border-radius: 50%;  display: inline-block;text-align:center;\"><div style=\"max-width:3ch;overflow-wrap:break-word;font-weight:900;font-size:25px;margin-top:13pt;margin-left:10pt\">CHA001<\/div><\/div><\/td><td  style=\"border-bottom: 0px solid #ffffff !important; border-top: 0px solid #ffffff !important; bgcolor: lightyellow; \"><span style=\"padding: 4px;font-size: 20px;font-weight:900; color:#ffffff;line-height:1.9;\">Chimie source d'\u00e9nergie<\/span><br><span style=\"background: orange; color: white;padding:4px;line-height:1.9;font-size:18px;white-space: nowrap;\">Atelier exp\u00e9rimental<\/span> <span style=\"background: #C487E8; color: white; padding:4px;line-height:1.9;font-size:18px;\">Chimie<\/span> <br \/>\n         <span style=\"background: #6c5098; padding: 4px;line-height:1.9;font-size:18px; color: white;\">Secondaire<\/span><span style=\"background: orange; padding: 4px;line-height:1.9;font-size:18px; color: white;\">1 2 3 4 5 6 <\/span><br\/>\n<span style=\"background: #6c5098; padding: 4px;font:size18px;color: white;\";><i class=\"fa icon-location-outline\"><\/i>Centre de Culture Scientifique - ULB (Couillet) <b><\/b><\/span>\n<\/td><td style=\"border:0px\"><\/td><\/tr>\n<\/div>\n  \n<div style=\"font-size:12px!important\"> <tr style=\"\" onclick=\"location.href='https:\/\/sciences.brussels\/printemps\/activite-pds\/energivore\/'\" class=\"hvr-sink2\"><td width=\"80px\" style=\"border-bottom: 0px solid #ffffff !important; border-top: 0px solid #ffffff !important; ; background-repeat:no-repeat; background-size:cover; background-position: center; \" > <div style=\"color:white; height: 80px;  width: 80px;background-color:#6c5094;  background-color:#252052;border-radius: 50%;  display: inline-block;text-align:center;\"><div style=\"max-width:3ch;overflow-wrap:break-word;font-weight:900;font-size:25px;margin-top:13pt;margin-left:10pt\">CHA002<\/div><\/div><\/td><td  style=\"border-bottom: 0px solid #ffffff !important; border-top: 0px solid #ffffff !important; bgcolor: lightyellow; \"><span style=\"padding: 4px;font-size: 20px;font-weight:900; color:#ffffff;line-height:1.9;\">\u00c9nergivore !<\/span><br><span style=\"background: orange; color: white;padding:4px;line-height:1.9;font-size:18px;white-space: nowrap;\">Atelier exp\u00e9rimental<\/span> <span style=\"background: #252052; color: white; padding:4px;line-height:1.9;font-size:18px;\">Physique<\/span> <br \/>\n    <span style=\"background: #6c5098; padding: 4px;line-height:1.9;font-size:18px; color: white;\">Primaire<\/span><span style=\"background: orange; padding: 4px;line-height:1.9;font-size:18px; color: white;\">1 2 3 4 5 6<\/span>       <br\/>\n<span style=\"background: #6c5098; padding: 4px;font:size18px;color: white;\";><i class=\"fa icon-location-outline\"><\/i>Centre de Culture Scientifique - ULB (Couillet) <b><\/b><\/span>\n<\/td><td style=\"border:0px\"><\/td><\/tr>\n<\/div>\n  \n\n\t\n\t\n<\/table>\n<\/div>\n[\/vc_column_text][vc_column_text]\n<h2>Activit\u00e9s grand-public<\/h2>\n<p>Bient\u00f4t disponible&#8230;[\/vc_column_text][\/vc_column][\/vc_row]\n<\/div>","protected":false},"excerpt":{"rendered":"<p>Suite aux mesures prises face \u00e0 la pand\u00e9mie de Covid-19 s\u00e9vissant actuellement, nous sommes au regret de devoir vous annoncer l&rsquo;annulation du Printemps des Sciences 2020 \u00e0 Charleroi. Certaines activit\u00e9s pourraient n\u00e9anmoins \u00eatre report\u00e9es \u00e0 une date ult\u00e9rieure. Merci pour votre compr\u00e9hension. Rechercher une activit\u00e9 par publicTous les publicsFondamentalSecondaireFamillesPassionn\u00e9sTous les publicsFondamental Secondaire Familles sam30 Mar&hellip;<\/p>\n","protected":false},"author":1,"featured_media":0,"parent":3033,"menu_order":0,"comment_status":"closed","ping_status":"closed","template":"","meta":{"footnotes":""},"class_list":["post-2991","page","type-page","status-publish","hentry","description-off"],"_links":{"self":[{"href":"https:\/\/sciences.brussels\/printemps\/wp-json\/wp\/v2\/pages\/2991"}],"collection":[{"href":"https:\/\/sciences.brussels\/printemps\/wp-json\/wp\/v2\/pages"}],"about":[{"href":"https:\/\/sciences.brussels\/printemps\/wp-json\/wp\/v2\/types\/page"}],"author":[{"embeddable":true,"href":"https:\/\/sciences.brussels\/printemps\/wp-json\/wp\/v2\/users\/1"}],"replies":[{"embeddable":true,"href":"https:\/\/sciences.brussels\/printemps\/wp-json\/wp\/v2\/comments?post=2991"}],"version-history":[{"count":7,"href":"https:\/\/sciences.brussels\/printemps\/wp-json\/wp\/v2\/pages\/2991\/revisions"}],"predecessor-version":[{"id":3330,"href":"https:\/\/sciences.brussels\/printemps\/wp-json\/wp\/v2\/pages\/2991\/revisions\/3330"}],"up":[{"embeddable":true,"href":"https:\/\/sciences.brussels\/printemps\/wp-json\/wp\/v2\/pages\/3033"}],"wp:attachment":[{"href":"https:\/\/sciences.brussels\/printemps\/wp-json\/wp\/v2\/media?parent=2991"}],"curies":[{"name":"wp","href":"https:\/\/api.w.org\/{rel}","templated":true}]}}