{"id":285,"date":"2015-05-20T13:23:07","date_gmt":"2015-05-20T12:23:07","guid":{"rendered":"https:\/\/inforsciences8.ulb.ac.be\/pds2\/?page_id=2"},"modified":"2026-04-16T14:17:05","modified_gmt":"2026-04-16T12:17:05","slug":"equipe","status":"publish","type":"page","link":"https:\/\/sciences.brussels\/printemps\/equipe\/","title":{"rendered":"Qui sommes-nous ?"},"content":{"rendered":"<div class=\"wpb-content-wrapper\">[vc_row margin_top=\u00a0\u00bb0&Prime; margin_bottom=\u00a0\u00bb0&Prime;][vc_column width=\u00a0\u00bb1\/2&Prime;][vc_column_text el_class=\u00a0\u00bbGrotesk\u00a0\u00bb]Le Printemps des Sciences est coordonn\u00e9 au niveau national par le r\u00e9seau Sciences.be<\/p>\n<p>En r\u00e9gion bruxelloise, c&rsquo;est le D\u00e9partement Inforsciences de l&rsquo;ULB qui coordonne les activit\u00e9s locales.<\/p>\n<p>Le D\u00e9partement Inforsciences a pour objectif de rassembler l\u2019ensemble des outils de diffusion et de promotion des sciences de la Facult\u00e9 des Sciences et de permettre ainsi \u00e0 tout un chacun de go\u00fbter aux sciences, d\u2019en d\u00e9couvrir les multiples facettes, de l\u2019approche exp\u00e9rimentale \u00e0 la compr\u00e9hension des enjeux sociaux et d\u00e9mocratiques qui en rel\u00e8vent, en passant par le simple plaisir de la d\u00e9couverte.<\/p>\n<p>Nos activit\u00e9s s\u2019adressent \u00e0 tous les publics : familles et passionn\u00e9s comme les \u00e9l\u00e8ves du fondamental \u00e0 la rh\u00e9to.<\/p>\n<p>Nous diffusons \u00e9galement le calendrier des activit\u00e9s organis\u00e9es \u00e0 l\u2019ULB qui s\u2019int\u00e8grent dans cette philosophie.<\/p>\n<h3>D\u00e9couvrez nos activit\u00e9s toute l&rsquo;ann\u00e9e sur <a href=\"https:\/\/sciences.brussels\">https:\/\/sciences.brussels<\/a><\/h3>\n[\/vc_column_text][\/vc_column][vc_column width=\u00a0\u00bb1\/4&Prime;][vc_single_image image=\u00a0\u00bb1646&Prime; alignment=\u00a0\u00bbcenter\u00a0\u00bb style=\u00a0\u00bbvc_box_circle\u00a0\u00bb css_animation=\u00a0\u00bbbounce\u00a0\u00bb][vc_column_text]\n<p style=\"text-align: center;\">JULIE DE SAEDELEER<br \/>\nCOORDINATRICE<br \/>\njulie.de.saedeleer@ulb.be<br \/>\n+32 2 650 53 54<\/p>\n[\/vc_column_text][\/vc_column][vc_column width=\u00a0\u00bb1\/4&Prime;][vc_single_image image=\u00a0\u00bb1646&Prime; alignment=\u00a0\u00bbcenter\u00a0\u00bb style=\u00a0\u00bbvc_box_circle\u00a0\u00bb css_animation=\u00a0\u00bbbounce\u00a0\u00bb][vc_column_text css=\u00a0\u00bb\u00a0\u00bb]\n<p style=\"text-align: center;\">TANGUY VARRASSE<br \/>\nCOORDINATEUR-ADJOINT<br \/>\ntanguy.varrasse@ulb.be<br \/>\n+32 2 650 50 44<\/p>\n[\/vc_column_text][\/vc_column][\/vc_row]\n<\/div>","protected":false},"excerpt":{"rendered":"<p>[vc_row margin_top=\u00a0\u00bb0&Prime; margin_bottom=\u00a0\u00bb0&Prime;][vc_column width=\u00a0\u00bb1\/2&Prime;][vc_column_text el_class=\u00a0\u00bbGrotesk\u00a0\u00bb]Le Printemps des Sciences est coordonn\u00e9 au niveau national par le r\u00e9seau Sciences.be En r\u00e9gion bruxelloise, c&rsquo;est le D\u00e9partement Inforsciences de l&rsquo;ULB qui coordonne les activit\u00e9s locales. Le D\u00e9partement Inforsciences a pour objectif de rassembler l\u2019ensemble des outils de diffusion et de promotion des sciences de la Facult\u00e9 des Sciences et&hellip;<\/p>\n","protected":false},"author":1,"featured_media":0,"parent":0,"menu_order":0,"comment_status":"closed","ping_status":"closed","template":"","meta":{"footnotes":""},"class_list":["post-285","page","type-page","status-publish","hentry","description-off"],"_links":{"self":[{"href":"https:\/\/sciences.brussels\/printemps\/wp-json\/wp\/v2\/pages\/285"}],"collection":[{"href":"https:\/\/sciences.brussels\/printemps\/wp-json\/wp\/v2\/pages"}],"about":[{"href":"https:\/\/sciences.brussels\/printemps\/wp-json\/wp\/v2\/types\/page"}],"author":[{"embeddable":true,"href":"https:\/\/sciences.brussels\/printemps\/wp-json\/wp\/v2\/users\/1"}],"replies":[{"embeddable":true,"href":"https:\/\/sciences.brussels\/printemps\/wp-json\/wp\/v2\/comments?post=285"}],"version-history":[{"count":19,"href":"https:\/\/sciences.brussels\/printemps\/wp-json\/wp\/v2\/pages\/285\/revisions"}],"predecessor-version":[{"id":9850,"href":"https:\/\/sciences.brussels\/printemps\/wp-json\/wp\/v2\/pages\/285\/revisions\/9850"}],"wp:attachment":[{"href":"https:\/\/sciences.brussels\/printemps\/wp-json\/wp\/v2\/media?parent=285"}],"curies":[{"name":"wp","href":"https:\/\/api.w.org\/{rel}","templated":true}]}}