{"id":2803,"date":"2019-09-16T11:13:14","date_gmt":"2019-09-16T09:13:14","guid":{"rendered":"https:\/\/sciences.brussels\/printemps\/?page_id=2803"},"modified":"2020-02-03T18:30:36","modified_gmt":"2020-02-03T17:30:36","slug":"2019-2","status":"publish","type":"page","link":"https:\/\/sciences.brussels\/printemps\/2019-2\/","title":{"rendered":"Accueil 2019"},"content":{"rendered":"<div class=\"wpb-content-wrapper\">[vc_row][vc_column][vc_row_inner][vc_column_inner width=\u00a0\u00bb1\/2&Prime;][vc_column_text]<strong>Le Printemps des Sciences est une semaine de sciences commune \u00e0 toutes les universit\u00e9s francophones de Belgique, durant laquelle toutes les activit\u00e9s sont gratuites.<\/strong>[\/vc_column_text][vc_column_text]\n<h3>Une exposition de projets \u00e9tudiants &#8230;<\/h3>\n<p>L&rsquo;Exposition des Sciences pr\u00e9sente des projets con\u00e7us par des \u00e9tudiants de l&rsquo;ULB et des Hautes \u00c9coles. Permettant la rencontre entre les visiteurs et les jeunes scientifiques, l&rsquo;exposition vous propose de d\u00e9couvrir les multiples facettes des diff\u00e9rentes disciplines de la science, \u00e0 travers de nombreuses d\u00e9monstrations et exp\u00e9rimentations, souvent ludiques.[\/vc_column_text][vc_column_text]\n<h3>Des activit\u00e9s exp\u00e9rimentales &#8230;<\/h3>\n<p>Le programme scolaire fait la part belle aux activit\u00e9s exp\u00e9rimentales, permettant aux \u00e9l\u00e8ves de tous \u00e2ges de manipuler eux-m\u00eames et d&rsquo;appr\u00e9hender ainsi la d\u00e9marche scientifique. Ateliers et laboratoires couvrent toutes les disciplines scientifiques.[\/vc_column_text][vc_column_text]\n<h3>&#8230; et bien plus encore \u00e0 d\u00e9couvrir<\/h3>\n<p>Conf\u00e9rences, projections de documentaires scientifiques, spectacles, expositions, visites, &#8230; le programme du Printemps des Sciences est tr\u00e8s riche.[\/vc_column_text][\/vc_column_inner][vc_column_inner width=\u00a0\u00bb1\/2&Prime;][vc_column_text]\n<h3>Choisissez votre ville<\/h3>\n[\/vc_column_text][vc_btn title=\u00a0\u00bbBruxelles\u00a0\u00bb shape=\u00a0\u00bbsquare\u00a0\u00bb color=\u00a0\u00bbviolet\u00a0\u00bb size=\u00a0\u00bblg\u00a0\u00bb align=\u00a0\u00bbcenter\u00a0\u00bb css_animation=\u00a0\u00bbnone\u00a0\u00bb button_block=\u00a0\u00bbtrue\u00a0\u00bb link=\u00a0\u00bburl:https%3A%2F%2Fsciences.brussels%2Fprintemps%2Faccueil%2Fbruxelles-2019%2F|||\u00a0\u00bb][vc_btn title=\u00a0\u00bbCharleroi\u00a0\u00bb shape=\u00a0\u00bbsquare\u00a0\u00bb color=\u00a0\u00bbviolet\u00a0\u00bb size=\u00a0\u00bblg\u00a0\u00bb align=\u00a0\u00bbcenter\u00a0\u00bb css_animation=\u00a0\u00bbnone\u00a0\u00bb button_block=\u00a0\u00bbtrue\u00a0\u00bb link=\u00a0\u00bburl:https%3A%2F%2Fsciences.brussels%2Fprintemps%2F2019-2%2Fcharleroi%2F|||\u00a0\u00bb][vc_btn title=\u00a0\u00bbNivelles\u00a0\u00bb shape=\u00a0\u00bbsquare\u00a0\u00bb color=\u00a0\u00bbviolet\u00a0\u00bb size=\u00a0\u00bblg\u00a0\u00bb align=\u00a0\u00bbcenter\u00a0\u00bb css_animation=\u00a0\u00bbnone\u00a0\u00bb button_block=\u00a0\u00bbtrue\u00a0\u00bb link=\u00a0\u00bburl:https%3A%2F%2Fsciences.brussels%2Fprintemps%2Factivite-pds%2Fla-science-en-questions%2F|||\u00a0\u00bb][vc_column_text el_class=\u00a0\u00bbhidden\u00a0\u00bb]\n<h3>Rendez-vous dans<\/h3>\n[\/vc_column_text]<style>#count-down-wrap-4701 .ult_countdown-amount { font-weight:900;font-weight:900;  font-family : Lato;\tcolor: #6c5098; } #count-down-wrap-4701 .ult_countdown-period{font-weight:700;\tcolor: #6c5098;\tfont-family: Lato;}<\/style><div  data-ultimate-target='#count-down-wrap-4701 .ult_countdown-period'  data-responsive-json-new='{\"font-size\":\"desktop:13px;\",\"line-height\":\"\"}'  class=\"ult-responsive ult_countdown  hidden ult-cd-no-border ult-cd-s2\"><div id=\"count-down-wrap-4701\"  class=\"ult-responsive ult_countdown-div ult_countdown-dateAndTime ult-wptz\" data-labels=\"Years,Mois,Weeks,Jours,Heures,Minutes,Secondes\" data-labels2=\"Year,Mois,Week,Jour,Heure,Minute,Seconde\"  data-terminal-date=\"2019\/03\/25 09:00:00\" data-countformat=\"DHMS\" data-time-zone=\"2\" data-time-now=\"2026\/04\/07 02:06:20\"  data-tick-col=\"#6c5098\"   data-ultimate-target='#count-down-wrap-4701 .ult_countdown-amount'  data-responsive-json-new='{\"font-size\":\"desktop:36px;\",\"line-height\":\"\"}'  data-tick-p-col=\"#6c5098\"  data-tuni-font-family =\"Lato\" data-tick-style=\"font-weight:900;\"  data-tick-p-style=\"\"  data-bg-color=\"\" data-br-radius=\"\" data-padd=\"0\" >2019\/03\/25 09:00:00<\/div><\/div>[\/vc_column_inner][\/vc_row_inner][\/vc_column][\/vc_row][vc_row][vc_column][vc_video link=\u00a0\u00bbhttps:\/\/www.youtube.com\/watch?v=raVVhxBUhn8&Prime;][vc_column_text]\n[\/vc_column_text][vc_column_text]\n<p style=\"text-align: left;\"><strong>Le Printemps des Sciences est une semaine de sciences commune \u00e0 toutes les universit\u00e9s francophones de Belgique.<\/strong><\/p>\n[\/vc_column_text][vc_column_text]\n<h3>INFORSCIENCES ULB organise \u00e9galement des activit\u00e9s tout au long de l&rsquo;ann\u00e9e&#8230; <a href=\"https:\/\/sciences.brussels\">D\u00e9couvrez ici notre site web !<\/a><\/h3>\n[\/vc_column_text][\/vc_column][\/vc_row]\n<\/div>","protected":false},"excerpt":{"rendered":"<p>[vc_row][vc_column][vc_row_inner][vc_column_inner width=\u00a0\u00bb1\/2&Prime;][vc_column_text]Le Printemps des Sciences est une semaine de sciences commune \u00e0 toutes les universit\u00e9s francophones de Belgique, durant laquelle toutes les activit\u00e9s sont gratuites.[\/vc_column_text][vc_column_text] Une exposition de projets \u00e9tudiants &#8230; L&rsquo;Exposition des Sciences pr\u00e9sente des projets con\u00e7us par des \u00e9tudiants de l&rsquo;ULB et des Hautes \u00c9coles. Permettant la rencontre entre les visiteurs et les&hellip;<\/p>\n","protected":false},"author":10,"featured_media":0,"parent":0,"menu_order":0,"comment_status":"closed","ping_status":"closed","template":"","meta":{"footnotes":""},"class_list":["post-2803","page","type-page","status-publish","hentry","description-off"],"_links":{"self":[{"href":"https:\/\/sciences.brussels\/printemps\/wp-json\/wp\/v2\/pages\/2803"}],"collection":[{"href":"https:\/\/sciences.brussels\/printemps\/wp-json\/wp\/v2\/pages"}],"about":[{"href":"https:\/\/sciences.brussels\/printemps\/wp-json\/wp\/v2\/types\/page"}],"author":[{"embeddable":true,"href":"https:\/\/sciences.brussels\/printemps\/wp-json\/wp\/v2\/users\/10"}],"replies":[{"embeddable":true,"href":"https:\/\/sciences.brussels\/printemps\/wp-json\/wp\/v2\/comments?post=2803"}],"version-history":[{"count":5,"href":"https:\/\/sciences.brussels\/printemps\/wp-json\/wp\/v2\/pages\/2803\/revisions"}],"predecessor-version":[{"id":3066,"href":"https:\/\/sciences.brussels\/printemps\/wp-json\/wp\/v2\/pages\/2803\/revisions\/3066"}],"wp:attachment":[{"href":"https:\/\/sciences.brussels\/printemps\/wp-json\/wp\/v2\/media?parent=2803"}],"curies":[{"name":"wp","href":"https:\/\/api.w.org\/{rel}","templated":true}]}}