{"id":2185,"date":"2018-03-27T14:19:40","date_gmt":"2018-03-27T12:19:40","guid":{"rendered":"https:\/\/sciences.brussels\/printemps\/?page_id=2185"},"modified":"2019-04-05T11:53:18","modified_gmt":"2019-04-05T09:53:18","slug":"feed-back-public-2019","status":"publish","type":"page","link":"https:\/\/sciences.brussels\/printemps\/feed-back-public-2019\/","title":{"rendered":"Le Printemps des Sciences 2019 : votre avis"},"content":{"rendered":"<div class=\"wpb-content-wrapper\">[vc_row][vc_column][vc_column_text]<em>Si vous avez particip\u00e9 \u00e0 diff\u00e9rentes activit\u00e9s, il est possible de remplir le formulaire plusieurs fois.<\/em>[\/vc_column_text][\/vc_column][\/vc_row][vc_row][vc_column][vc_column_text]\n[caldera_form id=\u00a0\u00bbCF5ca7247ee25e0&Prime;]\n[\/vc_column_text][\/vc_column][\/vc_row]\n<\/div>","protected":false},"excerpt":{"rendered":"<p>[vc_row][vc_column][vc_column_text]Si vous avez particip\u00e9 \u00e0 diff\u00e9rentes activit\u00e9s, il est possible de remplir le formulaire plusieurs fois.[\/vc_column_text][\/vc_column][\/vc_row][vc_row][vc_column][vc_column_text] [caldera_form id=\u00a0\u00bbCF5ca7247ee25e0&Prime;] [\/vc_column_text][\/vc_column][\/vc_row]<\/p>\n","protected":false},"author":1,"featured_media":0,"parent":0,"menu_order":0,"comment_status":"closed","ping_status":"closed","template":"","meta":{"footnotes":""},"class_list":["post-2185","page","type-page","status-publish","hentry","description-off"],"_links":{"self":[{"href":"https:\/\/sciences.brussels\/printemps\/wp-json\/wp\/v2\/pages\/2185"}],"collection":[{"href":"https:\/\/sciences.brussels\/printemps\/wp-json\/wp\/v2\/pages"}],"about":[{"href":"https:\/\/sciences.brussels\/printemps\/wp-json\/wp\/v2\/types\/page"}],"author":[{"embeddable":true,"href":"https:\/\/sciences.brussels\/printemps\/wp-json\/wp\/v2\/users\/1"}],"replies":[{"embeddable":true,"href":"https:\/\/sciences.brussels\/printemps\/wp-json\/wp\/v2\/comments?post=2185"}],"version-history":[{"count":1,"href":"https:\/\/sciences.brussels\/printemps\/wp-json\/wp\/v2\/pages\/2185\/revisions"}],"predecessor-version":[{"id":2788,"href":"https:\/\/sciences.brussels\/printemps\/wp-json\/wp\/v2\/pages\/2185\/revisions\/2788"}],"wp:attachment":[{"href":"https:\/\/sciences.brussels\/printemps\/wp-json\/wp\/v2\/media?parent=2185"}],"curies":[{"name":"wp","href":"https:\/\/api.w.org\/{rel}","templated":true}]}}