{"id":2178,"date":"2018-03-27T12:25:39","date_gmt":"2018-03-27T10:25:39","guid":{"rendered":"https:\/\/sciences.brussels\/printemps\/?page_id=2178"},"modified":"2019-04-05T11:45:03","modified_gmt":"2019-04-05T09:45:03","slug":"feed-back-professeurs-2019","status":"publish","type":"page","link":"https:\/\/sciences.brussels\/printemps\/feed-back-professeurs-2019\/","title":{"rendered":"Le Printemps des Sciences 2019 : votre avis"},"content":{"rendered":"<div class=\"wpb-content-wrapper\">[vc_row][vc_column][vc_column_text]<em>Si vous avez particip\u00e9 \u00e0 diff\u00e9rentes activit\u00e9s, il est possible de remplir le formulaire plusieurs fois.<\/em>[\/vc_column_text][\/vc_column][\/vc_row][vc_row][vc_column][vc_column_text]\n[caldera_form id=\u00a0\u00bbCF5ca722c1d60d0&Prime;]\n[\/vc_column_text][\/vc_column][\/vc_row]\n<\/div>","protected":false},"excerpt":{"rendered":"<p>[vc_row][vc_column][vc_column_text]Si vous avez particip\u00e9 \u00e0 diff\u00e9rentes activit\u00e9s, il est possible de remplir le formulaire plusieurs fois.[\/vc_column_text][\/vc_column][\/vc_row][vc_row][vc_column][vc_column_text] [caldera_form id=\u00a0\u00bbCF5ca722c1d60d0&Prime;] [\/vc_column_text][\/vc_column][\/vc_row]<\/p>\n","protected":false},"author":1,"featured_media":0,"parent":0,"menu_order":0,"comment_status":"closed","ping_status":"closed","template":"","meta":{"footnotes":""},"class_list":["post-2178","page","type-page","status-publish","hentry","description-off"],"_links":{"self":[{"href":"https:\/\/sciences.brussels\/printemps\/wp-json\/wp\/v2\/pages\/2178"}],"collection":[{"href":"https:\/\/sciences.brussels\/printemps\/wp-json\/wp\/v2\/pages"}],"about":[{"href":"https:\/\/sciences.brussels\/printemps\/wp-json\/wp\/v2\/types\/page"}],"author":[{"embeddable":true,"href":"https:\/\/sciences.brussels\/printemps\/wp-json\/wp\/v2\/users\/1"}],"replies":[{"embeddable":true,"href":"https:\/\/sciences.brussels\/printemps\/wp-json\/wp\/v2\/comments?post=2178"}],"version-history":[{"count":2,"href":"https:\/\/sciences.brussels\/printemps\/wp-json\/wp\/v2\/pages\/2178\/revisions"}],"predecessor-version":[{"id":2786,"href":"https:\/\/sciences.brussels\/printemps\/wp-json\/wp\/v2\/pages\/2178\/revisions\/2786"}],"wp:attachment":[{"href":"https:\/\/sciences.brussels\/printemps\/wp-json\/wp\/v2\/media?parent=2178"}],"curies":[{"name":"wp","href":"https:\/\/api.w.org\/{rel}","templated":true}]}}