{"id":217,"date":"2015-11-26T17:43:00","date_gmt":"2015-11-26T16:43:00","guid":{"rendered":"https:\/\/inforsciences8.ulb.ac.be\/pds2\/?page_id=217"},"modified":"2015-12-14T17:43:20","modified_gmt":"2015-12-14T16:43:20","slug":"cycle-de-conferences","status":"publish","type":"page","link":"https:\/\/sciences.brussels\/printemps\/2015-2\/cycle-de-conferences\/","title":{"rendered":"Cycle de conf\u00e9rences"},"content":{"rendered":"<div class=\"wpb-content-wrapper\">[vc_row][vc_column][vc_column_text css=\u00a0\u00bb.vc_custom_1450111288428{margin-bottom: 20px !important;border-bottom-width: 1px !important;padding-bottom: 20px !important;background-color: #e8e8e8 !important;}\u00a0\u00bb]\n<p>Une s\u00e9rie de conf\u00e9rences ont \u00e9t\u00e9 propos\u00e9es durant la semaine du Printemps des Sciences. Des ordinateurs du futur aux m\u00e9t\u00e9orites en Antarctique, en passant par l\u2019\u00e9clipse du 20 mars 2015, les chercheurs de l\u2019ULB ont pr\u00e9sent\u00e9 la recherche en action. Une conf\u00e9rence d\u00e9bat sur le th\u00e8me\u00a0<em>Comment penser le futur de l\u2019alimentation ?<\/em>\u00a0a permis d\u2019ouvrir le d\u00e9bat sur la th\u00e9matique qui sera abord\u00e9e lors du Printemps des Sciences 2016.<\/p>\n[\/vc_column_text][\/vc_column][\/vc_row][vc_row margin_top=\u00a0\u00bb0&Prime; margin_bottom=\u00a0\u00bb0&Prime; full_width=\u00a0\u00bb\u00a0\u00bb padding_left=\u00a0\u00bb0&Prime; padding_right=\u00a0\u00bb0&Prime; animation=\u00a0\u00bb\u00a0\u00bb type=\u00a0\u00bb\u00a0\u00bb bg_color=\u00a0\u00bb\u00a0\u00bb bg_position=\u00a0\u00bbtop\u00a0\u00bb bg_repeat=\u00a0\u00bbno-repeat\u00a0\u00bb bg_cover=\u00a0\u00bbfalse\u00a0\u00bb bg_attachment=\u00a0\u00bbfalse\u00a0\u00bb padding_top=\u00a0\u00bb0&Prime; padding_bottom=\u00a0\u00bb0&Prime; enable_parallax=\u00a0\u00bb\u00a0\u00bb parallax_speed=\u00a0\u00bb0.1&Prime; bg_video_src_mp4=\u00a0\u00bb\u00a0\u00bb bg_video_src_ogv=\u00a0\u00bb\u00a0\u00bb bg_video_src_webm=\u00a0\u00bb\u00a0\u00bb bg_type=\u00a0\u00bb\u00a0\u00bb parallax_style=\u00a0\u00bb\u00a0\u00bb bg_image_new=\u00a0\u00bb\u00a0\u00bb layer_image=\u00a0\u00bb\u00a0\u00bb bg_image_repeat=\u00a0\u00bb\u00a0\u00bb bg_image_size=\u00a0\u00bb\u00a0\u00bb bg_cstm_size=\u00a0\u00bb\u00a0\u00bb bg_img_attach=\u00a0\u00bb\u00a0\u00bb parallax_sense=\u00a0\u00bb\u00a0\u00bb bg_image_posiiton=\u00a0\u00bb\u00a0\u00bb animation_direction=\u00a0\u00bb\u00a0\u00bb animation_repeat=\u00a0\u00bb\u00a0\u00bb video_url=\u00a0\u00bb\u00a0\u00bb video_url_2=\u00a0\u00bb\u00a0\u00bb u_video_url=\u00a0\u00bb\u00a0\u00bb video_opts=\u00a0\u00bb\u00a0\u00bb video_poster=\u00a0\u00bb\u00a0\u00bb u_start_time=\u00a0\u00bb\u00a0\u00bb u_stop_time=\u00a0\u00bb\u00a0\u00bb viewport_vdo=\u00a0\u00bb\u00a0\u00bb enable_controls=\u00a0\u00bb\u00a0\u00bb bg_override=\u00a0\u00bb\u00a0\u00bb disable_on_mobile_img_parallax=\u00a0\u00bb\u00a0\u00bb parallax_content=\u00a0\u00bb\u00a0\u00bb parallax_content_sense=\u00a0\u00bb\u00a0\u00bb fadeout_row=\u00a0\u00bb\u00a0\u00bb fadeout_start_effect=\u00a0\u00bb\u00a0\u00bb enable_overlay=\u00a0\u00bb\u00a0\u00bb overlay_color=\u00a0\u00bb\u00a0\u00bb overlay_pattern=\u00a0\u00bb\u00a0\u00bb overlay_pattern_opacity=\u00a0\u00bb\u00a0\u00bb overlay_pattern_size=\u00a0\u00bb\u00a0\u00bb overlay_pattern_attachment=\u00a0\u00bb\u00a0\u00bb multi_color_overlay=\u00a0\u00bb\u00a0\u00bb multi_color_overlay_opacity=\u00a0\u00bb\u00a0\u00bb seperator_enable=\u00a0\u00bb\u00a0\u00bb seperator_type=\u00a0\u00bb\u00a0\u00bb seperator_position=\u00a0\u00bb\u00a0\u00bb seperator_shape_size=\u00a0\u00bb\u00a0\u00bb seperator_svg_height=\u00a0\u00bb\u00a0\u00bb seperator_shape_background=\u00a0\u00bb\u00a0\u00bb seperator_shape_border=\u00a0\u00bb\u00a0\u00bb seperator_shape_border_color=\u00a0\u00bb\u00a0\u00bb seperator_shape_border_width=\u00a0\u00bb\u00a0\u00bb icon_type=\u00a0\u00bb\u00a0\u00bb icon=\u00a0\u00bb\u00a0\u00bb icon_size=\u00a0\u00bb\u00a0\u00bb icon_color=\u00a0\u00bb\u00a0\u00bb icon_style=\u00a0\u00bb\u00a0\u00bb icon_color_bg=\u00a0\u00bb\u00a0\u00bb icon_border_style=\u00a0\u00bb\u00a0\u00bb icon_color_border=\u00a0\u00bb\u00a0\u00bb icon_border_size=\u00a0\u00bb\u00a0\u00bb icon_border_radius=\u00a0\u00bb\u00a0\u00bb icon_border_spacing=\u00a0\u00bb\u00a0\u00bb icon_img=\u00a0\u00bb\u00a0\u00bb img_width=\u00a0\u00bb\u00a0\u00bb ult_hide_row=\u00a0\u00bb\u00a0\u00bb ult_hide_row_large_screen=\u00a0\u00bb\u00a0\u00bb ult_hide_row_desktop=\u00a0\u00bb\u00a0\u00bb ult_hide_row_tablet=\u00a0\u00bb\u00a0\u00bb ult_hide_row_tablet_small=\u00a0\u00bb\u00a0\u00bb ult_hide_row_mobile=\u00a0\u00bb\u00a0\u00bb ult_hide_row_mobile_large=\u00a0\u00bb\u00a0\u00bb][vc_column width=\u00a0\u00bb1\/1&Prime; animation=\u00a0\u00bb\u00a0\u00bb][vc_column_text]\n<h2>L&rsquo;ordinateur du futur: Sera-t-il photonique et analogique ?<\/h2>\n[\/vc_column_text][\/vc_column][\/vc_row][vc_row margin_top=\u00a0\u00bb0&Prime; margin_bottom=\u00a0\u00bb0&Prime; full_width=\u00a0\u00bb\u00a0\u00bb padding_left=\u00a0\u00bb0&Prime; padding_right=\u00a0\u00bb0&Prime; animation=\u00a0\u00bb\u00a0\u00bb type=\u00a0\u00bb\u00a0\u00bb bg_color=\u00a0\u00bb\u00a0\u00bb bg_position=\u00a0\u00bbtop\u00a0\u00bb bg_repeat=\u00a0\u00bbno-repeat\u00a0\u00bb bg_cover=\u00a0\u00bbfalse\u00a0\u00bb bg_attachment=\u00a0\u00bbfalse\u00a0\u00bb padding_top=\u00a0\u00bb0&Prime; padding_bottom=\u00a0\u00bb0&Prime; enable_parallax=\u00a0\u00bb\u00a0\u00bb parallax_speed=\u00a0\u00bb0.1&Prime; bg_video_src_mp4=\u00a0\u00bb\u00a0\u00bb bg_video_src_ogv=\u00a0\u00bb\u00a0\u00bb bg_video_src_webm=\u00a0\u00bb\u00a0\u00bb bg_type=\u00a0\u00bb\u00a0\u00bb parallax_style=\u00a0\u00bb\u00a0\u00bb bg_image_new=\u00a0\u00bb\u00a0\u00bb layer_image=\u00a0\u00bb\u00a0\u00bb bg_image_repeat=\u00a0\u00bb\u00a0\u00bb bg_image_size=\u00a0\u00bb\u00a0\u00bb bg_cstm_size=\u00a0\u00bb\u00a0\u00bb bg_img_attach=\u00a0\u00bb\u00a0\u00bb parallax_sense=\u00a0\u00bb\u00a0\u00bb bg_image_posiiton=\u00a0\u00bb\u00a0\u00bb animation_direction=\u00a0\u00bb\u00a0\u00bb animation_repeat=\u00a0\u00bb\u00a0\u00bb video_url=\u00a0\u00bb\u00a0\u00bb video_url_2=\u00a0\u00bb\u00a0\u00bb u_video_url=\u00a0\u00bb\u00a0\u00bb video_opts=\u00a0\u00bb\u00a0\u00bb video_poster=\u00a0\u00bb\u00a0\u00bb u_start_time=\u00a0\u00bb\u00a0\u00bb u_stop_time=\u00a0\u00bb\u00a0\u00bb viewport_vdo=\u00a0\u00bb\u00a0\u00bb enable_controls=\u00a0\u00bb\u00a0\u00bb bg_override=\u00a0\u00bb\u00a0\u00bb disable_on_mobile_img_parallax=\u00a0\u00bb\u00a0\u00bb parallax_content=\u00a0\u00bb\u00a0\u00bb parallax_content_sense=\u00a0\u00bb\u00a0\u00bb fadeout_row=\u00a0\u00bb\u00a0\u00bb fadeout_start_effect=\u00a0\u00bb\u00a0\u00bb enable_overlay=\u00a0\u00bb\u00a0\u00bb overlay_color=\u00a0\u00bb\u00a0\u00bb overlay_pattern=\u00a0\u00bb\u00a0\u00bb overlay_pattern_opacity=\u00a0\u00bb\u00a0\u00bb overlay_pattern_size=\u00a0\u00bb\u00a0\u00bb overlay_pattern_attachment=\u00a0\u00bb\u00a0\u00bb multi_color_overlay=\u00a0\u00bb\u00a0\u00bb multi_color_overlay_opacity=\u00a0\u00bb\u00a0\u00bb seperator_enable=\u00a0\u00bb\u00a0\u00bb seperator_type=\u00a0\u00bb\u00a0\u00bb seperator_position=\u00a0\u00bb\u00a0\u00bb seperator_shape_size=\u00a0\u00bb\u00a0\u00bb seperator_svg_height=\u00a0\u00bb\u00a0\u00bb seperator_shape_background=\u00a0\u00bb\u00a0\u00bb seperator_shape_border=\u00a0\u00bb\u00a0\u00bb seperator_shape_border_color=\u00a0\u00bb\u00a0\u00bb seperator_shape_border_width=\u00a0\u00bb\u00a0\u00bb icon_type=\u00a0\u00bb\u00a0\u00bb icon=\u00a0\u00bb\u00a0\u00bb icon_size=\u00a0\u00bb\u00a0\u00bb icon_color=\u00a0\u00bb\u00a0\u00bb icon_style=\u00a0\u00bb\u00a0\u00bb icon_color_bg=\u00a0\u00bb\u00a0\u00bb icon_border_style=\u00a0\u00bb\u00a0\u00bb icon_color_border=\u00a0\u00bb\u00a0\u00bb icon_border_size=\u00a0\u00bb\u00a0\u00bb icon_border_radius=\u00a0\u00bb\u00a0\u00bb icon_border_spacing=\u00a0\u00bb\u00a0\u00bb icon_img=\u00a0\u00bb\u00a0\u00bb img_width=\u00a0\u00bb\u00a0\u00bb ult_hide_row=\u00a0\u00bb\u00a0\u00bb ult_hide_row_large_screen=\u00a0\u00bb\u00a0\u00bb ult_hide_row_desktop=\u00a0\u00bb\u00a0\u00bb ult_hide_row_tablet=\u00a0\u00bb\u00a0\u00bb ult_hide_row_tablet_small=\u00a0\u00bb\u00a0\u00bb ult_hide_row_mobile=\u00a0\u00bb\u00a0\u00bb ult_hide_row_mobile_large=\u00a0\u00bb\u00a0\u00bb el_id=\u00a0\u00bb\u00a0\u00bb][vc_column width=\u00a0\u00bb1\/4&Prime; animation=\u00a0\u00bb\u00a0\u00bb][vc_single_image image=\u00a0\u00bb221&Prime; style=\u00a0\u00bbvc_box_circle_2&Prime; border_color=\u00a0\u00bbgrey\u00a0\u00bb img_link_large=\u00a0\u00bbyes\u00a0\u00bb img_link_target=\u00a0\u00bb_self\u00a0\u00bb image_hovers=\u00a0\u00bbtrue\u00a0\u00bb img_size=\u00a0\u00bbfull\u00a0\u00bb][vc_column_text]\n<h3>par Serge Massar<\/h3>\n<h3>Lundi 23 mars 2015 \u00e0 9h30<br \/>\nULB Campus du Solbosch, B\u00e2timent S, Salle Dupr\u00e9el<\/h3>\n[\/vc_column_text][\/vc_column][vc_column width=\u00a0\u00bb3\/4&Prime; animation=\u00a0\u00bb\u00a0\u00bb][vc_column_text]\n<h2><\/h2>\n<p>Serge Massar, directeur du Laboratoire d&rsquo;Information Quantique, pr\u00e9sentera un conf\u00e9rence inaugurale intitul\u00e9e \u00ab\u00a0L&rsquo;ordinateur du futur: Sera-t-il photonique et analogique ?\u00a0\u00bb. Il sera en contact par Skype avec le Prof. Marc Haelterman qui, depuis son laboratoire, montrera comment on aborde cette question exp\u00e9rimentalement.<\/p>\n<p>La photonique est omnipr\u00e9sente dans notre soci\u00e9t\u00e9 de l&rsquo;information, en particulier parce que, gr\u00e2ce aux fibres optiques, elle permet de v\u00e9hiculer l\u2019information sur des tr\u00e8s longues distances \u00e0 des d\u00e9bits gigantesques.<\/p>\n<p>Mais le traitement de l&rsquo;information, quant \u00e0 lui, ne se fait pas encore dans le cadre de la photonique ; il est toujours \u00e0 l\u2019heure actuelle assur\u00e9 par des dispositifs \u00e9lectroniques incapables de suivre la cadence des fibres optiques.<\/p>\n<p>Pour r\u00e9pondre \u00e0 cette probl\u00e9matique, l&rsquo;\u00e9quipe des professeurs S. Massar et M. Haelterman de l&rsquo;ULB propose des calculateurs optiques d&rsquo;un type nouveau qui devraient permettre \u00e0 terme d\u2019exploiter toutes les potentialit\u00e9s de la photonique.<\/p>\n<p>L&rsquo;architecture des ces nouveaux calculateurs est inspir\u00e9e des derni\u00e8res avanc\u00e9es en neuroscience ; elle se base, en particulier, sur la mani\u00e8re dont certaines parties du cerveau biologique traitent l&rsquo;information.<\/p>\n<p>\u00c0 titre d\u2019exemple, les premiers d\u00e9monstrateurs mis au point peuvent d\u00e9j\u00e0 r\u00e9aliser des t\u00e2ches telles que la reconnaissance de la parole.[\/vc_column_text][\/vc_column][\/vc_row]\n<\/div>","protected":false},"excerpt":{"rendered":"<p>[vc_row][vc_column][vc_column_text css=\u00a0\u00bb.vc_custom_1450111288428{margin-bottom: 20px !important;border-bottom-width: 1px !important;padding-bottom: 20px !important;background-color: #e8e8e8 !important;}\u00a0\u00bb] Une s\u00e9rie de conf\u00e9rences ont \u00e9t\u00e9 propos\u00e9es durant la semaine du Printemps des Sciences. Des ordinateurs du futur aux m\u00e9t\u00e9orites en Antarctique, en passant par l\u2019\u00e9clipse du 20 mars 2015, les chercheurs de l\u2019ULB ont pr\u00e9sent\u00e9 la recherche en action. Une conf\u00e9rence d\u00e9bat sur le&hellip;<\/p>\n","protected":false},"author":1,"featured_media":0,"parent":59,"menu_order":0,"comment_status":"closed","ping_status":"closed","template":"","meta":{"footnotes":""},"class_list":["post-217","page","type-page","status-publish","hentry","description-off"],"_links":{"self":[{"href":"https:\/\/sciences.brussels\/printemps\/wp-json\/wp\/v2\/pages\/217"}],"collection":[{"href":"https:\/\/sciences.brussels\/printemps\/wp-json\/wp\/v2\/pages"}],"about":[{"href":"https:\/\/sciences.brussels\/printemps\/wp-json\/wp\/v2\/types\/page"}],"author":[{"embeddable":true,"href":"https:\/\/sciences.brussels\/printemps\/wp-json\/wp\/v2\/users\/1"}],"replies":[{"embeddable":true,"href":"https:\/\/sciences.brussels\/printemps\/wp-json\/wp\/v2\/comments?post=217"}],"version-history":[{"count":0,"href":"https:\/\/sciences.brussels\/printemps\/wp-json\/wp\/v2\/pages\/217\/revisions"}],"up":[{"embeddable":true,"href":"https:\/\/sciences.brussels\/printemps\/wp-json\/wp\/v2\/pages\/59"}],"wp:attachment":[{"href":"https:\/\/sciences.brussels\/printemps\/wp-json\/wp\/v2\/media?parent=217"}],"curies":[{"name":"wp","href":"https:\/\/api.w.org\/{rel}","templated":true}]}}