{"id":2151,"date":"2018-03-12T18:20:30","date_gmt":"2018-03-12T17:20:30","guid":{"rendered":"https:\/\/sciences.brussels\/printemps\/?page_id=2151"},"modified":"2024-02-15T09:17:21","modified_gmt":"2024-02-15T08:17:21","slug":"partenaires-et-participants","status":"publish","type":"page","link":"https:\/\/sciences.brussels\/printemps\/partenaires-et-participants\/","title":{"rendered":"Partenaires et participants"},"content":{"rendered":"<div class=\"wpb-content-wrapper\">[vc_row][vc_column width=\u00a0\u00bb1\/2&Prime;][vc_column_text]\n<h3>Coordination<\/h3>\n<h4>ULB Facult\u00e9 des Sciences &#8211; D\u00e9partement INFORSCIENCES<\/h4>\n<h3>Participants<\/h3>\n<h4>ULB<\/h4>\n<ul style=\"list-style-type: circle;\">\n<li>Facult\u00e9 des Sciences<\/li>\n<li>\u00c9cole polytechnique de Bruxelles<\/li>\n<li>\u00c9cole intefacultaire de Bioning\u00e9nieurs<\/li>\n<li>Facult\u00e9 de M\u00e9decine<\/li>\n<li>Facult\u00e9 de Philosophie et Sciences Sociales<\/li>\n<li>Biblioth\u00e8que des Sciences et Techniques<\/li>\n<li>Festival du Film Scientifique de Bruxelles<\/li>\n<li>Cercle des Sciences<\/li>\n<li>Cellule Doctorat<\/li>\n<li>Communication Recherche<\/li>\n<\/ul>\n<h4>Mus\u00e9es de l&rsquo;ULB<\/h4>\n<ul style=\"list-style-type: circle;\">\n<li>Centre de Culture Scientifique<\/li>\n<li>Exp\u00e9rimentarium de Chimie<\/li>\n<li>Exp\u00e9rimentarium de Physique<\/li>\n<li>Jardin Botanique Jean Massart<\/li>\n<li>Mus\u00e9um de Zoologie et d&rsquo;Anthropologie<\/li>\n<li>Mus\u00e9e de Microscopie<\/li>\n<li>Mus\u00e9e des Plantes M\u00e9dicinales et de la Pharmacie<\/li>\n<\/ul>\n<h4>Haute \u00c9cole de Bruxelles-Brabant<\/h4>\n<ul style=\"list-style-type: circle;\">\n<li>Defr\u00e9<\/li>\n<li>ESI<\/li>\n<li>ISIB<\/li>\n<li>Nivelles<\/li>\n<\/ul>\n<h4>EPHEC TECH<\/h4>\n<ul style=\"list-style-type: circle;\">\n<li>EPHEC TECH campus Lambermont<\/li>\n<li>EPHEC TECH campus Delta<\/li>\n<li>EPHEC TECH campus Galileo<\/li>\n<\/ul>\n<h4>Haute \u00c9cole Francisco Ferrer<\/h4>\n<h4>Haute \u00c9cole Lucia de Brouck\u00e8re<\/h4>\n<ul style=\"list-style-type: circle;\">\n<li>Institut Meurice<\/li>\n<\/ul>\n<h4>\u00c9cole Sup\u00e9rieure des Arts &#8211; Saint-Luc Bruxelles<\/h4>\n<h4>Universit\u00e9 Catholique de Louvain<\/h4>\n<h4>Haute \u00c9cole L\u00e9onard De Vinci<\/h4>\n<ul style=\"list-style-type: circle;\">\n<li>Institut Paul Lambin<\/li>\n<li>IES Parnasse<\/li>\n<\/ul>\n<h4>Les Petits D\u00e9brouillards Belgique<\/h4>\n<h4>Plan\u00e9tarium de Bruxelles<\/h4>\n<h4>Culture in Vivo<\/h4>\n<h4>FabLab iMal<\/h4>\n<h4>be Maker \/ Fab Lab Mobile Brussels<\/h4>\n<h4>Scientoth\u00e8que<\/h4>\n<h4>OpenFab Brussels<\/h4>\n<h4>Sciences Adventure<\/h4>\n<h4>Archeolo-J<\/h4>\n<h4>Mus\u00e9e bruxellois du Moulin et de l&rsquo;Alimentation<\/h4>\n<h4><a href=\"https:\/\/www.plantentuinmeise.be\/fr\">Jardin botanique de Meise<\/a><\/h4>\n[\/vc_column_text][\/vc_column][vc_column width=\u00a0\u00bb1\/2&Prime;][vc_column_text]\n<h3>Partenaires<\/h3>\n<h4>Innoviris &#8211; R\u00e9gion de Bruxelles-Capitale<\/h4>\n<h4>R\u00e9gion Wallonne<\/h4>\n<h4>WeKonekt.brussels<\/h4>\n<p><strong>Visit.brussels<\/strong>[\/vc_column_text][\/vc_column][\/vc_row]\n<\/div>","protected":false},"excerpt":{"rendered":"<p>[vc_row][vc_column width=\u00a0\u00bb1\/2&Prime;][vc_column_text] Coordination ULB Facult\u00e9 des Sciences &#8211; D\u00e9partement INFORSCIENCES Participants ULB Facult\u00e9 des Sciences \u00c9cole polytechnique de Bruxelles \u00c9cole intefacultaire de Bioning\u00e9nieurs Facult\u00e9 de M\u00e9decine Facult\u00e9 de Philosophie et Sciences Sociales Biblioth\u00e8que des Sciences et Techniques Festival du Film Scientifique de Bruxelles Cercle des Sciences Cellule Doctorat Communication Recherche Mus\u00e9es de l&rsquo;ULB Centre de&hellip;<\/p>\n","protected":false},"author":10,"featured_media":0,"parent":0,"menu_order":0,"comment_status":"closed","ping_status":"closed","template":"","meta":{"footnotes":""},"class_list":["post-2151","page","type-page","status-publish","hentry","description-off"],"_links":{"self":[{"href":"https:\/\/sciences.brussels\/printemps\/wp-json\/wp\/v2\/pages\/2151"}],"collection":[{"href":"https:\/\/sciences.brussels\/printemps\/wp-json\/wp\/v2\/pages"}],"about":[{"href":"https:\/\/sciences.brussels\/printemps\/wp-json\/wp\/v2\/types\/page"}],"author":[{"embeddable":true,"href":"https:\/\/sciences.brussels\/printemps\/wp-json\/wp\/v2\/users\/10"}],"replies":[{"embeddable":true,"href":"https:\/\/sciences.brussels\/printemps\/wp-json\/wp\/v2\/comments?post=2151"}],"version-history":[{"count":7,"href":"https:\/\/sciences.brussels\/printemps\/wp-json\/wp\/v2\/pages\/2151\/revisions"}],"predecessor-version":[{"id":5514,"href":"https:\/\/sciences.brussels\/printemps\/wp-json\/wp\/v2\/pages\/2151\/revisions\/5514"}],"wp:attachment":[{"href":"https:\/\/sciences.brussels\/printemps\/wp-json\/wp\/v2\/media?parent=2151"}],"curies":[{"name":"wp","href":"https:\/\/api.w.org\/{rel}","templated":true}]}}