{"id":1222,"date":"2016-03-17T14:51:00","date_gmt":"2016-03-17T13:51:00","guid":{"rendered":"https:\/\/sciences.brussels\/printemps\/?page_id=1222"},"modified":"2021-02-26T23:41:52","modified_gmt":"2021-02-26T22:41:52","slug":"universite-des-enfants-2","status":"publish","type":"page","link":"https:\/\/sciences.brussels\/printemps\/universite-des-enfants-2\/","title":{"rendered":"Universit\u00e9 des enfants"},"content":{"rendered":"<div class=\"wpb-content-wrapper\">[vc_row full_width=\u00a0\u00bbtrue\u00a0\u00bb margin_top=\u00a0\u00bb-50&Prime; margin_bottom=\u00a0\u00bb0&Prime; bg_type=\u00a0\u00bbimage\u00a0\u00bb parallax_style=\u00a0\u00bbvcpb-default\u00a0\u00bb bg_image_new=\u00a0\u00bb1223&Prime; bg_image_repeat=\u00a0\u00bbno-repeat\u00a0\u00bb bg_image_posiiton=\u00a0\u00bb50% 55%\u00a0\u00bb min_height=\u00a0\u00bb200&Prime;][vc_column animation=\u00a0\u00bb\u00a0\u00bb][vc_row_inner][vc_column_inner width=\u00a0\u00bb1\/4&Prime;][vc_column_text el_class=\u00a0\u00bbtype\u00a0\u00bb css=\u00a0\u00bb.vc_custom_1458222433321{margin-top: 20px !important;padding-top: 10px !important;padding-right: 10px !important;padding-bottom: 10px !important;padding-left: 60px !important;background-color: #6c5098 !important;}\u00a0\u00bb]Animations<\/p>\n[\/vc_column_text][\/vc_column_inner][vc_column_inner width=\u00a0\u00bb1\/4&Prime;][vc_column_text]\n[\/vc_column_text][\/vc_column_inner][vc_column_inner width=\u00a0\u00bb1\/4&Prime;][vc_column_text]\n[\/vc_column_text][\/vc_column_inner][vc_column_inner width=\u00a0\u00bb1\/4&Prime;][vc_column_text]\n[\/vc_column_text][\/vc_column_inner][\/vc_row_inner][vc_column_text el_class=\u00a0\u00bbtype\u00a0\u00bb css=\u00a0\u00bb.vc_custom_1458222456365{padding-top: 20px !important;padding-right: 60px !important;padding-left: 60px !important;}\u00a0\u00bb]Universit\u00e9 des enfants<\/p>\n[\/vc_column_text][\/vc_column][\/vc_row][vc_row full_width=\u00a0\u00bbtrue\u00a0\u00bb margin_top=\u00a0\u00bb0&Prime; margin_bottom=\u00a0\u00bb0&Prime; bg_type=\u00a0\u00bbbg_color\u00a0\u00bb bg_color_value=\u00a0\u00bb#6c5098&Prime; el_class=\u00a0\u00bbblanc\u00a0\u00bb][vc_column width=\u00a0\u00bb1\/12&Prime; animation=\u00a0\u00bb\u00a0\u00bb][vc_icon icon_fontawesome=\u00a0\u00bbfa fa-calendar\u00a0\u00bb color=\u00a0\u00bbwhite\u00a0\u00bb size=\u00a0\u00bbsm\u00a0\u00bb align=\u00a0\u00bbright\u00a0\u00bb css_animation=\u00a0\u00bbbottom-to-top\u00a0\u00bb][\/vc_column][vc_column width=\u00a0\u00bb1\/4&Prime; animation=\u00a0\u00bb\u00a0\u00bb][vc_column_text css=\u00a0\u00bb.vc_custom_1614379309202{padding-top: 15px !important;padding-bottom: 15px !important;}\u00a0\u00bb el_class=\u00a0\u00bbblanco\u00a0\u00bb]Dimanche 20 mars 2016 de 11 \u00e0 17h[\/vc_column_text][\/vc_column][vc_column width=\u00a0\u00bb1\/12&Prime; animation=\u00a0\u00bb\u00a0\u00bb][vc_icon icon_fontawesome=\u00a0\u00bbfa fa-map-marker\u00a0\u00bb color=\u00a0\u00bbwhite\u00a0\u00bb size=\u00a0\u00bbsm\u00a0\u00bb align=\u00a0\u00bbright\u00a0\u00bb css_animation=\u00a0\u00bbbottom-to-top\u00a0\u00bb][\/vc_column][vc_column width=\u00a0\u00bb1\/4&Prime; animation=\u00a0\u00bb\u00a0\u00bb][vc_column_text css=\u00a0\u00bb.vc_custom_1458222488209{padding-top: 15px !important;padding-bottom: 15px !important;}\u00a0\u00bb el_class=\u00a0\u00bbblanco\u00a0\u00bb]ULB Campus du Solbosch<br \/>\nB\u00e2timent\u00a0S &#8211;\u00a0Rez-de-chauss\u00e9e (Salle Baugniet)[\/vc_column_text][\/vc_column][vc_column width=\u00a0\u00bb1\/12&Prime; animation=\u00a0\u00bb\u00a0\u00bb][vc_icon icon_fontawesome=\u00a0\u00bbfa fa-users\u00a0\u00bb color=\u00a0\u00bbwhite\u00a0\u00bb size=\u00a0\u00bbsm\u00a0\u00bb align=\u00a0\u00bbright\u00a0\u00bb css_animation=\u00a0\u00bbbottom-to-top\u00a0\u00bb][\/vc_column][vc_column width=\u00a0\u00bb1\/4&Prime; animation=\u00a0\u00bb\u00a0\u00bb][vc_column_text css=\u00a0\u00bb.vc_custom_1458237064015{padding-top: 15px !important;padding-bottom: 15px !important;}\u00a0\u00bb el_class=\u00a0\u00bbblanco\u00a0\u00bb]Familles (\u00e0 partir de 5 ans)<\/p>\n[\/vc_column_text][\/vc_column][\/vc_row][vc_row full_width=\u00a0\u00bbtrue\u00a0\u00bb margin_top=\u00a0\u00bb-20&Prime; margin_bottom=\u00a0\u00bb0&Prime;][vc_column width=\u00a0\u00bb2\/3&Prime; animation=\u00a0\u00bb\u00a0\u00bb][vc_column_text css=\u00a0\u00bb.vc_custom_1458238941213{padding-top: 30px !important;padding-right: 40px !important;padding-bottom: 30px !important;}\u00a0\u00bb]Il n\u2019est jamais trop t\u00f4t pour \u00e9prouver le plaisir de d\u00e9couvrir par soi-m\u00eame les ph\u00e9nom\u00e8nes de la nature.<\/p>\n<p>Une s\u00e9rie d\u2019exp\u00e9riences de physique, chimie et biologie, \u00e0 la port\u00e9e des enfants ne manqueront pas de r\u00e9jouir les petits mais \u00e9galement les grands qui les accompagnent.<\/p>\n<p>&nbsp;<\/p>\n<h4><\/h4>\n<h4>M\u00e9langes, \u00e9mulsions et mousses (chimie)<\/h4>\n<p>Tous les jours, sans le savoir, vous faites de la chimie dans votre cuisine<\/p>\n<p>&nbsp;<\/p>\n<h4>Les aliments sous-vide (physique)<\/h4>\n<p>Pourquoi ? Comment ? Mais y-a-t-il vraiment du vide ?<\/p>\n<p>&nbsp;<\/p>\n<h4>Anatomie v\u00e9g\u00e9tale \u00e0 croquer (biologie)<\/h4>\n<p>Que mange-t-on quand on parle de 5 fruits et l\u00e9gumes par jour ?\u00a0Partons \u00e0 la d\u00e9couverte de l\u2019anatomie v\u00e9g\u00e9tale dans notre assiette ! Tout est un r\u00e9gal dans le monde v\u00e9g\u00e9tal !<\/p>\n<p>&nbsp;<\/p>\n<h4>Le sol, une mine pour les chimistes (g\u00e9ologie-chimie)<\/h4>\n<p>On a l&rsquo;habitude de regarder devant nous mais que se passe-t-il donc sous nos pieds ?<\/p>\n<p>&nbsp;<\/p>\n<h4>Observations microscopiques (biologie)<\/h4>\n<p>Microscopes et binoculaires vous permettront d&rsquo;observer la nature qui vous entoure d&rsquo;un autre \u0153il.<\/p>\n<p>&nbsp;<\/p>\n<h4>Petits mais costauds (physique)<\/h4>\n<p>On a beau \u00eatre petit, quand on ma\u00eetrise quelques principes simples de la physique, on peut r\u00e9aliser des exploits !<\/p>\n<p>&nbsp;<\/p>\n<h4>L&rsquo;effet de serre (chimie)<\/h4>\n<p>Une\u00a0exp\u00e9rience simple pour comprendre un effet compliqu\u00e9.<\/p>\n<p>&nbsp;<\/p>\n<h4>Comment se cr\u00e9e une tornade ?\u00a0(physique)<\/h4>\n<p>Voir une tornade sans risquer de s&rsquo;envoler, c&rsquo;est possible au Printemps des Sciences.[\/vc_column_text][vc_row_inner][vc_column_inner width=\u00a0\u00bb1\/4&Prime;][vc_column_text]\n[\/vc_column_text][\/vc_column_inner][vc_column_inner width=\u00a0\u00bb1\/4&Prime;][vc_column_text]<a class=\"dt-single-image\" href=\"https:\/\/sciences.brussels\/printemps\/wp-content\/uploads\/sites\/2\/2015\/12\/ulb3lg.png\" rel=\"attachment wp-att-376\" data-dt-img-description=\"\"><img loading=\"lazy\" decoding=\"async\" class=\"alignnone size-full wp-image-376\" src=\"https:\/\/sciences.brussels\/printemps\/wp-content\/uploads\/sites\/2\/2015\/12\/ulb3lg.png\" alt=\"ulb3lg\" width=\"1000\" height=\"1000\" srcset=\"https:\/\/sciences.brussels\/printemps\/wp-content\/uploads\/sites\/2\/2015\/12\/ulb3lg.png 1000w, https:\/\/sciences.brussels\/printemps\/wp-content\/uploads\/sites\/2\/2015\/12\/ulb3lg-150x150.png 150w, https:\/\/sciences.brussels\/printemps\/wp-content\/uploads\/sites\/2\/2015\/12\/ulb3lg-300x300.png 300w, https:\/\/sciences.brussels\/printemps\/wp-content\/uploads\/sites\/2\/2015\/12\/ulb3lg-768x768.png 768w, https:\/\/sciences.brussels\/printemps\/wp-content\/uploads\/sites\/2\/2015\/12\/ulb3lg-80x80.png 80w\" sizes=\"auto, (max-width: 1000px) 100vw, 1000px\" \/><\/a><\/p>\n[\/vc_column_text][\/vc_column_inner][vc_column_inner width=\u00a0\u00bb1\/4&Prime;][vc_column_text]<a class=\"dt-single-image\" href=\"https:\/\/sciences.brussels\/printemps\/wp-content\/uploads\/sites\/2\/2015\/12\/sciences.png\" rel=\"attachment wp-att-375\" data-dt-img-description=\"\"><img loading=\"lazy\" decoding=\"async\" class=\"alignnone size-full wp-image-375\" src=\"https:\/\/sciences.brussels\/printemps\/wp-content\/uploads\/sites\/2\/2015\/12\/sciences.png\" alt=\"sciences\" width=\"1000\" height=\"1000\" srcset=\"https:\/\/sciences.brussels\/printemps\/wp-content\/uploads\/sites\/2\/2015\/12\/sciences.png 1000w, https:\/\/sciences.brussels\/printemps\/wp-content\/uploads\/sites\/2\/2015\/12\/sciences-150x150.png 150w, https:\/\/sciences.brussels\/printemps\/wp-content\/uploads\/sites\/2\/2015\/12\/sciences-300x300.png 300w, https:\/\/sciences.brussels\/printemps\/wp-content\/uploads\/sites\/2\/2015\/12\/sciences-768x768.png 768w, https:\/\/sciences.brussels\/printemps\/wp-content\/uploads\/sites\/2\/2015\/12\/sciences-80x80.png 80w\" sizes=\"auto, (max-width: 1000px) 100vw, 1000px\" \/><\/a><\/p>\n[\/vc_column_text][\/vc_column_inner][vc_column_inner width=\u00a0\u00bb1\/4&Prime;][vc_column_text]\n[\/vc_column_text][\/vc_column_inner][\/vc_row_inner][\/vc_column][vc_column width=\u00a0\u00bb1\/3&Prime; animation=\u00a0\u00bb\u00a0\u00bb][vc_column_text css_animation=\u00a0\u00bbfadeIn\u00a0\u00bb css=\u00a0\u00bb.vc_custom_1458222816284{padding-top: 30px !important;padding-right: 60px !important;padding-bottom: 25px !important;padding-left: 15px !important;background-color: rgba(108,80,152,0.3) !important;*background-color: rgb(108,80,152) !important;}\u00a0\u00bb]\n<h4>Organisation<\/h4>\n<p>Organis\u00e9 par le D\u00e9partement INFORSCIENCES de la Facult\u00e9 des Sciences de l&rsquo;Universit\u00e9 libre de Bruxelles<\/p>\n<p>&nbsp;<\/p>\n<p>&nbsp;<\/p>\n<p>&nbsp;<\/p>\n<p>&nbsp;<\/p>\n<p>&nbsp;<\/p>\n<p>&nbsp;<\/p>\n<p>&nbsp;<\/p>\n[\/vc_column_text][\/vc_column][\/vc_row][vc_row full_width=\u00a0\u00bbtrue\u00a0\u00bb margin_top=\u00a0\u00bb0&Prime; margin_bottom=\u00a0\u00bb-50&Prime;][vc_column animation=\u00a0\u00bb\u00a0\u00bb]<div id='wrap_map_69e9229037bf9' class='ultimate-map-wrapper ult-adjust-bottom-margin ' style=' height:300px;'><div id='map_69e9229037bf9' data-map_override='full' class='ultimate_google_map wpb_content_element 0' style='width:100%;height:300px;'><\/div><\/div><script type='text\/javascript'>\n\t\t\t(function($) {\n  \t\t\t'use strict';\n\t\t\tvar map_map_69e9229037bf9 = null;\n\t\t\tvar coordinate_map_69e9229037bf9;\n\t\t\tvar isDraggable = $(document).width() > 641 ? 'true' : 'true';\n\t\t\ttry\n\t\t\t{\n\t\t\t\tvar map_map_69e9229037bf9 = null;\n\t\t\t\tvar coordinate_map_69e9229037bf9;\n\t\t\t\tcoordinate_map_69e9229037bf9 = new google.maps.LatLng(50.81455, 4.38032);\n\t\t\t\tvar mapOptions=\n\t\t\t\t{\n\t\t\t\t\tzoom: 17,\n\t\t\t\t\tcenter: coordinate_map_69e9229037bf9,\n\t\t\t\t\tscaleControl: true,\n\t\t\t\t\tstreetViewControl: false,\n\t\t\t\t\tmapTypeControl: false,\n\t\t\t\t\tpanControl: false,\n\t\t\t\t\tzoomControl: false,\n\t\t\t\t\tscrollwheel: true,\n\t\t\t\t\tdraggable: isDraggable,\n\t\t\t\t\tzoomControlOptions: {\n\t\t\t\t\t\tposition: google.maps.ControlPosition.right_bottom\n\t\t\t\t\t},mapTypeId: google.maps.MapTypeId.hybrid,};var map_map_69e9229037bf9 = new google.maps.Map(document.getElementById('map_69e9229037bf9'),mapOptions);\n\t\t\t\t\t\tvar x = 'infowindow_open_value';\n\t\t\t\t\t\tvar marker_map_69e9229037bf9 = new google.maps.Marker({\n\t\t\t\t\t\tposition: new google.maps.LatLng('50.81455', '4.38032'),\n\t\t\t\t\t\tanimation:  google.maps.Animation.DROP,\n\t\t\t\t\t\tmap: map_map_69e9229037bf9,\n\t\t\t\t\t\ticon: ''\n\t\t\t\t\t});\tgoogle.maps.event.addListener(marker_map_69e9229037bf9, 'click', toggleBounce);var infowindow = new google.maps.InfoWindow();\n\t\t\t\t\t\t\tinfowindow.setContent('<div class=\"map_info_text\" style=\\'color:#000;\\'>ULB Campus du Solbosch<br \/> B\u00e2timent K<\/div>');google.maps.event.addListener(marker_map_69e9229037bf9, 'click', function() {\n\t\t\t\t\t\t\t\tinfowindow.open(map_map_69e9229037bf9,marker_map_69e9229037bf9);\n\t\t\t\t\t\t  \t});}\n\t\t\tcatch(e){};\n\t\t\tjQuery(document).ready(function($){\n\t\t\t\tgoogle.maps.event.trigger(map_map_69e9229037bf9, 'resize');\n\t\t\t\t$(window).on('resize', function(){\n\t\t\t\t\tgoogle.maps.event.trigger(map_map_69e9229037bf9, 'resize');\n\t\t\t\t\tif(map_map_69e9229037bf9!=null)\n\t\t\t\t\t\tmap_map_69e9229037bf9.setCenter(coordinate_map_69e9229037bf9);\n\t\t\t\t});\n\t\t\t\t$('.ui-tabs').on('tabsactivate', function(event, ui) {\n\t\t\t\t   if($(this).find('.ultimate-map-wrapper').length > 0)\n\t\t\t\t\t{\n\t\t\t\t\t\tsetTimeout(function(){\n\t\t\t\t\t\t\t$(window).trigger('resize');\n\t\t\t\t\t\t},200);\n\t\t\t\t\t}\n\t\t\t\t});\n\t\t\t\t$('.ui-accordion').on('accordionactivate', function(event, ui) {\n\t\t\t\t   if($(this).find('.ultimate-map-wrapper').length > 0)\n\t\t\t\t\t{\n\t\t\t\t\t\tsetTimeout(function(){\n\t\t\t\t\t\t\t$(window).trigger('resize');\n\t\t\t\t\t\t},200);\n\t\t\t\t\t}\n\t\t\t\t});\n\t\t\t\t$(window).on('load',function(){\n\t\t\t\t\tsetTimeout(function(){\n\t\t\t\t\t\t$(window).trigger('resize');\n\t\t\t\t\t},200);\n\t\t\t\t});\n\t\t\t\t$('.ult_exp_section').on('select', function(){\n\t\t\t\t\tif($(map_map_69e9229037bf9).parents('.ult_exp_section'))\n\t\t\t\t\t{\n\t\t\t\t\t\tsetTimeout(function(){\n\t\t\t\t\t\t\t$(window).trigger('resize');\n\t\t\t\t\t\t},200);\n\t\t\t\t\t}\n\t\t\t\t});\n\t\t\t\t$(document).on('onUVCModalPopupOpen', function(){\n\t\t\t\t\tif($(map_map_69e9229037bf9).parents('.ult_modal-content'))\n\t\t\t\t\t{\n\t\t\t\t\t\tsetTimeout(function(){\n\t\t\t\t\t\t\t$(window).trigger('resize');\n\t\t\t\t\t\t},200);\n\t\t\t\t\t}\n\t\t\t\t});\n\t\t\t\t$(document).on('click','.ult_tab_li',function(){\n\t\t\t\t\t$(window).trigger('resize');\n\t\t\t\t\tsetTimeout(function(){\n\t\t\t\t\t\t$(window).trigger('resize');\n\t\t\t\t\t},200);\n\t\t\t\t});\n\t\t\t});\n\t\t\tfunction toggleBounce() {\n\t\t\t  if (marker_map_69e9229037bf9.getAnimation() != null) {\n\t\t\t\tmarker_map_69e9229037bf9.setAnimation(null);\n\t\t\t  } else {\n\t\t\t\tmarker_map_69e9229037bf9.setAnimation(google.maps.Animation.BOUNCE);\n\t\t\t  }\n\t\t\t}\n\t\t\t})(jQuery);\n\t\t\t<\/script>[\/vc_column][\/vc_row]\n<\/div>","protected":false},"excerpt":{"rendered":"<p>[vc_row full_width=\u00a0\u00bbtrue\u00a0\u00bb margin_top=\u00a0\u00bb-50&Prime; margin_bottom=\u00a0\u00bb0&Prime; bg_type=\u00a0\u00bbimage\u00a0\u00bb parallax_style=\u00a0\u00bbvcpb-default\u00a0\u00bb bg_image_new=\u00a0\u00bb1223&Prime; bg_image_repeat=\u00a0\u00bbno-repeat\u00a0\u00bb bg_image_posiiton=\u00a0\u00bb50% 55%\u00a0\u00bb min_height=\u00a0\u00bb200&Prime;][vc_column animation=\u00a0\u00bb\u00a0\u00bb][vc_row_inner][vc_column_inner width=\u00a0\u00bb1\/4&Prime;][vc_column_text el_class=\u00a0\u00bbtype\u00a0\u00bb css=\u00a0\u00bb.vc_custom_1458222433321{margin-top: 20px !important;padding-top: 10px !important;padding-right: 10px !important;padding-bottom: 10px !important;padding-left: 60px !important;background-color: #6c5098 !important;}\u00a0\u00bb]Animations [\/vc_column_text][\/vc_column_inner][vc_column_inner width=\u00a0\u00bb1\/4&Prime;][vc_column_text] [\/vc_column_text][\/vc_column_inner][vc_column_inner width=\u00a0\u00bb1\/4&Prime;][vc_column_text] [\/vc_column_text][\/vc_column_inner][vc_column_inner width=\u00a0\u00bb1\/4&Prime;][vc_column_text] [\/vc_column_text][\/vc_column_inner][\/vc_row_inner][vc_column_text el_class=\u00a0\u00bbtype\u00a0\u00bb css=\u00a0\u00bb.vc_custom_1458222456365{padding-top: 20px !important;padding-right: 60px !important;padding-left: 60px !important;}\u00a0\u00bb]Universit\u00e9 des enfants [\/vc_column_text][\/vc_column][\/vc_row][vc_row full_width=\u00a0\u00bbtrue\u00a0\u00bb margin_top=\u00a0\u00bb0&Prime; margin_bottom=\u00a0\u00bb0&Prime; bg_type=\u00a0\u00bbbg_color\u00a0\u00bb bg_color_value=\u00a0\u00bb#6c5098&Prime; el_class=\u00a0\u00bbblanc\u00a0\u00bb][vc_column width=\u00a0\u00bb1\/12&Prime; animation=\u00a0\u00bb\u00a0\u00bb][vc_icon icon_fontawesome=\u00a0\u00bbfa fa-calendar\u00a0\u00bb&hellip;<\/p>\n","protected":false},"author":1,"featured_media":0,"parent":0,"menu_order":0,"comment_status":"closed","ping_status":"closed","template":"","meta":{"footnotes":""},"class_list":["post-1222","page","type-page","status-publish","hentry","description-off"],"_links":{"self":[{"href":"https:\/\/sciences.brussels\/printemps\/wp-json\/wp\/v2\/pages\/1222"}],"collection":[{"href":"https:\/\/sciences.brussels\/printemps\/wp-json\/wp\/v2\/pages"}],"about":[{"href":"https:\/\/sciences.brussels\/printemps\/wp-json\/wp\/v2\/types\/page"}],"author":[{"embeddable":true,"href":"https:\/\/sciences.brussels\/printemps\/wp-json\/wp\/v2\/users\/1"}],"replies":[{"embeddable":true,"href":"https:\/\/sciences.brussels\/printemps\/wp-json\/wp\/v2\/comments?post=1222"}],"version-history":[{"count":1,"href":"https:\/\/sciences.brussels\/printemps\/wp-json\/wp\/v2\/pages\/1222\/revisions"}],"predecessor-version":[{"id":3500,"href":"https:\/\/sciences.brussels\/printemps\/wp-json\/wp\/v2\/pages\/1222\/revisions\/3500"}],"wp:attachment":[{"href":"https:\/\/sciences.brussels\/printemps\/wp-json\/wp\/v2\/media?parent=1222"}],"curies":[{"name":"wp","href":"https:\/\/api.w.org\/{rel}","templated":true}]}}