{"id":1171,"date":"2016-03-16T10:52:43","date_gmt":"2016-03-16T09:52:43","guid":{"rendered":"https:\/\/sciences.brussels\/printemps\/?page_id=1171"},"modified":"2016-06-03T12:08:03","modified_gmt":"2016-06-03T11:08:03","slug":"mt180","status":"publish","type":"page","link":"https:\/\/sciences.brussels\/printemps\/mt180\/","title":{"rendered":"Ma th\u00e8se en 180 secondes"},"content":{"rendered":"<div class=\"wpb-content-wrapper\">[vc_row full_width=\u00a0\u00bbtrue\u00a0\u00bb margin_top=\u00a0\u00bb-50&Prime; bg_type=\u00a0\u00bbimage\u00a0\u00bb parallax_style=\u00a0\u00bbvcpb-default\u00a0\u00bb bg_image_new=\u00a0\u00bb1172&Prime; bg_image_repeat=\u00a0\u00bbno-repeat\u00a0\u00bb bg_image_posiiton=\u00a0\u00bb50% 25%\u00a0\u00bb min_height=\u00a0\u00bb200&Prime;][vc_column][vc_row_inner][vc_column_inner width=\u00a0\u00bb1\/4&Prime;][vc_column_text el_class=\u00a0\u00bbtype\u00a0\u00bb css=\u00a0\u00bb.vc_custom_1458119238572{margin-top: 20px !important;padding-top: 10px !important;padding-right: 10px !important;padding-bottom: 10px !important;padding-left: 60px !important;background-color: #6c5098 !important;}\u00a0\u00bb]\n<p>\u00c9v\u00e9nement<\/p>\n[\/vc_column_text][\/vc_column_inner][vc_column_inner width=\u00a0\u00bb1\/4&Prime;]\n[\/vc_column_inner][vc_column_inner width=\u00a0\u00bb1\/4&Prime;]\n[\/vc_column_inner][vc_column_inner width=\u00a0\u00bb1\/4&Prime;]\n[\/vc_column_inner][\/vc_row_inner][vc_column_text el_class=\u00a0\u00bbtype\u00a0\u00bb css=\u00a0\u00bb.vc_custom_1458121722843{padding-top: 20px !important;padding-right: 60px !important;padding-left: 60px !important;}\u00a0\u00bb]Ma th\u00e8se en 180 secondes<br \/>\nFinale\u00a0ULB[\/vc_column_text][\/vc_column][\/vc_row][vc_row full_width=\u00a0\u00bbtrue\u00a0\u00bb margin_top=\u00a0\u00bb0&Prime; margin_bottom=\u00a0\u00bb0&Prime; bg_type=\u00a0\u00bbbg_color\u00a0\u00bb bg_color_value=\u00a0\u00bb#6c5098&Prime; el_class=\u00a0\u00bbblanc\u00a0\u00bb][vc_column width=\u00a0\u00bb1\/12&Prime;][vc_icon icon_fontawesome=\u00a0\u00bbfa fa-calendar\u00a0\u00bb color=\u00a0\u00bbwhite\u00a0\u00bb size=\u00a0\u00bbsm\u00a0\u00bb align=\u00a0\u00bbright\u00a0\u00bb css_animation=\u00a0\u00bbbottom-to-top\u00a0\u00bb][\/vc_column][vc_column width=\u00a0\u00bb1\/4&Prime;][vc_column_text css=\u00a0\u00bb.vc_custom_1458121659819{padding-top: 15px !important;padding-bottom: 15px !important;}\u00a0\u00bb el_class=\u00a0\u00bbblanco\u00a0\u00bb]\n<p>Samedi 19 mars \u00e0 14h<\/p>\n[\/vc_column_text][\/vc_column][vc_column width=\u00a0\u00bb1\/12&Prime;][vc_icon icon_fontawesome=\u00a0\u00bbfa fa-map-marker\u00a0\u00bb color=\u00a0\u00bbwhite\u00a0\u00bb size=\u00a0\u00bbsm\u00a0\u00bb align=\u00a0\u00bbright\u00a0\u00bb css_animation=\u00a0\u00bbbottom-to-top\u00a0\u00bb][\/vc_column][vc_column width=\u00a0\u00bb1\/4&Prime;][vc_column_text css=\u00a0\u00bb.vc_custom_1456306443423{padding-top: 15px !important;padding-bottom: 15px !important;}\u00a0\u00bb el_class=\u00a0\u00bbblanco\u00a0\u00bb]ULB Campus du Solbosch<br \/>\nB\u00e2timent\u00a0S &#8211; Salle Dupr\u00e9el[\/vc_column_text][\/vc_column][vc_column width=\u00a0\u00bb1\/12&Prime;][vc_icon icon_fontawesome=\u00a0\u00bbfa fa-users\u00a0\u00bb color=\u00a0\u00bbwhite\u00a0\u00bb size=\u00a0\u00bbsm\u00a0\u00bb align=\u00a0\u00bbright\u00a0\u00bb css_animation=\u00a0\u00bbbottom-to-top\u00a0\u00bb][\/vc_column][vc_column width=\u00a0\u00bb1\/4&Prime;][vc_column_text css=\u00a0\u00bb.vc_custom_1458121712929{padding-top: 15px !important;padding-bottom: 15px !important;}\u00a0\u00bb el_class=\u00a0\u00bbblanco\u00a0\u00bb]\n<p>Grand-public<\/p>\n[\/vc_column_text][\/vc_column][\/vc_row][vc_row full_width=\u00a0\u00bbtrue\u00a0\u00bb margin_top=\u00a0\u00bb-20&Prime; margin_bottom=\u00a0\u00bb0&Prime;][vc_column width=\u00a0\u00bb2\/3&Prime;][vc_column_text css=\u00a0\u00bb.vc_custom_1464952088423{padding-top: 30px !important;padding-right: 40px !important;padding-bottom: 30px !important;padding-left: 60px !important;}\u00a0\u00bb]Quel est le point commun entre la migration des rennes, de jeunes belgo-turcs, un traitement anti-tuberculeux, la langue cr\u00e9ole Kituba et les finances sociales\u00a0? Ce sont quelques-uns des th\u00e8mes de recherche que vous pr\u00e9senteront dix doctorants de l\u2019ULB lors des s\u00e9lections du concours \u00ab\u00a0Ma Th\u00e8se en 180\u00a0secondes\u00a0\u00bb.<\/p>\n<p>Le d\u00e9fi sera de taille\u00a0: r\u00e9sumer 4 ans de recherches (en moyenne 500.000\u00a0minutes\u00a0!) en 3\u00a0minutes seulement, dans un langage clair et accessible \u00e0 tous. L\u2019objectif\u00a0: convaincre le jury \u2013 compos\u00e9 de journalistes, de sp\u00e9cialistes de la communication et de professeurs de l\u2019ULB (voir encadr\u00e9) \u2013 mais aussi vous, le public, qui d\u00e9cernerez \u00e9galement votre prix\u00a0!<\/p>\n<p>Si l\u2019exercice s\u2019annonce difficile, le concours sera avant tout l\u2019occasion r\u00eav\u00e9e pour ces candidats de dialoguer avec le grand public et de structurer leurs recherches. Elle sera aussi un excellent exercice de communication, utile dans bien des circonstances\u00a0: un entretien d\u2019embauche, une interview t\u00e9l\u00e9vis\u00e9e et m\u00eame&#8230; un d\u00eener de famille\u00a0!<\/p>\n<p>Pour vous, le public, ce sera l\u2019occasion de d\u00e9couvrir des recherches de pointes dans la bonne humeur\u00a0!<\/p>\n<p>&nbsp;<\/p>\n<h2><strong>Candidats<\/strong><\/h2>\n<p>Cliquez sur le nom d&rsquo;un candidat pour d\u00e9couvrir sa prestation en vid\u00e9o :<\/p>\n<ul>\n<li><a href=\"https:\/\/www.youtube.com\/watch?v=EBNFbfxGR5U\">Marie-Astrid BUELENS, Histoire, art et arch\u00e9ologie<\/a>\u00a0*<\/li>\n<li><a href=\"https:\/\/www.youtube.com\/watch?v=tNBLZqd14GM\">Robin DEVOOGHT, Sciences de l&rsquo;ing\u00e9nieur et technologie<\/a>\u00a0*<\/li>\n<li><a href=\"https:\/\/www.youtube.com\/watch?v=SI9deiQcN9M\">Seyma GELEN, Sciences politiques et sociales<\/a><\/li>\n<li><a href=\"https:\/\/www.youtube.com\/watch?v=EkGHuaR0rE4\">Camille MEYER, Sciences \u00e9conomiques et de gestion<\/a><\/li>\n<li><a href=\"https:\/\/www.youtube.com\/watch?v=4ygfvaejU8s\">Guy N\u2019DOULI, Langues, lettres et traductologie<\/a><\/li>\n<li><a href=\"https:\/\/www.youtube.com\/watch?v=xvcEgh6rKqU\">Marcel NKUIZE, Sciences m\u00e9dicales<\/a><\/li>\n<li><a href=\"https:\/\/www.youtube.com\/watch?v=Ooiwg-VDCYI\">Malvina PIZZUTO, Sciences<\/a>\u00a0*<\/li>\n<li><a href=\"https:\/\/www.youtube.com\/watch?v=rNY1muE_nTc\">C\u00e9line RENS, Sciences biom\u00e9dicales et pharmaceutiques<\/a>\u00a0*<\/li>\n<\/ul>\n<p>* On \u00e9t\u00e9 s\u00e9lectionn\u00e9s par le jury pour concourir \u00e0 la finale nationale du 26 mai 2016<\/p>\n<h2><\/h2>\n<h2><strong>Jury<\/strong><\/h2>\n<p><strong>Serge Schiffmann (Pr\u00e9sident)<\/strong><\/p>\n<p>M\u00e9decin, Vice-recteur \u00e0 la recherche (ULB)<\/p>\n<p><strong>Fran\u00e7oise Bar\u00e9<\/strong><\/p>\n<p>Journaliste (RTBF)<\/p>\n<p><strong>Catherine Bouland<\/strong><\/p>\n<p>Biologiste, professeur (ULB)<\/p>\n<p><strong>Marie-Jos\u00e9 Gama<\/strong><\/p>\n<p>Coordinatrice du D\u00e9partement Inforsciences (ULB)<\/p>\n<p><strong>Nathalie Gobbe<\/strong><\/p>\n<p>Charg\u00e9e de la communication sur la recherche (ULB)<\/p>\n<p><strong>Jean-Jacques Jespers<\/strong><\/p>\n<p>Journaliste, professeur de l\u2019Universit\u00e9 (ULB)<\/p>\n<p><strong>Pierre Marage<\/strong><\/p>\n<p>Physicien, professeur de l\u2019Universit\u00e9 (ULB)[\/vc_column_text][vc_row_inner][vc_column_inner width=\u00a0\u00bb1\/4&Prime;]\n[\/vc_column_inner][vc_column_inner width=\u00a0\u00bb1\/4&Prime;][vc_column_text]<a class=\"dt-single-image\" href=\"https:\/\/sciences.brussels\/printemps\/wp-content\/uploads\/sites\/2\/2015\/12\/ulb3lg.png\" rel=\"attachment wp-att-376\" data-dt-img-description=\"\"><img loading=\"lazy\" decoding=\"async\" class=\"alignnone size-full wp-image-376\" src=\"https:\/\/sciences.brussels\/printemps\/wp-content\/uploads\/sites\/2\/2015\/12\/ulb3lg.png\" alt=\"ulb3lg\" width=\"1000\" height=\"1000\" srcset=\"https:\/\/sciences.brussels\/printemps\/wp-content\/uploads\/sites\/2\/2015\/12\/ulb3lg.png 1000w, https:\/\/sciences.brussels\/printemps\/wp-content\/uploads\/sites\/2\/2015\/12\/ulb3lg-150x150.png 150w, https:\/\/sciences.brussels\/printemps\/wp-content\/uploads\/sites\/2\/2015\/12\/ulb3lg-300x300.png 300w, https:\/\/sciences.brussels\/printemps\/wp-content\/uploads\/sites\/2\/2015\/12\/ulb3lg-768x768.png 768w, https:\/\/sciences.brussels\/printemps\/wp-content\/uploads\/sites\/2\/2015\/12\/ulb3lg-80x80.png 80w\" sizes=\"auto, (max-width: 1000px) 100vw, 1000px\" \/><\/a><\/p>\n[\/vc_column_text][\/vc_column_inner][vc_column_inner width=\u00a0\u00bb1\/4&Prime;]\n[\/vc_column_inner][vc_column_inner width=\u00a0\u00bb1\/4&Prime;]\n[\/vc_column_inner][\/vc_row_inner][\/vc_column][vc_column width=\u00a0\u00bb1\/3&Prime;][vc_column_text css=\u00a0\u00bb.vc_custom_1458150579544{padding-top: 30px !important;padding-bottom: 30px !important;}\u00a0\u00bb]<a class=\"dt-single-image\" href=\"https:\/\/sciences.brussels\/printemps\/wp-content\/uploads\/sites\/2\/2016\/03\/mt180affiche.jpg\" rel=\"attachment wp-att-1186\" data-dt-img-description=\"\"><img loading=\"lazy\" decoding=\"async\" class=\"alignnone size-full wp-image-1186\" src=\"https:\/\/sciences.brussels\/printemps\/wp-content\/uploads\/sites\/2\/2016\/03\/mt180affiche.jpg\" alt=\"mt180affiche\" width=\"1000\" height=\"962\" srcset=\"https:\/\/sciences.brussels\/printemps\/wp-content\/uploads\/sites\/2\/2016\/03\/mt180affiche.jpg 1000w, https:\/\/sciences.brussels\/printemps\/wp-content\/uploads\/sites\/2\/2016\/03\/mt180affiche-300x289.jpg 300w, https:\/\/sciences.brussels\/printemps\/wp-content\/uploads\/sites\/2\/2016\/03\/mt180affiche-768x739.jpg 768w, https:\/\/sciences.brussels\/printemps\/wp-content\/uploads\/sites\/2\/2016\/03\/mt180affiche-83x80.jpg 83w\" sizes=\"auto, (max-width: 1000px) 100vw, 1000px\" \/><\/a>.<\/p>\n[\/vc_column_text][vc_video link=\u00a0\u00bbhttps:\/\/www.youtube.com\/watch?v=v79xEW8BlJo\u00a0\u00bb css=\u00a0\u00bb.vc_custom_1458122259525{padding-top: 30px !important;padding-right: 20px !important;padding-bottom: 600px !important;padding-left: 20px !important;background-color: rgba(108,80,152,0.37) !important;*background-color: rgb(108,80,152) !important;}\u00a0\u00bb][\/vc_column][\/vc_row][vc_row full_width=\u00a0\u00bbtrue\u00a0\u00bb margin_top=\u00a0\u00bb0&Prime; margin_bottom=\u00a0\u00bb-50&Prime;][vc_column]<div id='wrap_map_69d24e11719e4' class='ultimate-map-wrapper ult-adjust-bottom-margin ' style=' height:300px;'><div id='map_69d24e11719e4' data-map_override='full' class='ultimate_google_map wpb_content_element 0' style='width:100%;height:300px;'><\/div><\/div><script type='text\/javascript'>\n\t\t\t(function($) {\n  \t\t\t'use strict';\n\t\t\tvar map_map_69d24e11719e4 = null;\n\t\t\tvar coordinate_map_69d24e11719e4;\n\t\t\tvar isDraggable = $(document).width() > 641 ? 'true' : 'true';\n\t\t\ttry\n\t\t\t{\n\t\t\t\tvar map_map_69d24e11719e4 = null;\n\t\t\t\tvar coordinate_map_69d24e11719e4;\n\t\t\t\tcoordinate_map_69d24e11719e4 = new google.maps.LatLng(50.81455, 4.38032);\n\t\t\t\tvar mapOptions=\n\t\t\t\t{\n\t\t\t\t\tzoom: 17,\n\t\t\t\t\tcenter: coordinate_map_69d24e11719e4,\n\t\t\t\t\tscaleControl: true,\n\t\t\t\t\tstreetViewControl: false,\n\t\t\t\t\tmapTypeControl: false,\n\t\t\t\t\tpanControl: false,\n\t\t\t\t\tzoomControl: false,\n\t\t\t\t\tscrollwheel: true,\n\t\t\t\t\tdraggable: isDraggable,\n\t\t\t\t\tzoomControlOptions: {\n\t\t\t\t\t\tposition: google.maps.ControlPosition.right_bottom\n\t\t\t\t\t},mapTypeId: google.maps.MapTypeId.hybrid,};var map_map_69d24e11719e4 = new google.maps.Map(document.getElementById('map_69d24e11719e4'),mapOptions);\n\t\t\t\t\t\tvar x = 'infowindow_open_value';\n\t\t\t\t\t\tvar marker_map_69d24e11719e4 = new google.maps.Marker({\n\t\t\t\t\t\tposition: new google.maps.LatLng('50.81455', '4.38032'),\n\t\t\t\t\t\tanimation:  google.maps.Animation.DROP,\n\t\t\t\t\t\tmap: map_map_69d24e11719e4,\n\t\t\t\t\t\ticon: ''\n\t\t\t\t\t});\tgoogle.maps.event.addListener(marker_map_69d24e11719e4, 'click', toggleBounce);var infowindow = new google.maps.InfoWindow();\n\t\t\t\t\t\t\tinfowindow.setContent('<div class=\"map_info_text\" style=\\'color:#000;\\'>ULB Campus du Solbosch<br \/> B\u00e2timent K<\/div>');google.maps.event.addListener(marker_map_69d24e11719e4, 'click', function() {\n\t\t\t\t\t\t\t\tinfowindow.open(map_map_69d24e11719e4,marker_map_69d24e11719e4);\n\t\t\t\t\t\t  \t});}\n\t\t\tcatch(e){};\n\t\t\tjQuery(document).ready(function($){\n\t\t\t\tgoogle.maps.event.trigger(map_map_69d24e11719e4, 'resize');\n\t\t\t\t$(window).on('resize', function(){\n\t\t\t\t\tgoogle.maps.event.trigger(map_map_69d24e11719e4, 'resize');\n\t\t\t\t\tif(map_map_69d24e11719e4!=null)\n\t\t\t\t\t\tmap_map_69d24e11719e4.setCenter(coordinate_map_69d24e11719e4);\n\t\t\t\t});\n\t\t\t\t$('.ui-tabs').on('tabsactivate', function(event, ui) {\n\t\t\t\t   if($(this).find('.ultimate-map-wrapper').length > 0)\n\t\t\t\t\t{\n\t\t\t\t\t\tsetTimeout(function(){\n\t\t\t\t\t\t\t$(window).trigger('resize');\n\t\t\t\t\t\t},200);\n\t\t\t\t\t}\n\t\t\t\t});\n\t\t\t\t$('.ui-accordion').on('accordionactivate', function(event, ui) {\n\t\t\t\t   if($(this).find('.ultimate-map-wrapper').length > 0)\n\t\t\t\t\t{\n\t\t\t\t\t\tsetTimeout(function(){\n\t\t\t\t\t\t\t$(window).trigger('resize');\n\t\t\t\t\t\t},200);\n\t\t\t\t\t}\n\t\t\t\t});\n\t\t\t\t$(window).on('load',function(){\n\t\t\t\t\tsetTimeout(function(){\n\t\t\t\t\t\t$(window).trigger('resize');\n\t\t\t\t\t},200);\n\t\t\t\t});\n\t\t\t\t$('.ult_exp_section').on('select', function(){\n\t\t\t\t\tif($(map_map_69d24e11719e4).parents('.ult_exp_section'))\n\t\t\t\t\t{\n\t\t\t\t\t\tsetTimeout(function(){\n\t\t\t\t\t\t\t$(window).trigger('resize');\n\t\t\t\t\t\t},200);\n\t\t\t\t\t}\n\t\t\t\t});\n\t\t\t\t$(document).on('onUVCModalPopupOpen', function(){\n\t\t\t\t\tif($(map_map_69d24e11719e4).parents('.ult_modal-content'))\n\t\t\t\t\t{\n\t\t\t\t\t\tsetTimeout(function(){\n\t\t\t\t\t\t\t$(window).trigger('resize');\n\t\t\t\t\t\t},200);\n\t\t\t\t\t}\n\t\t\t\t});\n\t\t\t\t$(document).on('click','.ult_tab_li',function(){\n\t\t\t\t\t$(window).trigger('resize');\n\t\t\t\t\tsetTimeout(function(){\n\t\t\t\t\t\t$(window).trigger('resize');\n\t\t\t\t\t},200);\n\t\t\t\t});\n\t\t\t});\n\t\t\tfunction toggleBounce() {\n\t\t\t  if (marker_map_69d24e11719e4.getAnimation() != null) {\n\t\t\t\tmarker_map_69d24e11719e4.setAnimation(null);\n\t\t\t  } else {\n\t\t\t\tmarker_map_69d24e11719e4.setAnimation(google.maps.Animation.BOUNCE);\n\t\t\t  }\n\t\t\t}\n\t\t\t})(jQuery);\n\t\t\t<\/script>[\/vc_column][\/vc_row]\n<\/div>","protected":false},"excerpt":{"rendered":"<p>[vc_row full_width=\u00a0\u00bbtrue\u00a0\u00bb margin_top=\u00a0\u00bb-50&Prime; bg_type=\u00a0\u00bbimage\u00a0\u00bb parallax_style=\u00a0\u00bbvcpb-default\u00a0\u00bb bg_image_new=\u00a0\u00bb1172&Prime; bg_image_repeat=\u00a0\u00bbno-repeat\u00a0\u00bb bg_image_posiiton=\u00a0\u00bb50% 25%\u00a0\u00bb min_height=\u00a0\u00bb200&Prime;][vc_column][vc_row_inner][vc_column_inner width=\u00a0\u00bb1\/4&Prime;][vc_column_text el_class=\u00a0\u00bbtype\u00a0\u00bb css=\u00a0\u00bb.vc_custom_1458119238572{margin-top: 20px !important;padding-top: 10px !important;padding-right: 10px !important;padding-bottom: 10px !important;padding-left: 60px !important;background-color: #6c5098 !important;}\u00a0\u00bb] \u00c9v\u00e9nement [\/vc_column_text][\/vc_column_inner][vc_column_inner width=\u00a0\u00bb1\/4&Prime;] [\/vc_column_inner][vc_column_inner width=\u00a0\u00bb1\/4&Prime;] [\/vc_column_inner][vc_column_inner width=\u00a0\u00bb1\/4&Prime;] [\/vc_column_inner][\/vc_row_inner][vc_column_text el_class=\u00a0\u00bbtype\u00a0\u00bb css=\u00a0\u00bb.vc_custom_1458121722843{padding-top: 20px !important;padding-right: 60px !important;padding-left: 60px !important;}\u00a0\u00bb]Ma th\u00e8se en 180 secondes Finale\u00a0ULB[\/vc_column_text][\/vc_column][\/vc_row][vc_row full_width=\u00a0\u00bbtrue\u00a0\u00bb margin_top=\u00a0\u00bb0&Prime; margin_bottom=\u00a0\u00bb0&Prime; bg_type=\u00a0\u00bbbg_color\u00a0\u00bb bg_color_value=\u00a0\u00bb#6c5098&Prime; el_class=\u00a0\u00bbblanc\u00a0\u00bb][vc_column width=\u00a0\u00bb1\/12&Prime;][vc_icon icon_fontawesome=\u00a0\u00bbfa fa-calendar\u00a0\u00bb&hellip;<\/p>\n","protected":false},"author":1,"featured_media":0,"parent":0,"menu_order":0,"comment_status":"closed","ping_status":"closed","template":"","meta":{"footnotes":""},"class_list":["post-1171","page","type-page","status-publish","hentry","description-off"],"_links":{"self":[{"href":"https:\/\/sciences.brussels\/printemps\/wp-json\/wp\/v2\/pages\/1171"}],"collection":[{"href":"https:\/\/sciences.brussels\/printemps\/wp-json\/wp\/v2\/pages"}],"about":[{"href":"https:\/\/sciences.brussels\/printemps\/wp-json\/wp\/v2\/types\/page"}],"author":[{"embeddable":true,"href":"https:\/\/sciences.brussels\/printemps\/wp-json\/wp\/v2\/users\/1"}],"replies":[{"embeddable":true,"href":"https:\/\/sciences.brussels\/printemps\/wp-json\/wp\/v2\/comments?post=1171"}],"version-history":[{"count":0,"href":"https:\/\/sciences.brussels\/printemps\/wp-json\/wp\/v2\/pages\/1171\/revisions"}],"wp:attachment":[{"href":"https:\/\/sciences.brussels\/printemps\/wp-json\/wp\/v2\/media?parent=1171"}],"curies":[{"name":"wp","href":"https:\/\/api.w.org\/{rel}","templated":true}]}}