{"id":1143,"date":"2016-03-12T17:35:23","date_gmt":"2016-03-12T16:35:23","guid":{"rendered":"https:\/\/sciences.brussels\/printemps\/?page_id=1143"},"modified":"2016-03-12T17:42:56","modified_gmt":"2016-03-12T16:42:56","slug":"betrix-hall","status":"publish","type":"page","link":"https:\/\/sciences.brussels\/printemps\/betrix-hall\/","title":{"rendered":"Sciences au Bertrix Hall"},"content":{"rendered":"<div class=\"wpb-content-wrapper\">[vc_row margin_top=\u00a0\u00bb-50&Prime; full_width=\u00a0\u00bbtrue\u00a0\u00bb padding_left=\u00a0\u00bb0&Prime; padding_right=\u00a0\u00bb0&Prime; bg_position=\u00a0\u00bbtop\u00a0\u00bb bg_repeat=\u00a0\u00bbno-repeat\u00a0\u00bb bg_cover=\u00a0\u00bbfalse\u00a0\u00bb bg_attachment=\u00a0\u00bbfalse\u00a0\u00bb padding_top=\u00a0\u00bb0&Prime; padding_bottom=\u00a0\u00bb0&Prime; enable_parallax=\u00a0\u00bb\u00a0\u00bb parallax_speed=\u00a0\u00bb0.1&Prime; video_opts=\u00a0\u00bb\u00a0\u00bb multi_color_overlay=\u00a0\u00bb\u00a0\u00bb min_height=\u00a0\u00bb200&Prime; bg_type=\u00a0\u00bbimage\u00a0\u00bb parallax_style=\u00a0\u00bbvcpb-default\u00a0\u00bb bg_image_new=\u00a0\u00bb1145&Prime; layer_image=\u00a0\u00bb604&Prime; bg_image_repeat=\u00a0\u00bbno-repeat\u00a0\u00bb parallax_sense=\u00a0\u00bb30&Prime; bg_image_posiiton=\u00a0\u00bb50% 50%\u00a0\u00bb][vc_column width=\u00a0\u00bb1\/1&Prime; animation=\u00a0\u00bb\u00a0\u00bb][vc_row_inner][vc_column_inner el_class=\u00a0\u00bb\u00a0\u00bb width=\u00a0\u00bb1\/4&Prime;][vc_column_text el_class=\u00a0\u00bbtype\u00a0\u00bb css=\u00a0\u00bb.vc_custom_1457799178616{margin-top: 20px !important;padding-top: 10px !important;padding-right: 10px !important;padding-bottom: 10px !important;padding-left: 60px !important;background-color: #6c5098 !important;}\u00a0\u00bb]Ateliers et conf\u00e9rences<\/p>\n[\/vc_column_text][\/vc_column_inner][vc_column_inner el_class=\u00a0\u00bb\u00a0\u00bb width=\u00a0\u00bb1\/4&Prime;]\n[\/vc_column_inner][vc_column_inner el_class=\u00a0\u00bb\u00a0\u00bb width=\u00a0\u00bb1\/4&Prime;]\n[\/vc_column_inner][vc_column_inner el_class=\u00a0\u00bb\u00a0\u00bb width=\u00a0\u00bb1\/4&Prime;]\n[\/vc_column_inner][\/vc_row_inner][vc_column_text el_class=\u00a0\u00bbtype\u00a0\u00bb css=\u00a0\u00bb.vc_custom_1457799203576{padding-top: 20px !important;padding-right: 60px !important;padding-left: 60px !important;}\u00a0\u00bb]Sciences au Bertrix Hall !<\/p>\n[\/vc_column_text][\/vc_column][\/vc_row][vc_row full_width=\u00a0\u00bbtrue\u00a0\u00bb bg_position=\u00a0\u00bbtop\u00a0\u00bb bg_repeat=\u00a0\u00bbno-repeat\u00a0\u00bb bg_cover=\u00a0\u00bbfalse\u00a0\u00bb bg_attachment=\u00a0\u00bbfalse\u00a0\u00bb padding_top=\u00a0\u00bb0&Prime; padding_bottom=\u00a0\u00bb0&Prime; enable_parallax=\u00a0\u00bb\u00a0\u00bb parallax_speed=\u00a0\u00bb0.1&Prime; bg_type=\u00a0\u00bbbg_color\u00a0\u00bb video_opts=\u00a0\u00bb\u00a0\u00bb multi_color_overlay=\u00a0\u00bb\u00a0\u00bb bg_color_value=\u00a0\u00bb#6c5098&Prime; el_class=\u00a0\u00bbblanc\u00a0\u00bb margin_bottom=\u00a0\u00bb0&Prime; margin_top=\u00a0\u00bb0&Prime;][vc_column width=\u00a0\u00bb1\/12&Prime; animation=\u00a0\u00bb\u00a0\u00bb][vc_icon type=\u00a0\u00bbfontawesome\u00a0\u00bb icon_fontawesome=\u00a0\u00bbfa fa-calendar\u00a0\u00bb icon_openiconic=\u00a0\u00bbvc-oi vc-oi-dial\u00a0\u00bb icon_typicons=\u00a0\u00bbtypcn typcn-adjust-brightness\u00a0\u00bb icon_entypo=\u00a0\u00bbentypo-icon entypo-icon-note\u00a0\u00bb icon_linecons=\u00a0\u00bbvc_li vc_li-heart\u00a0\u00bb color=\u00a0\u00bbwhite\u00a0\u00bb background_color=\u00a0\u00bbgrey\u00a0\u00bb size=\u00a0\u00bbsm\u00a0\u00bb align=\u00a0\u00bbright\u00a0\u00bb css_animation=\u00a0\u00bbbottom-to-top\u00a0\u00bb][\/vc_column][vc_column width=\u00a0\u00bb1\/4&Prime; animation=\u00a0\u00bb\u00a0\u00bb][vc_column_text css=\u00a0\u00bb.vc_custom_1457799963249{padding-top: 15px !important;padding-bottom: 15px !important;}\u00a0\u00bb el_class=\u00a0\u00bbblanco\u00a0\u00bb]Dimanche 20 mars de 12 \u00e0 18h<\/p>\n[\/vc_column_text][\/vc_column][vc_column width=\u00a0\u00bb1\/12&Prime; animation=\u00a0\u00bb\u00a0\u00bb][vc_icon type=\u00a0\u00bbfontawesome\u00a0\u00bb icon_fontawesome=\u00a0\u00bbfa fa-map-marker\u00a0\u00bb icon_openiconic=\u00a0\u00bbvc-oi vc-oi-dial\u00a0\u00bb icon_typicons=\u00a0\u00bbtypcn typcn-adjust-brightness\u00a0\u00bb icon_entypo=\u00a0\u00bbentypo-icon entypo-icon-note\u00a0\u00bb icon_linecons=\u00a0\u00bbvc_li vc_li-heart\u00a0\u00bb color=\u00a0\u00bbwhite\u00a0\u00bb background_color=\u00a0\u00bbgrey\u00a0\u00bb size=\u00a0\u00bbsm\u00a0\u00bb align=\u00a0\u00bbright\u00a0\u00bb css_animation=\u00a0\u00bbbottom-to-top\u00a0\u00bb][\/vc_column][vc_column width=\u00a0\u00bb1\/4&Prime; animation=\u00a0\u00bb\u00a0\u00bb][vc_column_text css=\u00a0\u00bb.vc_custom_1457799991483{padding-top: 15px !important;padding-bottom: 15px !important;}\u00a0\u00bb el_class=\u00a0\u00bbblanco\u00a0\u00bb]Bertrix Hall<br \/>\nPlace des Trois Fers<br \/>\n6880 Bertrix[\/vc_column_text][\/vc_column][vc_column width=\u00a0\u00bb1\/12&Prime; animation=\u00a0\u00bb\u00a0\u00bb][vc_icon type=\u00a0\u00bbfontawesome\u00a0\u00bb icon_fontawesome=\u00a0\u00bbfa fa-users\u00a0\u00bb icon_openiconic=\u00a0\u00bbvc-oi vc-oi-dial\u00a0\u00bb icon_typicons=\u00a0\u00bbtypcn typcn-adjust-brightness\u00a0\u00bb icon_entypo=\u00a0\u00bbentypo-icon entypo-icon-note\u00a0\u00bb icon_linecons=\u00a0\u00bbvc_li vc_li-heart\u00a0\u00bb color=\u00a0\u00bbwhite\u00a0\u00bb background_color=\u00a0\u00bbgrey\u00a0\u00bb size=\u00a0\u00bbsm\u00a0\u00bb align=\u00a0\u00bbright\u00a0\u00bb css_animation=\u00a0\u00bbbottom-to-top\u00a0\u00bb][\/vc_column][vc_column width=\u00a0\u00bb1\/4&Prime; animation=\u00a0\u00bb\u00a0\u00bb][vc_column_text css=\u00a0\u00bb.vc_custom_1457796731497{padding-top: 15px !important;padding-bottom: 15px !important;}\u00a0\u00bb el_class=\u00a0\u00bbblanco\u00a0\u00bb]Familles (\u00e0 partir de 3 ans)<\/p>\n[\/vc_column_text][\/vc_column][\/vc_row][vc_row margin_top=\u00a0\u00bb-20&Prime; full_width=\u00a0\u00bbtrue\u00a0\u00bb padding_left=\u00a0\u00bb60&Prime; bg_position=\u00a0\u00bbtop\u00a0\u00bb bg_repeat=\u00a0\u00bbno-repeat\u00a0\u00bb bg_cover=\u00a0\u00bbfalse\u00a0\u00bb bg_attachment=\u00a0\u00bbfalse\u00a0\u00bb padding_top=\u00a0\u00bb0&Prime; padding_bottom=\u00a0\u00bb0&Prime; enable_parallax=\u00a0\u00bb\u00a0\u00bb parallax_speed=\u00a0\u00bb0.1&Prime; video_opts=\u00a0\u00bb\u00a0\u00bb multi_color_overlay=\u00a0\u00bb\u00a0\u00bb margin_bottom=\u00a0\u00bb0&Prime;][vc_column width=\u00a0\u00bb2\/3&Prime; animation=\u00a0\u00bb\u00a0\u00bb][vc_column_text css=\u00a0\u00bb.vc_custom_1457800775713{padding-top: 30px !important;padding-right: 40px !important;padding-bottom: 30px !important;}\u00a0\u00bb]\n<h4>Pour les grands<\/h4>\n<p>1. Le pouvoir des graines germ\u00e9es : fabrication<br \/>\n2. Lecture des \u00e9tiquettes : explication<br \/>\n3. Nature Attitude : malette p\u00e9dagogique jeux<br \/>\n4. Entraide et Fraternit\u00e9 : animation<br \/>\n5. D\u00e9gustation : bio pas bio<br \/>\n6. Jeux quiz<\/p>\n<h4>Pour les petits<\/h4>\n<p>1. Le &lsquo;\u00a0faux-fruit, la fraise&rsquo; : bricolage<br \/>\n2. La fleur alimentaire : jeu et bricolage<br \/>\n3. Je suis un fruit\/l\u00e9gume : grimage<br \/>\n4. Le parachute alimentaire : la pyramide alimentaire<br \/>\n5. D\u00e9gustation \u00e0 l&rsquo;aveugle : senteurs et saveurs<br \/>\n6. Jeux quiz<\/p>\n<h4>Espace rencontre<\/h4>\n<p>1. La clinique du poids de Libramont : r\u00e9alit\u00e9s et a priori sur le poids rencontre avec di\u00e9ti\u00e9ticienne et kin\u00e9sith\u00e9rapeute<br \/>\n2. Coop\u00e9rative fermi\u00e8re de Gaume : conservation des aliments, risques de contamination, b\u00e9n\u00e9fices environnementaux<br \/>\n3. Maison des Jeunes de Libramont : les actions<br \/>\n4. Tourisme : informations productions r\u00e9gionales<br \/>\n5. Groupement d&rsquo;achats communs : informations<\/p>\n<h4>Conf\u00e9rences<\/h4>\n<h6>Et l&rsquo;homme cr\u00e9a de la biodiversit\u00e9<\/h6>\n<p>\u00e0 14h par\u00a0Hari Verlaet, bio-ing\u00e9nieur, ULB<br \/>\ninvit\u00e9 : Denis Collard, parrain du Printemps des Sciences 2016<\/p>\n<h6>Une vache qui brait \u2013 comprendre la souverainet\u00e9 alimentaire<\/h6>\n<p>\u00e0 16h, documentaire r\u00e9alis\u00e9 par les jeunes de la M.J de Libramont, suivi par les d\u00e9bats :<br \/>\n&#8211; Les solutions des jeunes contre la malbouffe<br \/>\n&#8211; Mon futur m\u00e9tier : agriculteur<br \/>\nAnimateur : M.J.<br \/>\nInvit\u00e9e : Amandine Henry de Entraide et Fraternit\u00e9 (ONG)<\/p>\n<h4>Petite restauration<\/h4>\n<p>Les 2 Orients, les verrines l\u00e9gumineuses, boissons[\/vc_column_text][\/vc_column][vc_column width=\u00a0\u00bb1\/3&Prime; animation=\u00a0\u00bb\u00a0\u00bb][vc_column_text css=\u00a0\u00bb.vc_custom_1457800747336{padding-top: 30px !important;padding-right: 60px !important;padding-bottom: 25px !important;padding-left: 15px !important;background-color: rgba(108,80,152,0.3) !important;*background-color: rgb(108,80,152) !important;}\u00a0\u00bb css_animation=\u00a0\u00bbfadeIn\u00a0\u00bb]\n<h4>Information<\/h4>\n<p>Caroline Danois-Maricq<br \/>\n0476 78 94 95<\/p>\n<p>&nbsp;<\/p>\n<p>&nbsp;<\/p>\n<p>&nbsp;<\/p>\n<p>&nbsp;<\/p>\n<p>&nbsp;<\/p>\n<p>&nbsp;<\/p>\n<p>&nbsp;<\/p>\n<p>&nbsp;<\/p>\n<p>&nbsp;<\/p>\n<p>&nbsp;<\/p>\n<p>&nbsp;<\/p>\n<p>&nbsp;<\/p>\n<p>&nbsp;<\/p>\n<p>&nbsp;<\/p>\n<p>&nbsp;<\/p>\n<p>&nbsp;<\/p>\n<p>&nbsp;<\/p>\n<p>&nbsp;<\/p>\n<p>&nbsp;<\/p>\n<p>&nbsp;<\/p>\n<p>&nbsp;<\/p>\n<p>&nbsp;<\/p>\n<p>&nbsp;<\/p>\n[\/vc_column_text][\/vc_column][\/vc_row][vc_row margin_top=\u00a0\u00bb0&Prime; margin_bottom=\u00a0\u00bb-50&Prime; full_width=\u00a0\u00bbtrue\u00a0\u00bb padding_left=\u00a0\u00bb0&Prime; padding_right=\u00a0\u00bb0&Prime; bg_position=\u00a0\u00bbtop\u00a0\u00bb bg_repeat=\u00a0\u00bbno-repeat\u00a0\u00bb bg_cover=\u00a0\u00bbfalse\u00a0\u00bb bg_attachment=\u00a0\u00bbfalse\u00a0\u00bb padding_top=\u00a0\u00bb0&Prime; padding_bottom=\u00a0\u00bb0&Prime; enable_parallax=\u00a0\u00bb\u00a0\u00bb parallax_speed=\u00a0\u00bb0.1&Prime; video_opts=\u00a0\u00bb\u00a0\u00bb multi_color_overlay=\u00a0\u00bb\u00a0\u00bb][vc_column width=\u00a0\u00bb1\/1&Prime; animation=\u00a0\u00bb\u00a0\u00bb]<div id='wrap_map_69d0c5f94d0c7' class='ultimate-map-wrapper ult-adjust-bottom-margin ' style=' height:300px;'><div id='map_69d0c5f94d0c7' data-map_override='full' class='ultimate_google_map wpb_content_element 0' style='width:100%;height:300px;'><\/div><\/div><script type='text\/javascript'>\n\t\t\t(function($) {\n  \t\t\t'use strict';\n\t\t\tvar map_map_69d0c5f94d0c7 = null;\n\t\t\tvar coordinate_map_69d0c5f94d0c7;\n\t\t\tvar isDraggable = $(document).width() > 641 ? 'true' : 'true';\n\t\t\ttry\n\t\t\t{\n\t\t\t\tvar map_map_69d0c5f94d0c7 = null;\n\t\t\t\tvar coordinate_map_69d0c5f94d0c7;\n\t\t\t\tcoordinate_map_69d0c5f94d0c7 = new google.maps.LatLng(49.85456, 5.25127);\n\t\t\t\tvar mapOptions=\n\t\t\t\t{\n\t\t\t\t\tzoom: 17,\n\t\t\t\t\tcenter: coordinate_map_69d0c5f94d0c7,\n\t\t\t\t\tscaleControl: true,\n\t\t\t\t\tstreetViewControl: false,\n\t\t\t\t\tmapTypeControl: false,\n\t\t\t\t\tpanControl: false,\n\t\t\t\t\tzoomControl: false,\n\t\t\t\t\tscrollwheel: true,\n\t\t\t\t\tdraggable: isDraggable,\n\t\t\t\t\tzoomControlOptions: {\n\t\t\t\t\t\tposition: google.maps.ControlPosition.right_bottom\n\t\t\t\t\t},mapTypeId: google.maps.MapTypeId.hybrid,};var map_map_69d0c5f94d0c7 = new google.maps.Map(document.getElementById('map_69d0c5f94d0c7'),mapOptions);\n\t\t\t\t\t\tvar x = 'infowindow_open_value';\n\t\t\t\t\t\tvar marker_map_69d0c5f94d0c7 = new google.maps.Marker({\n\t\t\t\t\t\tposition: new google.maps.LatLng('49.85456', '5.25127'),\n\t\t\t\t\t\tanimation:  google.maps.Animation.DROP,\n\t\t\t\t\t\tmap: map_map_69d0c5f94d0c7,\n\t\t\t\t\t\ticon: ''\n\t\t\t\t\t});\tgoogle.maps.event.addListener(marker_map_69d0c5f94d0c7, 'click', toggleBounce);var infowindow = new google.maps.InfoWindow();\n\t\t\t\t\t\t\tinfowindow.setContent('<div class=\"map_info_text\" style=\\'color:#000;\\'>ULB Campus du Solbosch<br \/> B\u00e2timent K<\/div>');google.maps.event.addListener(marker_map_69d0c5f94d0c7, 'click', function() {\n\t\t\t\t\t\t\t\tinfowindow.open(map_map_69d0c5f94d0c7,marker_map_69d0c5f94d0c7);\n\t\t\t\t\t\t  \t});}\n\t\t\tcatch(e){};\n\t\t\tjQuery(document).ready(function($){\n\t\t\t\tgoogle.maps.event.trigger(map_map_69d0c5f94d0c7, 'resize');\n\t\t\t\t$(window).on('resize', function(){\n\t\t\t\t\tgoogle.maps.event.trigger(map_map_69d0c5f94d0c7, 'resize');\n\t\t\t\t\tif(map_map_69d0c5f94d0c7!=null)\n\t\t\t\t\t\tmap_map_69d0c5f94d0c7.setCenter(coordinate_map_69d0c5f94d0c7);\n\t\t\t\t});\n\t\t\t\t$('.ui-tabs').on('tabsactivate', function(event, ui) {\n\t\t\t\t   if($(this).find('.ultimate-map-wrapper').length > 0)\n\t\t\t\t\t{\n\t\t\t\t\t\tsetTimeout(function(){\n\t\t\t\t\t\t\t$(window).trigger('resize');\n\t\t\t\t\t\t},200);\n\t\t\t\t\t}\n\t\t\t\t});\n\t\t\t\t$('.ui-accordion').on('accordionactivate', function(event, ui) {\n\t\t\t\t   if($(this).find('.ultimate-map-wrapper').length > 0)\n\t\t\t\t\t{\n\t\t\t\t\t\tsetTimeout(function(){\n\t\t\t\t\t\t\t$(window).trigger('resize');\n\t\t\t\t\t\t},200);\n\t\t\t\t\t}\n\t\t\t\t});\n\t\t\t\t$(window).on('load',function(){\n\t\t\t\t\tsetTimeout(function(){\n\t\t\t\t\t\t$(window).trigger('resize');\n\t\t\t\t\t},200);\n\t\t\t\t});\n\t\t\t\t$('.ult_exp_section').on('select', function(){\n\t\t\t\t\tif($(map_map_69d0c5f94d0c7).parents('.ult_exp_section'))\n\t\t\t\t\t{\n\t\t\t\t\t\tsetTimeout(function(){\n\t\t\t\t\t\t\t$(window).trigger('resize');\n\t\t\t\t\t\t},200);\n\t\t\t\t\t}\n\t\t\t\t});\n\t\t\t\t$(document).on('onUVCModalPopupOpen', function(){\n\t\t\t\t\tif($(map_map_69d0c5f94d0c7).parents('.ult_modal-content'))\n\t\t\t\t\t{\n\t\t\t\t\t\tsetTimeout(function(){\n\t\t\t\t\t\t\t$(window).trigger('resize');\n\t\t\t\t\t\t},200);\n\t\t\t\t\t}\n\t\t\t\t});\n\t\t\t\t$(document).on('click','.ult_tab_li',function(){\n\t\t\t\t\t$(window).trigger('resize');\n\t\t\t\t\tsetTimeout(function(){\n\t\t\t\t\t\t$(window).trigger('resize');\n\t\t\t\t\t},200);\n\t\t\t\t});\n\t\t\t});\n\t\t\tfunction toggleBounce() {\n\t\t\t  if (marker_map_69d0c5f94d0c7.getAnimation() != null) {\n\t\t\t\tmarker_map_69d0c5f94d0c7.setAnimation(null);\n\t\t\t  } else {\n\t\t\t\tmarker_map_69d0c5f94d0c7.setAnimation(google.maps.Animation.BOUNCE);\n\t\t\t  }\n\t\t\t}\n\t\t\t})(jQuery);\n\t\t\t<\/script>[\/vc_column][\/vc_row]\n<\/div>","protected":false},"excerpt":{"rendered":"<p>[vc_row margin_top=\u00a0\u00bb-50&Prime; full_width=\u00a0\u00bbtrue\u00a0\u00bb padding_left=\u00a0\u00bb0&Prime; padding_right=\u00a0\u00bb0&Prime; bg_position=\u00a0\u00bbtop\u00a0\u00bb bg_repeat=\u00a0\u00bbno-repeat\u00a0\u00bb bg_cover=\u00a0\u00bbfalse\u00a0\u00bb bg_attachment=\u00a0\u00bbfalse\u00a0\u00bb padding_top=\u00a0\u00bb0&Prime; padding_bottom=\u00a0\u00bb0&Prime; enable_parallax=\u00a0\u00bb\u00a0\u00bb parallax_speed=\u00a0\u00bb0.1&Prime; video_opts=\u00a0\u00bb\u00a0\u00bb multi_color_overlay=\u00a0\u00bb\u00a0\u00bb min_height=\u00a0\u00bb200&Prime; bg_type=\u00a0\u00bbimage\u00a0\u00bb parallax_style=\u00a0\u00bbvcpb-default\u00a0\u00bb bg_image_new=\u00a0\u00bb1145&Prime; layer_image=\u00a0\u00bb604&Prime; bg_image_repeat=\u00a0\u00bbno-repeat\u00a0\u00bb parallax_sense=\u00a0\u00bb30&Prime; bg_image_posiiton=\u00a0\u00bb50% 50%\u00a0\u00bb][vc_column width=\u00a0\u00bb1\/1&Prime; animation=\u00a0\u00bb\u00a0\u00bb][vc_row_inner][vc_column_inner el_class=\u00a0\u00bb\u00a0\u00bb width=\u00a0\u00bb1\/4&Prime;][vc_column_text el_class=\u00a0\u00bbtype\u00a0\u00bb css=\u00a0\u00bb.vc_custom_1457799178616{margin-top: 20px !important;padding-top: 10px !important;padding-right: 10px !important;padding-bottom: 10px !important;padding-left: 60px !important;background-color: #6c5098 !important;}\u00a0\u00bb]Ateliers et conf\u00e9rences [\/vc_column_text][\/vc_column_inner][vc_column_inner el_class=\u00a0\u00bb\u00a0\u00bb width=\u00a0\u00bb1\/4&Prime;] [\/vc_column_inner][vc_column_inner el_class=\u00a0\u00bb\u00a0\u00bb width=\u00a0\u00bb1\/4&Prime;] [\/vc_column_inner][vc_column_inner el_class=\u00a0\u00bb\u00a0\u00bb width=\u00a0\u00bb1\/4&Prime;] [\/vc_column_inner][\/vc_row_inner][vc_column_text el_class=\u00a0\u00bbtype\u00a0\u00bb&hellip;<\/p>\n","protected":false},"author":1,"featured_media":0,"parent":0,"menu_order":0,"comment_status":"closed","ping_status":"closed","template":"","meta":{"footnotes":""},"class_list":["post-1143","page","type-page","status-publish","hentry","description-off"],"_links":{"self":[{"href":"https:\/\/sciences.brussels\/printemps\/wp-json\/wp\/v2\/pages\/1143"}],"collection":[{"href":"https:\/\/sciences.brussels\/printemps\/wp-json\/wp\/v2\/pages"}],"about":[{"href":"https:\/\/sciences.brussels\/printemps\/wp-json\/wp\/v2\/types\/page"}],"author":[{"embeddable":true,"href":"https:\/\/sciences.brussels\/printemps\/wp-json\/wp\/v2\/users\/1"}],"replies":[{"embeddable":true,"href":"https:\/\/sciences.brussels\/printemps\/wp-json\/wp\/v2\/comments?post=1143"}],"version-history":[{"count":0,"href":"https:\/\/sciences.brussels\/printemps\/wp-json\/wp\/v2\/pages\/1143\/revisions"}],"wp:attachment":[{"href":"https:\/\/sciences.brussels\/printemps\/wp-json\/wp\/v2\/media?parent=1143"}],"curies":[{"name":"wp","href":"https:\/\/api.w.org\/{rel}","templated":true}]}}