{"id":1138,"date":"2016-03-12T16:42:07","date_gmt":"2016-03-12T15:42:07","guid":{"rendered":"https:\/\/sciences.brussels\/printemps\/?page_id=1138"},"modified":"2016-03-12T16:42:07","modified_gmt":"2016-03-12T15:42:07","slug":"ferme-bijou-a-orgeo","status":"publish","type":"page","link":"https:\/\/sciences.brussels\/printemps\/ferme-bijou-a-orgeo\/","title":{"rendered":"La ferme du Bijou \u00e0 Orgeo"},"content":{"rendered":"<div class=\"wpb-content-wrapper\">[vc_row margin_top=\u00a0\u00bb-50&Prime; full_width=\u00a0\u00bbtrue\u00a0\u00bb padding_left=\u00a0\u00bb0&Prime; padding_right=\u00a0\u00bb0&Prime; bg_position=\u00a0\u00bbtop\u00a0\u00bb bg_repeat=\u00a0\u00bbno-repeat\u00a0\u00bb bg_cover=\u00a0\u00bbfalse\u00a0\u00bb bg_attachment=\u00a0\u00bbfalse\u00a0\u00bb padding_top=\u00a0\u00bb0&Prime; padding_bottom=\u00a0\u00bb0&Prime; enable_parallax=\u00a0\u00bb\u00a0\u00bb parallax_speed=\u00a0\u00bb0.1&Prime; video_opts=\u00a0\u00bb\u00a0\u00bb multi_color_overlay=\u00a0\u00bb\u00a0\u00bb min_height=\u00a0\u00bb200&Prime; bg_type=\u00a0\u00bbimage\u00a0\u00bb parallax_style=\u00a0\u00bbvcpb-default\u00a0\u00bb bg_image_new=\u00a0\u00bb1139&Prime; layer_image=\u00a0\u00bb604&Prime; bg_image_repeat=\u00a0\u00bbno-repeat\u00a0\u00bb parallax_sense=\u00a0\u00bb30&Prime; bg_image_posiiton=\u00a0\u00bb50% 75%\u00a0\u00bb][vc_column width=\u00a0\u00bb1\/1&Prime; animation=\u00a0\u00bb\u00a0\u00bb][vc_row_inner][vc_column_inner el_class=\u00a0\u00bb\u00a0\u00bb width=\u00a0\u00bb1\/4&Prime;][vc_column_text el_class=\u00a0\u00bbtype\u00a0\u00bb css=\u00a0\u00bb.vc_custom_1457796312910{margin-top: 20px !important;padding-top: 10px !important;padding-right: 10px !important;padding-bottom: 10px !important;padding-left: 60px !important;background-color: #6c5098 !important;}\u00a0\u00bb]Visite<\/p>\n[\/vc_column_text][\/vc_column_inner][vc_column_inner el_class=\u00a0\u00bb\u00a0\u00bb width=\u00a0\u00bb1\/4&Prime;]\n[\/vc_column_inner][vc_column_inner el_class=\u00a0\u00bb\u00a0\u00bb width=\u00a0\u00bb1\/4&Prime;]\n[\/vc_column_inner][vc_column_inner el_class=\u00a0\u00bb\u00a0\u00bb width=\u00a0\u00bb1\/4&Prime;]\n[\/vc_column_inner][\/vc_row_inner][vc_column_text el_class=\u00a0\u00bbtype\u00a0\u00bb css=\u00a0\u00bb.vc_custom_1457796969027{padding-top: 20px !important;padding-right: 60px !important;padding-left: 60px !important;}\u00a0\u00bb]\n<p>La ferme du Bijou \u00e0 Orgeot<\/p>\n[\/vc_column_text][\/vc_column][\/vc_row][vc_row full_width=\u00a0\u00bbtrue\u00a0\u00bb bg_position=\u00a0\u00bbtop\u00a0\u00bb bg_repeat=\u00a0\u00bbno-repeat\u00a0\u00bb bg_cover=\u00a0\u00bbfalse\u00a0\u00bb bg_attachment=\u00a0\u00bbfalse\u00a0\u00bb padding_top=\u00a0\u00bb0&Prime; padding_bottom=\u00a0\u00bb0&Prime; enable_parallax=\u00a0\u00bb\u00a0\u00bb parallax_speed=\u00a0\u00bb0.1&Prime; bg_type=\u00a0\u00bbbg_color\u00a0\u00bb video_opts=\u00a0\u00bb\u00a0\u00bb multi_color_overlay=\u00a0\u00bb\u00a0\u00bb bg_color_value=\u00a0\u00bb#6c5098&Prime; el_class=\u00a0\u00bbblanc\u00a0\u00bb margin_bottom=\u00a0\u00bb0&Prime; margin_top=\u00a0\u00bb0&Prime;][vc_column width=\u00a0\u00bb1\/12&Prime; animation=\u00a0\u00bb\u00a0\u00bb][vc_icon type=\u00a0\u00bbfontawesome\u00a0\u00bb icon_fontawesome=\u00a0\u00bbfa fa-calendar\u00a0\u00bb icon_openiconic=\u00a0\u00bbvc-oi vc-oi-dial\u00a0\u00bb icon_typicons=\u00a0\u00bbtypcn typcn-adjust-brightness\u00a0\u00bb icon_entypo=\u00a0\u00bbentypo-icon entypo-icon-note\u00a0\u00bb icon_linecons=\u00a0\u00bbvc_li vc_li-heart\u00a0\u00bb color=\u00a0\u00bbwhite\u00a0\u00bb background_color=\u00a0\u00bbgrey\u00a0\u00bb size=\u00a0\u00bbsm\u00a0\u00bb align=\u00a0\u00bbright\u00a0\u00bb css_animation=\u00a0\u00bbbottom-to-top\u00a0\u00bb][\/vc_column][vc_column width=\u00a0\u00bb1\/4&Prime; animation=\u00a0\u00bb\u00a0\u00bb][vc_column_text css=\u00a0\u00bb.vc_custom_1457796344133{padding-top: 15px !important;padding-bottom: 15px !important;}\u00a0\u00bb el_class=\u00a0\u00bbblanco\u00a0\u00bb]Samedi 19 mars de 14 \u00e0 17h<\/p>\n[\/vc_column_text][\/vc_column][vc_column width=\u00a0\u00bb1\/12&Prime; animation=\u00a0\u00bb\u00a0\u00bb][vc_icon type=\u00a0\u00bbfontawesome\u00a0\u00bb icon_fontawesome=\u00a0\u00bbfa fa-map-marker\u00a0\u00bb icon_openiconic=\u00a0\u00bbvc-oi vc-oi-dial\u00a0\u00bb icon_typicons=\u00a0\u00bbtypcn typcn-adjust-brightness\u00a0\u00bb icon_entypo=\u00a0\u00bbentypo-icon entypo-icon-note\u00a0\u00bb icon_linecons=\u00a0\u00bbvc_li vc_li-heart\u00a0\u00bb color=\u00a0\u00bbwhite\u00a0\u00bb background_color=\u00a0\u00bbgrey\u00a0\u00bb size=\u00a0\u00bbsm\u00a0\u00bb align=\u00a0\u00bbright\u00a0\u00bb css_animation=\u00a0\u00bbbottom-to-top\u00a0\u00bb][\/vc_column][vc_column width=\u00a0\u00bb1\/4&Prime; animation=\u00a0\u00bb\u00a0\u00bb][vc_column_text css=\u00a0\u00bb.vc_custom_1457797229232{padding-top: 15px !important;padding-bottom: 15px !important;}\u00a0\u00bb el_class=\u00a0\u00bbblanco\u00a0\u00bb]Ferme du Bijou<br \/>\nRue Notre-Dame, 18<br \/>\n6880 Bertrix[\/vc_column_text][\/vc_column][vc_column width=\u00a0\u00bb1\/12&Prime; animation=\u00a0\u00bb\u00a0\u00bb][vc_icon type=\u00a0\u00bbfontawesome\u00a0\u00bb icon_fontawesome=\u00a0\u00bbfa fa-users\u00a0\u00bb icon_openiconic=\u00a0\u00bbvc-oi vc-oi-dial\u00a0\u00bb icon_typicons=\u00a0\u00bbtypcn typcn-adjust-brightness\u00a0\u00bb icon_entypo=\u00a0\u00bbentypo-icon entypo-icon-note\u00a0\u00bb icon_linecons=\u00a0\u00bbvc_li vc_li-heart\u00a0\u00bb color=\u00a0\u00bbwhite\u00a0\u00bb background_color=\u00a0\u00bbgrey\u00a0\u00bb size=\u00a0\u00bbsm\u00a0\u00bb align=\u00a0\u00bbright\u00a0\u00bb css_animation=\u00a0\u00bbbottom-to-top\u00a0\u00bb][\/vc_column][vc_column width=\u00a0\u00bb1\/4&Prime; animation=\u00a0\u00bb\u00a0\u00bb][vc_column_text css=\u00a0\u00bb.vc_custom_1457796731497{padding-top: 15px !important;padding-bottom: 15px !important;}\u00a0\u00bb el_class=\u00a0\u00bbblanco\u00a0\u00bb]Familles (\u00e0 partir de 3 ans)<\/p>\n[\/vc_column_text][\/vc_column][\/vc_row][vc_row margin_top=\u00a0\u00bb-20&Prime; full_width=\u00a0\u00bbtrue\u00a0\u00bb padding_left=\u00a0\u00bb60&Prime; bg_position=\u00a0\u00bbtop\u00a0\u00bb bg_repeat=\u00a0\u00bbno-repeat\u00a0\u00bb bg_cover=\u00a0\u00bbfalse\u00a0\u00bb bg_attachment=\u00a0\u00bbfalse\u00a0\u00bb padding_top=\u00a0\u00bb0&Prime; padding_bottom=\u00a0\u00bb0&Prime; enable_parallax=\u00a0\u00bb\u00a0\u00bb parallax_speed=\u00a0\u00bb0.1&Prime; video_opts=\u00a0\u00bb\u00a0\u00bb multi_color_overlay=\u00a0\u00bb\u00a0\u00bb margin_bottom=\u00a0\u00bb0&Prime;][vc_column width=\u00a0\u00bb2\/3&Prime; animation=\u00a0\u00bb\u00a0\u00bb][vc_column_text css=\u00a0\u00bb.vc_custom_1457797202461{padding-top: 30px !important;padding-right: 40px !important;padding-bottom: 30px !important;}\u00a0\u00bb]Visite de la propri\u00e9t\u00e9 et de la fabrication du fromage en compagnie\u00a0de Marie-Christine.<\/p>\n<p>Situ\u00e9e dans le petit village d\u2019Orgeo, la Ferme du Bijou pratique\u00a0l\u2019\u00e9levage biologique depuis 1997.<\/p>\n<p>Marie-Christine, fille, petite-fille, arri\u00e8re petite-fille d&rsquo;agriculteur\u00a0reprend l&rsquo;exploitation familiale. Sur une exploitation de 46 hectares\u00a0o\u00f9 paissent 35 vaches, son activit\u00e9 principale est la production\u00a0laiti\u00e8re.<\/p>\n<p>La ferme produit des fromages au lait cru de vaches Holstein\u00a0crois\u00e9es Normandes et mixtes, ainsi que du beurre et de la cr\u00e8me\u00a0fra\u00eeche. La transformation de toutes les mati\u00e8res premi\u00e8res est\u00a0faite sur place.<\/p>\n<p>Leur fiert\u00e9 : exercer le m\u00e9tier en toute honn\u00eatet\u00e9, veiller au\u00a0respect de la terre, des animaux et au bout de la cha\u00eene, des\u00a0consommateurs. Marie-Chirstine souhaite garder une production\u00a0\u00e0 taille humaine et ne pas devoir grandir pour survivre.[\/vc_column_text][vc_row_inner][vc_column_inner el_class=\u00a0\u00bb\u00a0\u00bb width=\u00a0\u00bb1\/4&Prime;]\n[\/vc_column_inner][vc_column_inner el_class=\u00a0\u00bb\u00a0\u00bb width=\u00a0\u00bb1\/4&Prime;]\n[\/vc_column_inner][vc_column_inner el_class=\u00a0\u00bb\u00a0\u00bb width=\u00a0\u00bb1\/4&Prime;]\n[\/vc_column_inner][vc_column_inner el_class=\u00a0\u00bb\u00a0\u00bb width=\u00a0\u00bb1\/4&Prime;]\n[\/vc_column_inner][\/vc_row_inner][\/vc_column][vc_column width=\u00a0\u00bb1\/3&Prime; animation=\u00a0\u00bb\u00a0\u00bb][vc_column_text css=\u00a0\u00bb.vc_custom_1457797292089{padding-top: 30px !important;padding-right: 60px !important;padding-bottom: 25px !important;padding-left: 15px !important;background-color: rgba(108,80,152,0.3) !important;*background-color: rgb(108,80,152) !important;}\u00a0\u00bb css_animation=\u00a0\u00bbfadeIn\u00a0\u00bb]\n<h4>Information<\/h4>\n<p>Marie-Christine Ansay<br \/>\n0494 48 22 29<\/p>\n<p>&nbsp;<\/p>\n<p>&nbsp;<\/p>\n<p>&nbsp;<\/p>\n<p>&nbsp;<\/p>\n<p>&nbsp;<\/p>\n<p>&nbsp;[\/vc_column_text][\/vc_column][\/vc_row][vc_row margin_top=\u00a0\u00bb0&Prime; margin_bottom=\u00a0\u00bb-50&Prime; full_width=\u00a0\u00bbtrue\u00a0\u00bb padding_left=\u00a0\u00bb0&Prime; padding_right=\u00a0\u00bb0&Prime; bg_position=\u00a0\u00bbtop\u00a0\u00bb bg_repeat=\u00a0\u00bbno-repeat\u00a0\u00bb bg_cover=\u00a0\u00bbfalse\u00a0\u00bb bg_attachment=\u00a0\u00bbfalse\u00a0\u00bb padding_top=\u00a0\u00bb0&Prime; padding_bottom=\u00a0\u00bb0&Prime; enable_parallax=\u00a0\u00bb\u00a0\u00bb parallax_speed=\u00a0\u00bb0.1&Prime; video_opts=\u00a0\u00bb\u00a0\u00bb multi_color_overlay=\u00a0\u00bb\u00a0\u00bb][vc_column width=\u00a0\u00bb1\/1&Prime; animation=\u00a0\u00bb\u00a0\u00bb]<div id='wrap_map_69f0f0eb7b8e6' class='ultimate-map-wrapper ult-adjust-bottom-margin ' style=' height:300px;'><div id='map_69f0f0eb7b8e6' data-map_override='full' class='ultimate_google_map wpb_content_element 0' style='width:100%;height:300px;'><\/div><\/div><script type='text\/javascript'>\n\t\t\t(function($) {\n  \t\t\t'use strict';\n\t\t\tvar map_map_69f0f0eb7b8e6 = null;\n\t\t\tvar coordinate_map_69f0f0eb7b8e6;\n\t\t\tvar isDraggable = $(document).width() > 641 ? 'true' : 'true';\n\t\t\ttry\n\t\t\t{\n\t\t\t\tvar map_map_69f0f0eb7b8e6 = null;\n\t\t\t\tvar coordinate_map_69f0f0eb7b8e6;\n\t\t\t\tcoordinate_map_69f0f0eb7b8e6 = new google.maps.LatLng(49.83402, 5.30961);\n\t\t\t\tvar mapOptions=\n\t\t\t\t{\n\t\t\t\t\tzoom: 17,\n\t\t\t\t\tcenter: coordinate_map_69f0f0eb7b8e6,\n\t\t\t\t\tscaleControl: true,\n\t\t\t\t\tstreetViewControl: false,\n\t\t\t\t\tmapTypeControl: false,\n\t\t\t\t\tpanControl: false,\n\t\t\t\t\tzoomControl: false,\n\t\t\t\t\tscrollwheel: true,\n\t\t\t\t\tdraggable: isDraggable,\n\t\t\t\t\tzoomControlOptions: {\n\t\t\t\t\t\tposition: google.maps.ControlPosition.right_bottom\n\t\t\t\t\t},mapTypeId: google.maps.MapTypeId.hybrid,};var map_map_69f0f0eb7b8e6 = new google.maps.Map(document.getElementById('map_69f0f0eb7b8e6'),mapOptions);\n\t\t\t\t\t\tvar x = 'infowindow_open_value';\n\t\t\t\t\t\tvar marker_map_69f0f0eb7b8e6 = new google.maps.Marker({\n\t\t\t\t\t\tposition: new google.maps.LatLng('49.83402', '5.30961'),\n\t\t\t\t\t\tanimation:  google.maps.Animation.DROP,\n\t\t\t\t\t\tmap: map_map_69f0f0eb7b8e6,\n\t\t\t\t\t\ticon: ''\n\t\t\t\t\t});\tgoogle.maps.event.addListener(marker_map_69f0f0eb7b8e6, 'click', toggleBounce);var infowindow = new google.maps.InfoWindow();\n\t\t\t\t\t\t\tinfowindow.setContent('<div class=\"map_info_text\" style=\\'color:#000;\\'>ULB Campus du Solbosch<br \/> B\u00e2timent K<\/div>');google.maps.event.addListener(marker_map_69f0f0eb7b8e6, 'click', function() {\n\t\t\t\t\t\t\t\tinfowindow.open(map_map_69f0f0eb7b8e6,marker_map_69f0f0eb7b8e6);\n\t\t\t\t\t\t  \t});}\n\t\t\tcatch(e){};\n\t\t\tjQuery(document).ready(function($){\n\t\t\t\tgoogle.maps.event.trigger(map_map_69f0f0eb7b8e6, 'resize');\n\t\t\t\t$(window).on('resize', function(){\n\t\t\t\t\tgoogle.maps.event.trigger(map_map_69f0f0eb7b8e6, 'resize');\n\t\t\t\t\tif(map_map_69f0f0eb7b8e6!=null)\n\t\t\t\t\t\tmap_map_69f0f0eb7b8e6.setCenter(coordinate_map_69f0f0eb7b8e6);\n\t\t\t\t});\n\t\t\t\t$('.ui-tabs').on('tabsactivate', function(event, ui) {\n\t\t\t\t   if($(this).find('.ultimate-map-wrapper').length > 0)\n\t\t\t\t\t{\n\t\t\t\t\t\tsetTimeout(function(){\n\t\t\t\t\t\t\t$(window).trigger('resize');\n\t\t\t\t\t\t},200);\n\t\t\t\t\t}\n\t\t\t\t});\n\t\t\t\t$('.ui-accordion').on('accordionactivate', function(event, ui) {\n\t\t\t\t   if($(this).find('.ultimate-map-wrapper').length > 0)\n\t\t\t\t\t{\n\t\t\t\t\t\tsetTimeout(function(){\n\t\t\t\t\t\t\t$(window).trigger('resize');\n\t\t\t\t\t\t},200);\n\t\t\t\t\t}\n\t\t\t\t});\n\t\t\t\t$(window).on('load',function(){\n\t\t\t\t\tsetTimeout(function(){\n\t\t\t\t\t\t$(window).trigger('resize');\n\t\t\t\t\t},200);\n\t\t\t\t});\n\t\t\t\t$('.ult_exp_section').on('select', function(){\n\t\t\t\t\tif($(map_map_69f0f0eb7b8e6).parents('.ult_exp_section'))\n\t\t\t\t\t{\n\t\t\t\t\t\tsetTimeout(function(){\n\t\t\t\t\t\t\t$(window).trigger('resize');\n\t\t\t\t\t\t},200);\n\t\t\t\t\t}\n\t\t\t\t});\n\t\t\t\t$(document).on('onUVCModalPopupOpen', function(){\n\t\t\t\t\tif($(map_map_69f0f0eb7b8e6).parents('.ult_modal-content'))\n\t\t\t\t\t{\n\t\t\t\t\t\tsetTimeout(function(){\n\t\t\t\t\t\t\t$(window).trigger('resize');\n\t\t\t\t\t\t},200);\n\t\t\t\t\t}\n\t\t\t\t});\n\t\t\t\t$(document).on('click','.ult_tab_li',function(){\n\t\t\t\t\t$(window).trigger('resize');\n\t\t\t\t\tsetTimeout(function(){\n\t\t\t\t\t\t$(window).trigger('resize');\n\t\t\t\t\t},200);\n\t\t\t\t});\n\t\t\t});\n\t\t\tfunction toggleBounce() {\n\t\t\t  if (marker_map_69f0f0eb7b8e6.getAnimation() != null) {\n\t\t\t\tmarker_map_69f0f0eb7b8e6.setAnimation(null);\n\t\t\t  } else {\n\t\t\t\tmarker_map_69f0f0eb7b8e6.setAnimation(google.maps.Animation.BOUNCE);\n\t\t\t  }\n\t\t\t}\n\t\t\t})(jQuery);\n\t\t\t<\/script>[\/vc_column][\/vc_row]\n<\/div>","protected":false},"excerpt":{"rendered":"<p>[vc_row margin_top=\u00a0\u00bb-50&Prime; full_width=\u00a0\u00bbtrue\u00a0\u00bb padding_left=\u00a0\u00bb0&Prime; padding_right=\u00a0\u00bb0&Prime; bg_position=\u00a0\u00bbtop\u00a0\u00bb bg_repeat=\u00a0\u00bbno-repeat\u00a0\u00bb bg_cover=\u00a0\u00bbfalse\u00a0\u00bb bg_attachment=\u00a0\u00bbfalse\u00a0\u00bb padding_top=\u00a0\u00bb0&Prime; padding_bottom=\u00a0\u00bb0&Prime; enable_parallax=\u00a0\u00bb\u00a0\u00bb parallax_speed=\u00a0\u00bb0.1&Prime; video_opts=\u00a0\u00bb\u00a0\u00bb multi_color_overlay=\u00a0\u00bb\u00a0\u00bb min_height=\u00a0\u00bb200&Prime; bg_type=\u00a0\u00bbimage\u00a0\u00bb parallax_style=\u00a0\u00bbvcpb-default\u00a0\u00bb bg_image_new=\u00a0\u00bb1139&Prime; layer_image=\u00a0\u00bb604&Prime; bg_image_repeat=\u00a0\u00bbno-repeat\u00a0\u00bb parallax_sense=\u00a0\u00bb30&Prime; bg_image_posiiton=\u00a0\u00bb50% 75%\u00a0\u00bb][vc_column width=\u00a0\u00bb1\/1&Prime; animation=\u00a0\u00bb\u00a0\u00bb][vc_row_inner][vc_column_inner el_class=\u00a0\u00bb\u00a0\u00bb width=\u00a0\u00bb1\/4&Prime;][vc_column_text el_class=\u00a0\u00bbtype\u00a0\u00bb css=\u00a0\u00bb.vc_custom_1457796312910{margin-top: 20px !important;padding-top: 10px !important;padding-right: 10px !important;padding-bottom: 10px !important;padding-left: 60px !important;background-color: #6c5098 !important;}\u00a0\u00bb]Visite [\/vc_column_text][\/vc_column_inner][vc_column_inner el_class=\u00a0\u00bb\u00a0\u00bb width=\u00a0\u00bb1\/4&Prime;] [\/vc_column_inner][vc_column_inner el_class=\u00a0\u00bb\u00a0\u00bb width=\u00a0\u00bb1\/4&Prime;] [\/vc_column_inner][vc_column_inner el_class=\u00a0\u00bb\u00a0\u00bb width=\u00a0\u00bb1\/4&Prime;] [\/vc_column_inner][\/vc_row_inner][vc_column_text el_class=\u00a0\u00bbtype\u00a0\u00bb css=\u00a0\u00bb.vc_custom_1457796969027{padding-top: 20px&hellip;<\/p>\n","protected":false},"author":1,"featured_media":0,"parent":0,"menu_order":0,"comment_status":"closed","ping_status":"closed","template":"","meta":{"footnotes":""},"class_list":["post-1138","page","type-page","status-publish","hentry","description-off"],"_links":{"self":[{"href":"https:\/\/sciences.brussels\/printemps\/wp-json\/wp\/v2\/pages\/1138"}],"collection":[{"href":"https:\/\/sciences.brussels\/printemps\/wp-json\/wp\/v2\/pages"}],"about":[{"href":"https:\/\/sciences.brussels\/printemps\/wp-json\/wp\/v2\/types\/page"}],"author":[{"embeddable":true,"href":"https:\/\/sciences.brussels\/printemps\/wp-json\/wp\/v2\/users\/1"}],"replies":[{"embeddable":true,"href":"https:\/\/sciences.brussels\/printemps\/wp-json\/wp\/v2\/comments?post=1138"}],"version-history":[{"count":0,"href":"https:\/\/sciences.brussels\/printemps\/wp-json\/wp\/v2\/pages\/1138\/revisions"}],"wp:attachment":[{"href":"https:\/\/sciences.brussels\/printemps\/wp-json\/wp\/v2\/media?parent=1138"}],"curies":[{"name":"wp","href":"https:\/\/api.w.org\/{rel}","templated":true}]}}