{"id":1111,"date":"2016-03-09T15:25:19","date_gmt":"2016-03-09T14:25:19","guid":{"rendered":"https:\/\/sciences.brussels\/printemps\/?page_id=1111"},"modified":"2016-06-02T15:05:59","modified_gmt":"2016-06-02T14:05:59","slug":"demonstrations-delectromagnetisme","status":"publish","type":"page","link":"https:\/\/sciences.brussels\/printemps\/edition2016\/demonstrations-delectromagnetisme\/","title":{"rendered":"D\u00e9monstrations d&rsquo;\u00e9lectromagn\u00e9tisme"},"content":{"rendered":"<div class=\"wpb-content-wrapper\">[vc_row full_width=\u00a0\u00bbtrue\u00a0\u00bb margin_top=\u00a0\u00bb-50&Prime; margin_bottom=\u00a0\u00bb0&Prime; bg_type=\u00a0\u00bbimage\u00a0\u00bb parallax_style=\u00a0\u00bbvcpb-default\u00a0\u00bb bg_image_new=\u00a0\u00bb1113&Prime; bg_image_repeat=\u00a0\u00bbno-repeat\u00a0\u00bb bg_image_posiiton=\u00a0\u00bb50% 50%\u00a0\u00bb min_height=\u00a0\u00bb200&Prime;][vc_column][vc_row_inner][vc_column_inner width=\u00a0\u00bb1\/4&Prime;][vc_column_text el_class=\u00a0\u00bbtype\u00a0\u00bb css=\u00a0\u00bb.vc_custom_1457528611356{margin-top: 20px !important;padding-top: 10px !important;padding-right: 10px !important;padding-bottom: 10px !important;padding-left: 60px !important;background-color: #6c5098 !important;}\u00a0\u00bb]Spectacle<\/p>\n[\/vc_column_text][\/vc_column_inner][vc_column_inner width=\u00a0\u00bb1\/4&Prime;]\n[\/vc_column_inner][vc_column_inner width=\u00a0\u00bb1\/4&Prime;]\n[\/vc_column_inner][vc_column_inner width=\u00a0\u00bb1\/4&Prime;]\n[\/vc_column_inner][\/vc_row_inner][vc_column_text el_class=\u00a0\u00bbtype\u00a0\u00bb css=\u00a0\u00bb.vc_custom_1457533180855{padding-top: 20px !important;padding-right: 60px !important;padding-left: 60px !important;}\u00a0\u00bb]\n<p>D\u00e9monstrations d&rsquo;\u00e9lectromagn\u00e9tisme<\/p>\n[\/vc_column_text][\/vc_column][\/vc_row][vc_row full_width=\u00a0\u00bbtrue\u00a0\u00bb margin_top=\u00a0\u00bb0&Prime; margin_bottom=\u00a0\u00bb0&Prime; bg_type=\u00a0\u00bbbg_color\u00a0\u00bb bg_color_value=\u00a0\u00bb#6c5098&Prime; el_class=\u00a0\u00bbblanc\u00a0\u00bb][vc_column width=\u00a0\u00bb1\/12&Prime;][vc_icon icon_fontawesome=\u00a0\u00bbfa fa-calendar\u00a0\u00bb color=\u00a0\u00bbwhite\u00a0\u00bb size=\u00a0\u00bbsm\u00a0\u00bb align=\u00a0\u00bbright\u00a0\u00bb css_animation=\u00a0\u00bbbottom-to-top\u00a0\u00bb][\/vc_column][vc_column width=\u00a0\u00bb1\/4&Prime;][vc_column_text css=\u00a0\u00bb.vc_custom_1457533140167{padding-top: 15px !important;padding-bottom: 15px !important;}\u00a0\u00bb el_class=\u00a0\u00bbblanco\u00a0\u00bb]\n<p>Dimanche 20 mars \u00e0 14h<\/p>\n[\/vc_column_text][\/vc_column][vc_column width=\u00a0\u00bb1\/12&Prime;][vc_icon icon_fontawesome=\u00a0\u00bbfa fa-map-marker\u00a0\u00bb color=\u00a0\u00bbwhite\u00a0\u00bb size=\u00a0\u00bbsm\u00a0\u00bb align=\u00a0\u00bbright\u00a0\u00bb css_animation=\u00a0\u00bbbottom-to-top\u00a0\u00bb][\/vc_column][vc_column width=\u00a0\u00bb1\/4&Prime;][vc_column_text css=\u00a0\u00bb.vc_custom_1456306443423{padding-top: 15px !important;padding-bottom: 15px !important;}\u00a0\u00bb el_class=\u00a0\u00bbblanco\u00a0\u00bb]ULB Campus du Solbosch<br \/>\nB\u00e2timent\u00a0S &#8211; Salle Dupr\u00e9el[\/vc_column_text][\/vc_column][vc_column width=\u00a0\u00bb1\/12&Prime;][vc_icon icon_fontawesome=\u00a0\u00bbfa fa-users\u00a0\u00bb color=\u00a0\u00bbwhite\u00a0\u00bb size=\u00a0\u00bbsm\u00a0\u00bb align=\u00a0\u00bbright\u00a0\u00bb css_animation=\u00a0\u00bbbottom-to-top\u00a0\u00bb][\/vc_column][vc_column width=\u00a0\u00bb1\/4&Prime;][vc_column_text css=\u00a0\u00bb.vc_custom_1457533156174{padding-top: 15px !important;padding-bottom: 15px !important;}\u00a0\u00bb el_class=\u00a0\u00bbblanco\u00a0\u00bb]\n<p>Familles (14 ans et plus)<\/p>\n[\/vc_column_text][\/vc_column][\/vc_row][vc_row margin_top=\u00a0\u00bb-50&Prime; margin_bottom=\u00a0\u00bb-60&Prime; full_width_row=\u00a0\u00bbtrue\u00a0\u00bb padding_left=\u00a0\u00bb0&Prime; padding_right=\u00a0\u00bb0&Prime; css=\u00a0\u00bb.vc_custom_1464876363422{margin-bottom: 0px !important;}\u00a0\u00bb][vc_column width=\u00a0\u00bb2\/3&Prime;][vc_column_text css=\u00a0\u00bb.vc_custom_1464876092087{padding-top: 30px !important;padding-right: 40px !important;padding-bottom: 30px !important;padding-left: 60px !important;}\u00a0\u00bb]Une quarantaine d&rsquo;exp\u00e9riences spectaculaires et interactives ont \u00e9t\u00e9\u00a0l&rsquo;occasion de pr\u00e9senter un chapitre en pleine expansion de la physique\u00a0: l\u2019\u00e9lectromagn\u00e9tisme.<\/p>\n<p>Par des exp\u00e9riences d\u00e9monstratives, ont \u00e9t\u00e9 pr\u00e9sent\u00e9es les lois de Laplace, de Lenz et de Faraday ainsi que les courants de Foucault. Des exemples vari\u00e9s d\u2019applications technologiques de\u00a0l\u2019\u00e9lectromagn\u00e9tisme dans la vie quotidienne ont \u00e9t\u00e9 d\u00e9velopp\u00e9s\u00a0en passant du fonctionnement d\u2019un simple moteur \u00e9lectrique \u00e0 celui de la guitare \u00e9lectrique ou \u00e0 la plaque de cuisson \u00e0 induction.[\/vc_column_text][vc_media_grid element_width=\u00a0\u00bb2&Prime; grid_id=\u00a0\u00bbvc_gid:1464876121717-8c53e78b-e226-0&Prime; include=\u00a0\u00bb1389,1384,1379&Prime; css=\u00a0\u00bb.vc_custom_1464875713212{margin-left: 60px !important;}\u00a0\u00bb][vc_row_inner][vc_column_inner width=\u00a0\u00bb1\/4&Prime;]\n[\/vc_column_inner][vc_column_inner width=\u00a0\u00bb1\/4&Prime;][vc_column_text]<a class=\"dt-single-image\" href=\"https:\/\/sciences.brussels\/printemps\/wp-content\/uploads\/sites\/2\/2015\/12\/ulb3lg.png\" rel=\"attachment wp-att-376\" data-dt-img-description=\"\"><img loading=\"lazy\" decoding=\"async\" class=\"alignnone size-full wp-image-376\" src=\"https:\/\/sciences.brussels\/printemps\/wp-content\/uploads\/sites\/2\/2015\/12\/ulb3lg.png\" alt=\"ulb3lg\" width=\"1000\" height=\"1000\" srcset=\"https:\/\/sciences.brussels\/printemps\/wp-content\/uploads\/sites\/2\/2015\/12\/ulb3lg.png 1000w, https:\/\/sciences.brussels\/printemps\/wp-content\/uploads\/sites\/2\/2015\/12\/ulb3lg-150x150.png 150w, https:\/\/sciences.brussels\/printemps\/wp-content\/uploads\/sites\/2\/2015\/12\/ulb3lg-300x300.png 300w, https:\/\/sciences.brussels\/printemps\/wp-content\/uploads\/sites\/2\/2015\/12\/ulb3lg-768x768.png 768w, https:\/\/sciences.brussels\/printemps\/wp-content\/uploads\/sites\/2\/2015\/12\/ulb3lg-80x80.png 80w\" sizes=\"auto, (max-width: 1000px) 100vw, 1000px\" \/><\/a><\/p>\n[\/vc_column_text][\/vc_column_inner][vc_column_inner width=\u00a0\u00bb1\/4&Prime;][vc_column_text]<a class=\"dt-single-image\" href=\"https:\/\/sciences.brussels\/printemps\/wp-content\/uploads\/sites\/2\/2015\/12\/sciences.png\" rel=\"attachment wp-att-375\" data-dt-img-description=\"\"><img loading=\"lazy\" decoding=\"async\" class=\"alignnone size-full wp-image-375\" src=\"https:\/\/sciences.brussels\/printemps\/wp-content\/uploads\/sites\/2\/2015\/12\/sciences.png\" alt=\"sciences\" width=\"1000\" height=\"1000\" srcset=\"https:\/\/sciences.brussels\/printemps\/wp-content\/uploads\/sites\/2\/2015\/12\/sciences.png 1000w, https:\/\/sciences.brussels\/printemps\/wp-content\/uploads\/sites\/2\/2015\/12\/sciences-150x150.png 150w, https:\/\/sciences.brussels\/printemps\/wp-content\/uploads\/sites\/2\/2015\/12\/sciences-300x300.png 300w, https:\/\/sciences.brussels\/printemps\/wp-content\/uploads\/sites\/2\/2015\/12\/sciences-768x768.png 768w, https:\/\/sciences.brussels\/printemps\/wp-content\/uploads\/sites\/2\/2015\/12\/sciences-80x80.png 80w\" sizes=\"auto, (max-width: 1000px) 100vw, 1000px\" \/><\/a><\/p>\n[\/vc_column_text][\/vc_column_inner][vc_column_inner width=\u00a0\u00bb1\/4&Prime;]\n[\/vc_column_inner][\/vc_row_inner][\/vc_column][vc_column width=\u00a0\u00bb1\/3&Prime; css=\u00a0\u00bb.vc_custom_1464876073545{margin-top: -40px !important;}\u00a0\u00bb][vc_column_text css_animation=\u00a0\u00bbfadeIn\u00a0\u00bb css=\u00a0\u00bb.vc_custom_1464876002358{padding-top: 30px !important;padding-right: 60px !important;padding-bottom: 25px !important;padding-left: 15px !important;background-color: rgba(108,80,152,0.3) !important;*background-color: rgb(108,80,152) !important;}\u00a0\u00bb]\n<h4>Pas d&rsquo;inscription n\u00e9cessaire<\/h4>\n<h4>Organisation<\/h4>\n<p>Organis\u00e9 par la Facult\u00e9 des Sciences de l&rsquo;Universit\u00e9 libre de Bruxelles<br \/>\nUn spectacle imagin\u00e9 par l&rsquo;Exp\u00e9rimentarium de Physique\u00a0de l&rsquo;ULB<\/p>\n<p>&nbsp;<\/p>\n<p>&nbsp;<\/p>\n<p>&nbsp;<\/p>\n<p>&nbsp;<\/p>\n<p>&nbsp;<\/p>\n<p>&nbsp;<\/p>\n<p>&nbsp;<\/p>\n<p>&nbsp;<\/p>\n<p>&nbsp;<\/p>\n<p>&nbsp;<\/p>\n<p>&nbsp;<\/p>\n<p>&nbsp;<\/p>\n[\/vc_column_text][\/vc_column][\/vc_row]\n<\/div>","protected":false},"excerpt":{"rendered":"<p>[vc_row full_width=\u00a0\u00bbtrue\u00a0\u00bb margin_top=\u00a0\u00bb-50&Prime; margin_bottom=\u00a0\u00bb0&Prime; bg_type=\u00a0\u00bbimage\u00a0\u00bb parallax_style=\u00a0\u00bbvcpb-default\u00a0\u00bb bg_image_new=\u00a0\u00bb1113&Prime; bg_image_repeat=\u00a0\u00bbno-repeat\u00a0\u00bb bg_image_posiiton=\u00a0\u00bb50% 50%\u00a0\u00bb min_height=\u00a0\u00bb200&Prime;][vc_column][vc_row_inner][vc_column_inner width=\u00a0\u00bb1\/4&Prime;][vc_column_text el_class=\u00a0\u00bbtype\u00a0\u00bb css=\u00a0\u00bb.vc_custom_1457528611356{margin-top: 20px !important;padding-top: 10px !important;padding-right: 10px !important;padding-bottom: 10px !important;padding-left: 60px !important;background-color: #6c5098 !important;}\u00a0\u00bb]Spectacle [\/vc_column_text][\/vc_column_inner][vc_column_inner width=\u00a0\u00bb1\/4&Prime;] [\/vc_column_inner][vc_column_inner width=\u00a0\u00bb1\/4&Prime;] [\/vc_column_inner][vc_column_inner width=\u00a0\u00bb1\/4&Prime;] [\/vc_column_inner][\/vc_row_inner][vc_column_text el_class=\u00a0\u00bbtype\u00a0\u00bb css=\u00a0\u00bb.vc_custom_1457533180855{padding-top: 20px !important;padding-right: 60px !important;padding-left: 60px !important;}\u00a0\u00bb] D\u00e9monstrations d&rsquo;\u00e9lectromagn\u00e9tisme [\/vc_column_text][\/vc_column][\/vc_row][vc_row full_width=\u00a0\u00bbtrue\u00a0\u00bb margin_top=\u00a0\u00bb0&Prime; margin_bottom=\u00a0\u00bb0&Prime; bg_type=\u00a0\u00bbbg_color\u00a0\u00bb bg_color_value=\u00a0\u00bb#6c5098&Prime; el_class=\u00a0\u00bbblanc\u00a0\u00bb][vc_column width=\u00a0\u00bb1\/12&Prime;][vc_icon icon_fontawesome=\u00a0\u00bbfa fa-calendar\u00a0\u00bb color=\u00a0\u00bbwhite\u00a0\u00bb size=\u00a0\u00bbsm\u00a0\u00bb&hellip;<\/p>\n","protected":false},"author":1,"featured_media":0,"parent":1243,"menu_order":0,"comment_status":"closed","ping_status":"closed","template":"","meta":{"footnotes":""},"class_list":["post-1111","page","type-page","status-publish","hentry","description-off"],"_links":{"self":[{"href":"https:\/\/sciences.brussels\/printemps\/wp-json\/wp\/v2\/pages\/1111"}],"collection":[{"href":"https:\/\/sciences.brussels\/printemps\/wp-json\/wp\/v2\/pages"}],"about":[{"href":"https:\/\/sciences.brussels\/printemps\/wp-json\/wp\/v2\/types\/page"}],"author":[{"embeddable":true,"href":"https:\/\/sciences.brussels\/printemps\/wp-json\/wp\/v2\/users\/1"}],"replies":[{"embeddable":true,"href":"https:\/\/sciences.brussels\/printemps\/wp-json\/wp\/v2\/comments?post=1111"}],"version-history":[{"count":0,"href":"https:\/\/sciences.brussels\/printemps\/wp-json\/wp\/v2\/pages\/1111\/revisions"}],"up":[{"embeddable":true,"href":"https:\/\/sciences.brussels\/printemps\/wp-json\/wp\/v2\/pages\/1243"}],"wp:attachment":[{"href":"https:\/\/sciences.brussels\/printemps\/wp-json\/wp\/v2\/media?parent=1111"}],"curies":[{"name":"wp","href":"https:\/\/api.w.org\/{rel}","templated":true}]}}