{"id":1098,"date":"2016-03-09T14:07:16","date_gmt":"2016-03-09T13:07:16","guid":{"rendered":"https:\/\/sciences.brussels\/printemps\/?page_id=1098"},"modified":"2016-06-02T16:14:27","modified_gmt":"2016-06-02T15:14:27","slug":"chimistes-se-mettent-a-table","status":"publish","type":"page","link":"https:\/\/sciences.brussels\/printemps\/chimistes-se-mettent-a-table\/","title":{"rendered":"Les chimistes se mettent \u00e0 table !"},"content":{"rendered":"<div class=\"wpb-content-wrapper\">[vc_row full_width=\u00a0\u00bbtrue\u00a0\u00bb margin_top=\u00a0\u00bb-50&Prime; margin_bottom=\u00a0\u00bb0&Prime; bg_type=\u00a0\u00bbimage\u00a0\u00bb parallax_style=\u00a0\u00bbvcpb-default\u00a0\u00bb bg_image_new=\u00a0\u00bb1102&Prime; bg_image_repeat=\u00a0\u00bbno-repeat\u00a0\u00bb bg_image_posiiton=\u00a0\u00bb50% 50%\u00a0\u00bb min_height=\u00a0\u00bb200&Prime;][vc_column][vc_row_inner][vc_column_inner width=\u00a0\u00bb1\/4&Prime;][vc_column_text el_class=\u00a0\u00bbtype\u00a0\u00bb css=\u00a0\u00bb.vc_custom_1457528611356{margin-top: 20px !important;padding-top: 10px !important;padding-right: 10px !important;padding-bottom: 10px !important;padding-left: 60px !important;background-color: #6c5098 !important;}\u00a0\u00bb]Spectacle<\/p>\n[\/vc_column_text][\/vc_column_inner][vc_column_inner width=\u00a0\u00bb1\/4&Prime;][vc_column_text]\n[\/vc_column_text][\/vc_column_inner][vc_column_inner width=\u00a0\u00bb1\/4&Prime;][vc_column_text]\n[\/vc_column_text][\/vc_column_inner][vc_column_inner width=\u00a0\u00bb1\/4&Prime;][vc_column_text]\n[\/vc_column_text][\/vc_column_inner][\/vc_row_inner][vc_column_text el_class=\u00a0\u00bbtype\u00a0\u00bb css=\u00a0\u00bb.vc_custom_1457528724676{padding-top: 20px !important;padding-right: 60px !important;padding-left: 60px !important;}\u00a0\u00bb]Les chimistes se mettent \u00e0 table !<\/p>\n[\/vc_column_text][\/vc_column][\/vc_row][vc_row full_width=\u00a0\u00bbtrue\u00a0\u00bb margin_top=\u00a0\u00bb0&Prime; margin_bottom=\u00a0\u00bb0&Prime; bg_type=\u00a0\u00bbbg_color\u00a0\u00bb bg_color_value=\u00a0\u00bb#6c5098&Prime; el_class=\u00a0\u00bbblanc\u00a0\u00bb][vc_column width=\u00a0\u00bb1\/12&Prime;][vc_icon icon_fontawesome=\u00a0\u00bbfa fa-calendar\u00a0\u00bb color=\u00a0\u00bbwhite\u00a0\u00bb size=\u00a0\u00bbsm\u00a0\u00bb align=\u00a0\u00bbright\u00a0\u00bb css_animation=\u00a0\u00bbbottom-to-top\u00a0\u00bb][\/vc_column][vc_column width=\u00a0\u00bb1\/4&Prime;][vc_column_text css=\u00a0\u00bb.vc_custom_1457528745353{padding-top: 15px !important;padding-bottom: 15px !important;}\u00a0\u00bb el_class=\u00a0\u00bbblanco\u00a0\u00bb]Dimanche 20 mars \u00e0 15h30<\/p>\n[\/vc_column_text][\/vc_column][vc_column width=\u00a0\u00bb1\/12&Prime;][vc_icon icon_fontawesome=\u00a0\u00bbfa fa-map-marker\u00a0\u00bb color=\u00a0\u00bbwhite\u00a0\u00bb size=\u00a0\u00bbsm\u00a0\u00bb align=\u00a0\u00bbright\u00a0\u00bb css_animation=\u00a0\u00bbbottom-to-top\u00a0\u00bb][\/vc_column][vc_column width=\u00a0\u00bb1\/4&Prime;][vc_column_text css=\u00a0\u00bb.vc_custom_1456306443423{padding-top: 15px !important;padding-bottom: 15px !important;}\u00a0\u00bb el_class=\u00a0\u00bbblanco\u00a0\u00bb]ULB Campus du Solbosch<br \/>\nB\u00e2timent\u00a0S &#8211; Salle Dupr\u00e9el[\/vc_column_text][\/vc_column][vc_column width=\u00a0\u00bb1\/12&Prime;][vc_icon icon_fontawesome=\u00a0\u00bbfa fa-users\u00a0\u00bb color=\u00a0\u00bbwhite\u00a0\u00bb size=\u00a0\u00bbsm\u00a0\u00bb align=\u00a0\u00bbright\u00a0\u00bb css_animation=\u00a0\u00bbbottom-to-top\u00a0\u00bb][\/vc_column][vc_column width=\u00a0\u00bb1\/4&Prime;][vc_column_text css=\u00a0\u00bb.vc_custom_1457528765462{padding-top: 15px !important;padding-bottom: 15px !important;}\u00a0\u00bb el_class=\u00a0\u00bbblanco\u00a0\u00bb]Familles (10 ans et plus)<\/p>\n[\/vc_column_text][\/vc_column][\/vc_row][vc_row full_width=\u00a0\u00bbtrue\u00a0\u00bb margin_top=\u00a0\u00bb-20&Prime; margin_bottom=\u00a0\u00bb0&Prime;][vc_column width=\u00a0\u00bb2\/3&Prime;][vc_column_text css=\u00a0\u00bb.vc_custom_1464880295864{margin-left: 60px !important;padding-top: 30px !important;padding-right: 40px !important;padding-bottom: 30px !important;}\u00a0\u00bb]Les exp\u00e9riences de chimie ne sont pas\u00a0r\u00e9serv\u00e9es aux seuls chimistes et autres\u00a0scientifiques. Le pr\u00e9sent spectacle qui\u00a0s\u2019attaque avec humour \u00e0 la r\u00e9alisation d\u2019une\u00a0pi\u00e8ce mont\u00e9e illustrera comment la chimie\u00a0intervient dans notre alimentation et dans la\u00a0gastronomie, qu\u2019elle soit dite mol\u00e9culaire ou\u00a0non. Un g\u00e2teau qui \u00ab monte \u00bb et qui cuit,\u00a0des aliments transform\u00e9s en mousse ou qui\u00a0changent de couleur, voil\u00e0 des r\u00e9actions qui\u00a0passent du laboratoire \u00e0 la cuisine\u00a0![\/vc_column_text][vc_media_grid style=\u00a0\u00bbload-more\u00a0\u00bb items_per_page=\u00a0\u00bb6&Prime; element_width=\u00a0\u00bb2&Prime; gap=\u00a0\u00bb10&Prime; btn_title=\u00a0\u00bbVoir plus de photos\u00a0\u00bb btn_i_icon_fontawesome=\u00a0\u00bbfa fa-plus-circle\u00a0\u00bb grid_id=\u00a0\u00bbvc_gid:1464880435046-bdb3deb1-6c5f-1&Prime; include=\u00a0\u00bb1377,1371,1370,1357,1358,1361,1362,1363,1364,1365,1352,1338,1346&Prime; btn_add_icon=\u00a0\u00bbtrue\u00a0\u00bb css=\u00a0\u00bb.vc_custom_1464880408300{margin-right: 60px !important;margin-left: 60px !important;}\u00a0\u00bb btn_smooth_scroll=\u00a0\u00bbtrue\u00a0\u00bb][vc_row_inner css=\u00a0\u00bb.vc_custom_1464880307581{margin-left: 60px !important;}\u00a0\u00bb][vc_column_inner width=\u00a0\u00bb1\/4&Prime;][vc_column_text]\n[\/vc_column_text][\/vc_column_inner][vc_column_inner width=\u00a0\u00bb1\/4&Prime;][vc_column_text]<a class=\"dt-single-image\" href=\"https:\/\/sciences.brussels\/printemps\/wp-content\/uploads\/sites\/2\/2015\/12\/ulb3lg.png\" rel=\"attachment wp-att-376\" data-dt-img-description=\"\"><img loading=\"lazy\" decoding=\"async\" class=\"alignnone size-full wp-image-376\" src=\"https:\/\/sciences.brussels\/printemps\/wp-content\/uploads\/sites\/2\/2015\/12\/ulb3lg.png\" alt=\"ulb3lg\" width=\"1000\" height=\"1000\" srcset=\"https:\/\/sciences.brussels\/printemps\/wp-content\/uploads\/sites\/2\/2015\/12\/ulb3lg.png 1000w, https:\/\/sciences.brussels\/printemps\/wp-content\/uploads\/sites\/2\/2015\/12\/ulb3lg-150x150.png 150w, https:\/\/sciences.brussels\/printemps\/wp-content\/uploads\/sites\/2\/2015\/12\/ulb3lg-300x300.png 300w, https:\/\/sciences.brussels\/printemps\/wp-content\/uploads\/sites\/2\/2015\/12\/ulb3lg-768x768.png 768w, https:\/\/sciences.brussels\/printemps\/wp-content\/uploads\/sites\/2\/2015\/12\/ulb3lg-80x80.png 80w\" sizes=\"auto, (max-width: 1000px) 100vw, 1000px\" \/><\/a><\/p>\n[\/vc_column_text][\/vc_column_inner][vc_column_inner width=\u00a0\u00bb1\/4&Prime;][vc_column_text]<a class=\"dt-single-image\" href=\"https:\/\/sciences.brussels\/printemps\/wp-content\/uploads\/sites\/2\/2015\/12\/sciences.png\" rel=\"attachment wp-att-375\" data-dt-img-description=\"\"><img loading=\"lazy\" decoding=\"async\" class=\"alignnone size-full wp-image-375\" src=\"https:\/\/sciences.brussels\/printemps\/wp-content\/uploads\/sites\/2\/2015\/12\/sciences.png\" alt=\"sciences\" width=\"1000\" height=\"1000\" srcset=\"https:\/\/sciences.brussels\/printemps\/wp-content\/uploads\/sites\/2\/2015\/12\/sciences.png 1000w, https:\/\/sciences.brussels\/printemps\/wp-content\/uploads\/sites\/2\/2015\/12\/sciences-150x150.png 150w, https:\/\/sciences.brussels\/printemps\/wp-content\/uploads\/sites\/2\/2015\/12\/sciences-300x300.png 300w, https:\/\/sciences.brussels\/printemps\/wp-content\/uploads\/sites\/2\/2015\/12\/sciences-768x768.png 768w, https:\/\/sciences.brussels\/printemps\/wp-content\/uploads\/sites\/2\/2015\/12\/sciences-80x80.png 80w\" sizes=\"auto, (max-width: 1000px) 100vw, 1000px\" \/><\/a><\/p>\n[\/vc_column_text][\/vc_column_inner][vc_column_inner width=\u00a0\u00bb1\/4&Prime;][vc_column_text]\n[\/vc_column_text][\/vc_column_inner][\/vc_row_inner][\/vc_column][vc_column width=\u00a0\u00bb1\/3&Prime;][vc_column_text css_animation=\u00a0\u00bbfadeIn\u00a0\u00bb css=\u00a0\u00bb.vc_custom_1457530577534{padding-top: 30px !important;padding-right: 60px !important;padding-bottom: 25px !important;padding-left: 15px !important;background-color: rgba(108,80,152,0.3) !important;*background-color: rgb(108,80,152) !important;}\u00a0\u00bb]\n<h4>Organisation<\/h4>\n<p>Organis\u00e9 par la Facult\u00e9 des Sciences de l&rsquo;Universit\u00e9 libre de Bruxelles<br \/>\nUn spectacle imagin\u00e9 par l&rsquo;Exp\u00e9rimentarium de Chimie de l&rsquo;ULB<\/p>\n<p>&nbsp;<\/p>\n<p>&nbsp;<\/p>\n<p>&nbsp;<\/p>\n<p>&nbsp;<\/p>\n<p>&nbsp;<\/p>\n[\/vc_column_text][\/vc_column][\/vc_row][vc_row full_width=\u00a0\u00bbtrue\u00a0\u00bb margin_top=\u00a0\u00bb0&Prime; margin_bottom=\u00a0\u00bb-50&Prime;][vc_column]<div id='wrap_map_69e212f1e929b' class='ultimate-map-wrapper ult-adjust-bottom-margin ' style=' height:300px;'><div id='map_69e212f1e929b' data-map_override='full' class='ultimate_google_map wpb_content_element 0' style='width:100%;height:300px;'><\/div><\/div><script type='text\/javascript'>\n\t\t\t(function($) {\n  \t\t\t'use strict';\n\t\t\tvar map_map_69e212f1e929b = null;\n\t\t\tvar coordinate_map_69e212f1e929b;\n\t\t\tvar isDraggable = $(document).width() > 641 ? 'true' : 'true';\n\t\t\ttry\n\t\t\t{\n\t\t\t\tvar map_map_69e212f1e929b = null;\n\t\t\t\tvar coordinate_map_69e212f1e929b;\n\t\t\t\tcoordinate_map_69e212f1e929b = new google.maps.LatLng(50.81455, 4.38032);\n\t\t\t\tvar mapOptions=\n\t\t\t\t{\n\t\t\t\t\tzoom: 17,\n\t\t\t\t\tcenter: coordinate_map_69e212f1e929b,\n\t\t\t\t\tscaleControl: true,\n\t\t\t\t\tstreetViewControl: false,\n\t\t\t\t\tmapTypeControl: false,\n\t\t\t\t\tpanControl: false,\n\t\t\t\t\tzoomControl: false,\n\t\t\t\t\tscrollwheel: true,\n\t\t\t\t\tdraggable: isDraggable,\n\t\t\t\t\tzoomControlOptions: {\n\t\t\t\t\t\tposition: google.maps.ControlPosition.right_bottom\n\t\t\t\t\t},mapTypeId: google.maps.MapTypeId.hybrid,};var map_map_69e212f1e929b = new google.maps.Map(document.getElementById('map_69e212f1e929b'),mapOptions);\n\t\t\t\t\t\tvar x = 'infowindow_open_value';\n\t\t\t\t\t\tvar marker_map_69e212f1e929b = new google.maps.Marker({\n\t\t\t\t\t\tposition: new google.maps.LatLng('50.81455', '4.38032'),\n\t\t\t\t\t\tanimation:  google.maps.Animation.DROP,\n\t\t\t\t\t\tmap: map_map_69e212f1e929b,\n\t\t\t\t\t\ticon: ''\n\t\t\t\t\t});\tgoogle.maps.event.addListener(marker_map_69e212f1e929b, 'click', toggleBounce);var infowindow = new google.maps.InfoWindow();\n\t\t\t\t\t\t\tinfowindow.setContent('<div class=\"map_info_text\" style=\\'color:#000;\\'>ULB Campus du Solbosch<br \/> B\u00e2timent K<\/div>');google.maps.event.addListener(marker_map_69e212f1e929b, 'click', function() {\n\t\t\t\t\t\t\t\tinfowindow.open(map_map_69e212f1e929b,marker_map_69e212f1e929b);\n\t\t\t\t\t\t  \t});}\n\t\t\tcatch(e){};\n\t\t\tjQuery(document).ready(function($){\n\t\t\t\tgoogle.maps.event.trigger(map_map_69e212f1e929b, 'resize');\n\t\t\t\t$(window).on('resize', function(){\n\t\t\t\t\tgoogle.maps.event.trigger(map_map_69e212f1e929b, 'resize');\n\t\t\t\t\tif(map_map_69e212f1e929b!=null)\n\t\t\t\t\t\tmap_map_69e212f1e929b.setCenter(coordinate_map_69e212f1e929b);\n\t\t\t\t});\n\t\t\t\t$('.ui-tabs').on('tabsactivate', function(event, ui) {\n\t\t\t\t   if($(this).find('.ultimate-map-wrapper').length > 0)\n\t\t\t\t\t{\n\t\t\t\t\t\tsetTimeout(function(){\n\t\t\t\t\t\t\t$(window).trigger('resize');\n\t\t\t\t\t\t},200);\n\t\t\t\t\t}\n\t\t\t\t});\n\t\t\t\t$('.ui-accordion').on('accordionactivate', function(event, ui) {\n\t\t\t\t   if($(this).find('.ultimate-map-wrapper').length > 0)\n\t\t\t\t\t{\n\t\t\t\t\t\tsetTimeout(function(){\n\t\t\t\t\t\t\t$(window).trigger('resize');\n\t\t\t\t\t\t},200);\n\t\t\t\t\t}\n\t\t\t\t});\n\t\t\t\t$(window).on('load',function(){\n\t\t\t\t\tsetTimeout(function(){\n\t\t\t\t\t\t$(window).trigger('resize');\n\t\t\t\t\t},200);\n\t\t\t\t});\n\t\t\t\t$('.ult_exp_section').on('select', function(){\n\t\t\t\t\tif($(map_map_69e212f1e929b).parents('.ult_exp_section'))\n\t\t\t\t\t{\n\t\t\t\t\t\tsetTimeout(function(){\n\t\t\t\t\t\t\t$(window).trigger('resize');\n\t\t\t\t\t\t},200);\n\t\t\t\t\t}\n\t\t\t\t});\n\t\t\t\t$(document).on('onUVCModalPopupOpen', function(){\n\t\t\t\t\tif($(map_map_69e212f1e929b).parents('.ult_modal-content'))\n\t\t\t\t\t{\n\t\t\t\t\t\tsetTimeout(function(){\n\t\t\t\t\t\t\t$(window).trigger('resize');\n\t\t\t\t\t\t},200);\n\t\t\t\t\t}\n\t\t\t\t});\n\t\t\t\t$(document).on('click','.ult_tab_li',function(){\n\t\t\t\t\t$(window).trigger('resize');\n\t\t\t\t\tsetTimeout(function(){\n\t\t\t\t\t\t$(window).trigger('resize');\n\t\t\t\t\t},200);\n\t\t\t\t});\n\t\t\t});\n\t\t\tfunction toggleBounce() {\n\t\t\t  if (marker_map_69e212f1e929b.getAnimation() != null) {\n\t\t\t\tmarker_map_69e212f1e929b.setAnimation(null);\n\t\t\t  } else {\n\t\t\t\tmarker_map_69e212f1e929b.setAnimation(google.maps.Animation.BOUNCE);\n\t\t\t  }\n\t\t\t}\n\t\t\t})(jQuery);\n\t\t\t<\/script>[\/vc_column][\/vc_row]\n<\/div>","protected":false},"excerpt":{"rendered":"<p>[vc_row full_width=\u00a0\u00bbtrue\u00a0\u00bb margin_top=\u00a0\u00bb-50&Prime; margin_bottom=\u00a0\u00bb0&Prime; bg_type=\u00a0\u00bbimage\u00a0\u00bb parallax_style=\u00a0\u00bbvcpb-default\u00a0\u00bb bg_image_new=\u00a0\u00bb1102&Prime; bg_image_repeat=\u00a0\u00bbno-repeat\u00a0\u00bb bg_image_posiiton=\u00a0\u00bb50% 50%\u00a0\u00bb min_height=\u00a0\u00bb200&Prime;][vc_column][vc_row_inner][vc_column_inner width=\u00a0\u00bb1\/4&Prime;][vc_column_text el_class=\u00a0\u00bbtype\u00a0\u00bb css=\u00a0\u00bb.vc_custom_1457528611356{margin-top: 20px !important;padding-top: 10px !important;padding-right: 10px !important;padding-bottom: 10px !important;padding-left: 60px !important;background-color: #6c5098 !important;}\u00a0\u00bb]Spectacle [\/vc_column_text][\/vc_column_inner][vc_column_inner width=\u00a0\u00bb1\/4&Prime;][vc_column_text] [\/vc_column_text][\/vc_column_inner][vc_column_inner width=\u00a0\u00bb1\/4&Prime;][vc_column_text] [\/vc_column_text][\/vc_column_inner][vc_column_inner width=\u00a0\u00bb1\/4&Prime;][vc_column_text] [\/vc_column_text][\/vc_column_inner][\/vc_row_inner][vc_column_text el_class=\u00a0\u00bbtype\u00a0\u00bb css=\u00a0\u00bb.vc_custom_1457528724676{padding-top: 20px !important;padding-right: 60px !important;padding-left: 60px !important;}\u00a0\u00bb]Les chimistes se mettent \u00e0 table ! [\/vc_column_text][\/vc_column][\/vc_row][vc_row full_width=\u00a0\u00bbtrue\u00a0\u00bb margin_top=\u00a0\u00bb0&Prime; margin_bottom=\u00a0\u00bb0&Prime; bg_type=\u00a0\u00bbbg_color\u00a0\u00bb bg_color_value=\u00a0\u00bb#6c5098&Prime; el_class=\u00a0\u00bbblanc\u00a0\u00bb][vc_column width=\u00a0\u00bb1\/12&Prime;][vc_icon&hellip;<\/p>\n","protected":false},"author":1,"featured_media":0,"parent":0,"menu_order":0,"comment_status":"closed","ping_status":"closed","template":"","meta":{"footnotes":""},"class_list":["post-1098","page","type-page","status-publish","hentry","description-off"],"_links":{"self":[{"href":"https:\/\/sciences.brussels\/printemps\/wp-json\/wp\/v2\/pages\/1098"}],"collection":[{"href":"https:\/\/sciences.brussels\/printemps\/wp-json\/wp\/v2\/pages"}],"about":[{"href":"https:\/\/sciences.brussels\/printemps\/wp-json\/wp\/v2\/types\/page"}],"author":[{"embeddable":true,"href":"https:\/\/sciences.brussels\/printemps\/wp-json\/wp\/v2\/users\/1"}],"replies":[{"embeddable":true,"href":"https:\/\/sciences.brussels\/printemps\/wp-json\/wp\/v2\/comments?post=1098"}],"version-history":[{"count":0,"href":"https:\/\/sciences.brussels\/printemps\/wp-json\/wp\/v2\/pages\/1098\/revisions"}],"wp:attachment":[{"href":"https:\/\/sciences.brussels\/printemps\/wp-json\/wp\/v2\/media?parent=1098"}],"curies":[{"name":"wp","href":"https:\/\/api.w.org\/{rel}","templated":true}]}}